{"id":122,"date":"2016-10-27T19:34:33","date_gmt":"2016-10-27T16:34:33","guid":{"rendered":"http:\/\/www.horizont.fi\/?page_id=122"},"modified":"2018-09-16T10:12:49","modified_gmt":"2018-09-16T07:12:49","slug":"palvelumme","status":"publish","type":"page","link":"https:\/\/www.horizont.fi\/en\/palvelumme\/","title":{"rendered":"OUR SERVICE"},"content":{"rendered":"<div id=\"pl-122\" class=\"panel-layout\">\n<div id=\"pg-122-0\" class=\"panel-grid panel-no-style\" data-style=\"{&quot;background_display&quot;:&quot;tile&quot;}\">\n<div id=\"pgc-122-0-0\" class=\"panel-grid-cell\" data-weight=\"0.738063561636\">\n<div id=\"panel-122-0-0-0\" class=\"so-panel widget widget_sow-editor panel-first-child panel-last-child\" data-index=\"0\" data-style=\"{&quot;background&quot;:&quot;#ffffff&quot;,&quot;background_display&quot;:&quot;parallax&quot;,&quot;link_color&quot;:&quot;#81d742&quot;}\">\n<div class=\"panel-widget-style panel-widget-style-for-122-0-0-0\">\n<div class=\"so-widget-sow-editor so-widget-sow-editor-base\">\n<div class=\"siteorigin-widget-tinymce textwidget\">\n<h1>KUN TARVITSET ILMAKUVAUSTA, ME PALVELEMME<\/h1>\n<p><span style=\"color: #000000;\">Me Horizont -ilmakuvaajat olemme kokeneita kauko-ohjattavien kamerakopterien lent\u00e4ji\u00e4. Me eri puolilla Suomea asuvat ilmakuvaamisen ammattilaiset olemme koonneet tarjontamme yhteen paikkaan, jotta sin\u00e4 voisit l\u00f6yt\u00e4\u00e4 mahdollisimman helposti ilmakuvauksen toteuttajat ja palvelut.<\/span><\/p>\n<h2>Kiinteist\u00f6j\u00e4, maastokohteita, yleis\u00f6tilaisuuksia ja teknisi\u00e4 kohteita<\/h2>\n<p>Otamme ilmakuvia kauko-ohjattavalla kalustolla (helikopteri+kamera). Kalustomme tuottaa\u00a0valokuvia joiden laatu t\u00e4ytt\u00e4\u00e4 vaativimpienkin painot\u00f6iden ja webjulkaisujen kriteerit. Kuvien tarkkuus riitt\u00e4\u00e4 isoihinkin tulosteisiin. Hiljaisella ja tarkasti lennett\u00e4v\u00e4ll\u00e4 kalustollamme p\u00e4\u00e4semme tarvittaessa hyvinkin ahtaisiin ja hankaliin paikkoihin. Kuvauskorkeus vaihtelee tarpeen mukaan 2m-150m korkeudella.<\/p>\n<p>Kuvaamme kaikkea taivaan ja maan v\u00e4lilt\u00e4, mm. kiinteist\u00f6j\u00e4, maastokohteita, yleis\u00f6tilaisuuksia, teknisi\u00e4 kohteita ja\u00a0yrityskohteita. Toimitamme kuvat asiakkaan tarpeen mukaan joko digitaalisessa muodossa tai tulostettuna esimerkiksi\u00a0tauluna tai korttina.<\/p>\n<p style=\"text-align: center;\"><a class=\"maxbutton-112 maxbutton maxbutton-general-button\" target=\"_blank\" rel=\"noopener\" href=\"https:\/\/www.facebook.com\/Horizont.Aerial.Photographers\"><span class='mb-text'>SEURAA FACEBOOKIAMME<\/span><\/a><\/p>\n<p>Toimintamme ehdoton l\u00e4ht\u00f6kohta on turvallisuus \u2013 valitsemme lentoreitin aina niin ettei ihmisille tai omaisuudelle aiheudu vaaraa mahdollisessa kopterin vikaantumistilanteessa. Noudatamme tarkasti kaikkia viranomaisten ja muiden tahojen lent\u00e4miselle asettamia s\u00e4\u00e4nt\u00f6j\u00e4. Myynniss\u00e4 olevat kuvat ovat julkisista kohteista joista\u00a0kuvien julkaisu on vapaata. Kuvia ottaessamme huomioimme yksityisyydensuojan.<\/p>\n<p><img decoding=\"async\" loading=\"lazy\" class=\"aligncenter wp-image-1158 size-medium\" src=\"http:\/\/www.horizont.fi\/horizont\/wp-content\/uploads\/2016\/11\/YuneecH-300x227.jpg\" alt=\"drone-ilmakuvaus\" width=\"300\" height=\"227\" srcset=\"https:\/\/www.horizont.fi\/horizont\/wp-content\/uploads\/2016\/11\/YuneecH-300x227.jpg 300w, https:\/\/www.horizont.fi\/horizont\/wp-content\/uploads\/2016\/11\/YuneecH-1600x1210.jpg 1600w, https:\/\/www.horizont.fi\/horizont\/wp-content\/uploads\/2016\/11\/YuneecH-768x581.jpg 768w, https:\/\/www.horizont.fi\/horizont\/wp-content\/uploads\/2016\/11\/YuneecH-1024x774.jpg 1024w, https:\/\/www.horizont.fi\/horizont\/wp-content\/uploads\/2016\/11\/YuneecH.jpg 1742w\" sizes=\"(max-width: 300px) 100vw, 300px\" \/><\/p>\n<h3>Nykyaikainen kalusto<\/h3>\n<p>Nykyaikaisen ja kevyen kaluston sek\u00e4 pienten kustannustemme turvin pystymme tarjoamaan ilmakuvia totuttua edullisemmin. Ota yhteytt\u00e4 l\u00e4himp\u00e4n\u00e4 omaa kuvauskohdettasi\u00a0sijaitsevaan kuvaajaan\u00a0ja pyyd\u00e4 h\u00e4nelt\u00e4\u00a0tarjous. Oli tarpeesi sitten yksi kuva tai kokonainen videoprojekti, niin meilt\u00e4 saat toteutuksen luotettavasti ja kustannustehokkaasti.<\/p>\n<p style=\"text-align: center;\"><a class=\"maxbutton-112 maxbutton maxbutton-general-button\" target=\"_blank\" rel=\"noopener\" href=\"http:\/\/www.horizont.fi\/en\/tilaa-kuvaus\/\"><span class='mb-text'>ASK QUOTATION<\/span><\/a><\/p>\n<\/div>\n<\/div>\n<\/div>\n<\/div>\n<\/div>\n<\/div>\n<\/div>","protected":false},"excerpt":{"rendered":"<p>KUN TARVITSET ILMAKUVAUSTA, ME PALVELEMME Me Horizont -ilmakuvaajat olemme kokeneita kauko-ohjattavien kamerakopterien lent\u00e4ji\u00e4. Me eri puolilla Suomea asuvat ilmakuvaamisen ammattilaiset olemme koonneet tarjontamme yhteen paikkaan, jotta sin\u00e4 voisit l\u00f6yt\u00e4\u00e4 mahdollisimman helposti ilmakuvauksen toteuttajat ja palvelut. Kiinteist\u00f6j\u00e4, maastokohteita, yleis\u00f6tilaisuuksia ja teknisi\u00e4 kohteita Otamme ilmakuvia kauko-ohjattavalla kalustolla (helikopteri+kamera). Kalustomme tuottaa\u00a0valokuvia joiden laatu t\u00e4ytt\u00e4\u00e4 vaativimpienkin painot\u00f6iden ja webjulkaisujen [&hellip;]<\/p>","protected":false},"author":18,"featured_media":8953,"parent":0,"menu_order":1,"comment_status":"closed","ping_status":"closed","template":"page-templates\/no-sidebar.php","meta":{"_monsterinsights_skip_tracking":false,"_monsterinsights_sitenote_active":false,"_monsterinsights_sitenote_note":"","_monsterinsights_sitenote_category":0,"footnotes":""},"yoast_head":"<!-- This site is optimized with the Yoast SEO plugin v22.6 - https:\/\/yoast.com\/wordpress\/plugins\/seo\/ -->\n<title>Horizont-ilmakuvaajat | Horizont<\/title>\n<meta name=\"description\" content=\"Olemme joukko kokeneita ilmakuvaajia. Toteutamme ilmakuvaukset kustannustehokkaasti, on kyseess\u00e4 sitten yksitt\u00e4inen kuva tai kokonainen ilmakuvausprojekti.\" \/>\n<meta name=\"robots\" content=\"index, follow, max-snippet:-1, max-image-preview:large, max-video-preview:-1\" \/>\n<link rel=\"canonical\" href=\"https:\/\/www.horizont.fi\/en\/palvelumme\/\" \/>\n<meta property=\"og:locale\" content=\"en_GB\" \/>\n<meta property=\"og:type\" content=\"article\" \/>\n<meta property=\"og:title\" content=\"Horizont-ilmakuvaajat | Horizont\" \/>\n<meta property=\"og:description\" content=\"Olemme joukko kokeneita ilmakuvaajia. Toteutamme ilmakuvaukset kustannustehokkaasti, on kyseess\u00e4 sitten yksitt\u00e4inen kuva tai kokonainen ilmakuvausprojekti.\" \/>\n<meta property=\"og:url\" content=\"https:\/\/www.horizont.fi\/en\/palvelumme\/\" \/>\n<meta property=\"og:site_name\" content=\"HORIZONT \u2013 Ilmakuvaus\" \/>\n<meta property=\"article:publisher\" content=\"https:\/\/www.facebook.com\/Horizont.Aerial.Photographers\/\" \/>\n<meta property=\"article:modified_time\" content=\"2018-09-16T07:12:49+00:00\" \/>\n<meta property=\"og:image\" content=\"https:\/\/www.horizont.fi\/horizont\/wp-content\/uploads\/2018\/09\/horizont-ilmakuvaajat.jpg\" \/>\n\t<meta property=\"og:image:width\" content=\"1742\" \/>\n\t<meta property=\"og:image:height\" content=\"1317\" \/>\n\t<meta property=\"og:image:type\" content=\"image\/jpeg\" \/>\n<meta name=\"twitter:card\" content=\"summary_large_image\" \/>\n<meta name=\"twitter:label1\" content=\"Estimated reading time\" \/>\n\t<meta name=\"twitter:data1\" content=\"1 minute\" \/>\n<script type=\"application\/ld+json\" class=\"yoast-schema-graph\">{\"@context\":\"https:\/\/schema.org\",\"@graph\":[{\"@type\":\"WebPage\",\"@id\":\"https:\/\/www.horizont.fi\/palvelumme\/\",\"url\":\"https:\/\/www.horizont.fi\/palvelumme\/\",\"name\":\"Horizont-ilmakuvaajat | Horizont\",\"isPartOf\":{\"@id\":\"https:\/\/www.horizont.fi\/#website\"},\"primaryImageOfPage\":{\"@id\":\"https:\/\/www.horizont.fi\/palvelumme\/#primaryimage\"},\"image\":{\"@id\":\"https:\/\/www.horizont.fi\/palvelumme\/#primaryimage\"},\"thumbnailUrl\":\"https:\/\/www.horizont.fi\/horizont\/wp-content\/uploads\/2018\/09\/Header110.jpg\",\"datePublished\":\"2016-10-27T16:34:33+00:00\",\"dateModified\":\"2018-09-16T07:12:49+00:00\",\"description\":\"Olemme joukko kokeneita ilmakuvaajia. Toteutamme ilmakuvaukset kustannustehokkaasti, on kyseess\u00e4 sitten yksitt\u00e4inen kuva tai kokonainen ilmakuvausprojekti.\",\"breadcrumb\":{\"@id\":\"https:\/\/www.horizont.fi\/palvelumme\/#breadcrumb\"},\"inLanguage\":\"en-GB\",\"potentialAction\":[{\"@type\":\"ReadAction\",\"target\":[\"https:\/\/www.horizont.fi\/palvelumme\/\"]}]},{\"@type\":\"ImageObject\",\"inLanguage\":\"en-GB\",\"@id\":\"https:\/\/www.horizont.fi\/palvelumme\/#primaryimage\",\"url\":\"https:\/\/www.horizont.fi\/horizont\/wp-content\/uploads\/2018\/09\/Header110.jpg\",\"contentUrl\":\"https:\/\/www.horizont.fi\/horizont\/wp-content\/uploads\/2018\/09\/Header110.jpg\",\"width\":1749,\"height\":557,\"caption\":\"info-ilmakuvaajat\"},{\"@type\":\"BreadcrumbList\",\"@id\":\"https:\/\/www.horizont.fi\/palvelumme\/#breadcrumb\",\"itemListElement\":[{\"@type\":\"ListItem\",\"position\":1,\"name\":\"Etusivu\",\"item\":\"https:\/\/www.horizont.fi\/\"},{\"@type\":\"ListItem\",\"position\":2,\"name\":\"PALVELUMME\"}]},{\"@type\":\"WebSite\",\"@id\":\"https:\/\/www.horizont.fi\/#website\",\"url\":\"https:\/\/www.horizont.fi\/\",\"name\":\"HORIZONT \u2013 Ilmakuvaus\",\"description\":\"Lennokkaita kuvia ja videoita\",\"publisher\":{\"@id\":\"https:\/\/www.horizont.fi\/#organization\"},\"potentialAction\":[{\"@type\":\"SearchAction\",\"target\":{\"@type\":\"EntryPoint\",\"urlTemplate\":\"https:\/\/www.horizont.fi\/?s={search_term_string}\"},\"query-input\":\"required name=search_term_string\"}],\"inLanguage\":\"en-GB\"},{\"@type\":\"Organization\",\"@id\":\"https:\/\/www.horizont.fi\/#organization\",\"name\":\"Horizont - Ilmakuvat\",\"url\":\"https:\/\/www.horizont.fi\/\",\"logo\":{\"@type\":\"ImageObject\",\"inLanguage\":\"en-GB\",\"@id\":\"https:\/\/www.horizont.fi\/#\/schema\/logo\/image\/\",\"url\":\"https:\/\/www.horizont.fi\/horizont\/wp-content\/uploads\/2017\/02\/cropped-logo-horizont2-150.png\",\"contentUrl\":\"https:\/\/www.horizont.fi\/horizont\/wp-content\/uploads\/2017\/02\/cropped-logo-horizont2-150.png\",\"width\":136,\"height\":122,\"caption\":\"Horizont - Ilmakuvat\"},\"image\":{\"@id\":\"https:\/\/www.horizont.fi\/#\/schema\/logo\/image\/\"},\"sameAs\":[\"https:\/\/www.facebook.com\/Horizont.Aerial.Photographers\/\",\"https:\/\/www.instagram.com\/horizont.fi\/\",\"https:\/\/www.youtube.com\/channel\/UC_1M_GpRMYCa9dlvKBQdy-g\"]}]}<\/script>\n<!-- \/ Yoast SEO plugin. -->","yoast_head_json":{"title":"Horizont-ilmakuvaajat | Horizont","description":"Olemme joukko kokeneita ilmakuvaajia. Toteutamme ilmakuvaukset kustannustehokkaasti, on kyseess\u00e4 sitten yksitt\u00e4inen kuva tai kokonainen ilmakuvausprojekti.","robots":{"index":"index","follow":"follow","max-snippet":"max-snippet:-1","max-image-preview":"max-image-preview:large","max-video-preview":"max-video-preview:-1"},"canonical":"https:\/\/www.horizont.fi\/en\/palvelumme\/","og_locale":"en_GB","og_type":"article","og_title":"Horizont-ilmakuvaajat | Horizont","og_description":"Olemme joukko kokeneita ilmakuvaajia. Toteutamme ilmakuvaukset kustannustehokkaasti, on kyseess\u00e4 sitten yksitt\u00e4inen kuva tai kokonainen ilmakuvausprojekti.","og_url":"https:\/\/www.horizont.fi\/en\/palvelumme\/","og_site_name":"HORIZONT \u2013 Ilmakuvaus","article_publisher":"https:\/\/www.facebook.com\/Horizont.Aerial.Photographers\/","article_modified_time":"2018-09-16T07:12:49+00:00","og_image":[{"width":1742,"height":1317,"url":"https:\/\/www.horizont.fi\/horizont\/wp-content\/uploads\/2018\/09\/horizont-ilmakuvaajat.jpg","type":"image\/jpeg"}],"twitter_card":"summary_large_image","twitter_misc":{"Estimated reading time":"1 minute"},"schema":{"@context":"https:\/\/schema.org","@graph":[{"@type":"WebPage","@id":"https:\/\/www.horizont.fi\/palvelumme\/","url":"https:\/\/www.horizont.fi\/palvelumme\/","name":"Horizont-ilmakuvaajat | Horizont","isPartOf":{"@id":"https:\/\/www.horizont.fi\/#website"},"primaryImageOfPage":{"@id":"https:\/\/www.horizont.fi\/palvelumme\/#primaryimage"},"image":{"@id":"https:\/\/www.horizont.fi\/palvelumme\/#primaryimage"},"thumbnailUrl":"https:\/\/www.horizont.fi\/horizont\/wp-content\/uploads\/2018\/09\/Header110.jpg","datePublished":"2016-10-27T16:34:33+00:00","dateModified":"2018-09-16T07:12:49+00:00","description":"Olemme joukko kokeneita ilmakuvaajia. Toteutamme ilmakuvaukset kustannustehokkaasti, on kyseess\u00e4 sitten yksitt\u00e4inen kuva tai kokonainen ilmakuvausprojekti.","breadcrumb":{"@id":"https:\/\/www.horizont.fi\/palvelumme\/#breadcrumb"},"inLanguage":"en-GB","potentialAction":[{"@type":"ReadAction","target":["https:\/\/www.horizont.fi\/palvelumme\/"]}]},{"@type":"ImageObject","inLanguage":"en-GB","@id":"https:\/\/www.horizont.fi\/palvelumme\/#primaryimage","url":"https:\/\/www.horizont.fi\/horizont\/wp-content\/uploads\/2018\/09\/Header110.jpg","contentUrl":"https:\/\/www.horizont.fi\/horizont\/wp-content\/uploads\/2018\/09\/Header110.jpg","width":1749,"height":557,"caption":"info-ilmakuvaajat"},{"@type":"BreadcrumbList","@id":"https:\/\/www.horizont.fi\/palvelumme\/#breadcrumb","itemListElement":[{"@type":"ListItem","position":1,"name":"Etusivu","item":"https:\/\/www.horizont.fi\/"},{"@type":"ListItem","position":2,"name":"PALVELUMME"}]},{"@type":"WebSite","@id":"https:\/\/www.horizont.fi\/#website","url":"https:\/\/www.horizont.fi\/","name":"HORIZONT \u2013 Ilmakuvaus","description":"Lennokkaita kuvia ja videoita","publisher":{"@id":"https:\/\/www.horizont.fi\/#organization"},"potentialAction":[{"@type":"SearchAction","target":{"@type":"EntryPoint","urlTemplate":"https:\/\/www.horizont.fi\/?s={search_term_string}"},"query-input":"required name=search_term_string"}],"inLanguage":"en-GB"},{"@type":"Organization","@id":"https:\/\/www.horizont.fi\/#organization","name":"Horizont - Ilmakuvat","url":"https:\/\/www.horizont.fi\/","logo":{"@type":"ImageObject","inLanguage":"en-GB","@id":"https:\/\/www.horizont.fi\/#\/schema\/logo\/image\/","url":"https:\/\/www.horizont.fi\/horizont\/wp-content\/uploads\/2017\/02\/cropped-logo-horizont2-150.png","contentUrl":"https:\/\/www.horizont.fi\/horizont\/wp-content\/uploads\/2017\/02\/cropped-logo-horizont2-150.png","width":136,"height":122,"caption":"Horizont - Ilmakuvat"},"image":{"@id":"https:\/\/www.horizont.fi\/#\/schema\/logo\/image\/"},"sameAs":["https:\/\/www.facebook.com\/Horizont.Aerial.Photographers\/","https:\/\/www.instagram.com\/horizont.fi\/","https:\/\/www.youtube.com\/channel\/UC_1M_GpRMYCa9dlvKBQdy-g"]}]}},"_links":{"self":[{"href":"https:\/\/www.horizont.fi\/en\/wp-json\/wp\/v2\/pages\/122"}],"collection":[{"href":"https:\/\/www.horizont.fi\/en\/wp-json\/wp\/v2\/pages"}],"about":[{"href":"https:\/\/www.horizont.fi\/en\/wp-json\/wp\/v2\/types\/page"}],"author":[{"embeddable":true,"href":"https:\/\/www.horizont.fi\/en\/wp-json\/wp\/v2\/users\/18"}],"replies":[{"embeddable":true,"href":"https:\/\/www.horizont.fi\/en\/wp-json\/wp\/v2\/comments?post=122"}],"version-history":[{"count":63,"href":"https:\/\/www.horizont.fi\/en\/wp-json\/wp\/v2\/pages\/122\/revisions"}],"predecessor-version":[{"id":8982,"href":"https:\/\/www.horizont.fi\/en\/wp-json\/wp\/v2\/pages\/122\/revisions\/8982"}],"wp:featuredmedia":[{"embeddable":true,"href":"https:\/\/www.horizont.fi\/en\/wp-json\/wp\/v2\/media\/8953"}],"wp:attachment":[{"href":"https:\/\/www.horizont.fi\/en\/wp-json\/wp\/v2\/media?parent=122"}],"curies":[{"name":"wp","href":"https:\/\/api.w.org\/{rel}","templated":true}]}}