{"id":489,"date":"2016-12-07T20:25:33","date_gmt":"2016-12-07T18:25:33","guid":{"rendered":"http:\/\/www.horizont.fi\/?page_id=489"},"modified":"2023-10-25T19:19:30","modified_gmt":"2023-10-25T16:19:30","slug":"blogi-2","status":"publish","type":"page","link":"https:\/\/www.horizont.fi\/en\/","title":{"rendered":"HORIZONT - aerial photographing"},"content":{"rendered":"<h2><span style=\"color: #ffffff;\">AIR PHOTOS | Professionals in aerial photography<\/span><\/h2>","protected":false},"excerpt":{"rendered":"<p>AIR PHOTOS | Professionals in aerial photography<\/p>","protected":false},"author":18,"featured_media":8695,"parent":0,"menu_order":0,"comment_status":"closed","ping_status":"closed","template":"page-templates\/left-sidebar.php","meta":{"_monsterinsights_skip_tracking":false,"_monsterinsights_sitenote_active":false,"_monsterinsights_sitenote_note":"","_monsterinsights_sitenote_category":0,"footnotes":""},"yoast_head":"<!-- This site is optimized with the Yoast SEO plugin v22.6 - https:\/\/yoast.com\/wordpress\/plugins\/seo\/ -->\n<title>Ilmakuvaus \u2013 Ilmakuvauksen ammattilaiset | Horizont<\/title>\n<meta name=\"description\" content=\"Horizont - Ilmakuvaus | Palvelusta l\u00f6yd\u00e4t kokeneet ilmakuvaajat projektillesi tai voit ostaa kuvapankistamme valmiita ilmakuvia eri kohteista ymp\u00e4ri Suomen.\" \/>\n<meta name=\"robots\" content=\"index, follow, max-snippet:-1, max-image-preview:large, max-video-preview:-1\" \/>\n<link rel=\"canonical\" href=\"https:\/\/www.horizont.fi\/en\/\" \/>\n<meta property=\"og:locale\" content=\"en_GB\" \/>\n<meta property=\"og:type\" content=\"article\" \/>\n<meta property=\"og:title\" content=\"Ilmakuvaus \u2013 Ilmakuvauksen ammattilaiset | Horizont\" \/>\n<meta property=\"og:description\" content=\"Horizont - Ilmakuvaus | Palvelusta l\u00f6yd\u00e4t kokeneet ilmakuvaajat projektillesi tai voit ostaa kuvapankistamme valmiita ilmakuvia eri kohteista ymp\u00e4ri Suomen.\" \/>\n<meta property=\"og:url\" content=\"https:\/\/www.horizont.fi\/en\/\" \/>\n<meta property=\"og:site_name\" content=\"HORIZONT \u2013 Ilmakuvaus\" \/>\n<meta property=\"article:publisher\" content=\"https:\/\/www.facebook.com\/Horizont.Aerial.Photographers\/\" \/>\n<meta property=\"article:modified_time\" content=\"2023-10-25T16:19:30+00:00\" \/>\n<meta property=\"og:image\" content=\"https:\/\/www.horizont.fi\/horizont\/wp-content\/uploads\/2018\/09\/Horizont-ilmakuvaus.jpg\" \/>\n\t<meta property=\"og:image:width\" content=\"1920\" \/>\n\t<meta property=\"og:image:height\" content=\"909\" \/>\n\t<meta property=\"og:image:type\" content=\"image\/jpeg\" \/>\n<meta name=\"twitter:card\" content=\"summary_large_image\" \/>\n<meta name=\"twitter:label1\" content=\"Estimated reading time\" \/>\n\t<meta name=\"twitter:data1\" content=\"1 minute\" \/>\n<script type=\"application\/ld+json\" class=\"yoast-schema-graph\">{\"@context\":\"https:\/\/schema.org\",\"@graph\":[{\"@type\":\"WebPage\",\"@id\":\"https:\/\/www.horizont.fi\/\",\"url\":\"https:\/\/www.horizont.fi\/\",\"name\":\"Ilmakuvaus \u2013 Ilmakuvauksen ammattilaiset | Horizont\",\"isPartOf\":{\"@id\":\"https:\/\/www.horizont.fi\/#website\"},\"primaryImageOfPage\":{\"@id\":\"https:\/\/www.horizont.fi\/#primaryimage\"},\"image\":{\"@id\":\"https:\/\/www.horizont.fi\/#primaryimage\"},\"thumbnailUrl\":\"https:\/\/www.horizont.fi\/horizont\/wp-content\/uploads\/2018\/09\/Horizont-ilmakuvaus.jpg\",\"datePublished\":\"2016-12-07T18:25:33+00:00\",\"dateModified\":\"2023-10-25T16:19:30+00:00\",\"description\":\"Horizont - Ilmakuvaus | Palvelusta l\u00f6yd\u00e4t kokeneet ilmakuvaajat projektillesi tai voit ostaa kuvapankistamme valmiita ilmakuvia eri kohteista ymp\u00e4ri Suomen.\",\"breadcrumb\":{\"@id\":\"https:\/\/www.horizont.fi\/#breadcrumb\"},\"inLanguage\":\"en-GB\",\"potentialAction\":[{\"@type\":\"ReadAction\",\"target\":[\"https:\/\/www.horizont.fi\/\"]}]},{\"@type\":\"ImageObject\",\"inLanguage\":\"en-GB\",\"@id\":\"https:\/\/www.horizont.fi\/#primaryimage\",\"url\":\"https:\/\/www.horizont.fi\/horizont\/wp-content\/uploads\/2018\/09\/Horizont-ilmakuvaus.jpg\",\"contentUrl\":\"https:\/\/www.horizont.fi\/horizont\/wp-content\/uploads\/2018\/09\/Horizont-ilmakuvaus.jpg\",\"width\":1920,\"height\":909,\"caption\":\"Horizont ilmakuvaus\"},{\"@type\":\"BreadcrumbList\",\"@id\":\"https:\/\/www.horizont.fi\/#breadcrumb\",\"itemListElement\":[{\"@type\":\"ListItem\",\"position\":1,\"name\":\"Etusivu\",\"item\":\"https:\/\/www.horizont.fi\/\"},{\"@type\":\"ListItem\",\"position\":2,\"name\":\"HORIZONT &#8211; ilmakuvaus\"}]},{\"@type\":\"WebSite\",\"@id\":\"https:\/\/www.horizont.fi\/#website\",\"url\":\"https:\/\/www.horizont.fi\/\",\"name\":\"HORIZONT \u2013 Ilmakuvaus\",\"description\":\"Lennokkaita kuvia ja videoita\",\"publisher\":{\"@id\":\"https:\/\/www.horizont.fi\/#organization\"},\"potentialAction\":[{\"@type\":\"SearchAction\",\"target\":{\"@type\":\"EntryPoint\",\"urlTemplate\":\"https:\/\/www.horizont.fi\/?s={search_term_string}\"},\"query-input\":\"required name=search_term_string\"}],\"inLanguage\":\"en-GB\"},{\"@type\":\"Organization\",\"@id\":\"https:\/\/www.horizont.fi\/#organization\",\"name\":\"Horizont - Ilmakuvat\",\"url\":\"https:\/\/www.horizont.fi\/\",\"logo\":{\"@type\":\"ImageObject\",\"inLanguage\":\"en-GB\",\"@id\":\"https:\/\/www.horizont.fi\/#\/schema\/logo\/image\/\",\"url\":\"https:\/\/www.horizont.fi\/horizont\/wp-content\/uploads\/2017\/02\/cropped-logo-horizont2-150.png\",\"contentUrl\":\"https:\/\/www.horizont.fi\/horizont\/wp-content\/uploads\/2017\/02\/cropped-logo-horizont2-150.png\",\"width\":136,\"height\":122,\"caption\":\"Horizont - Ilmakuvat\"},\"image\":{\"@id\":\"https:\/\/www.horizont.fi\/#\/schema\/logo\/image\/\"},\"sameAs\":[\"https:\/\/www.facebook.com\/Horizont.Aerial.Photographers\/\",\"https:\/\/www.instagram.com\/horizont.fi\/\",\"https:\/\/www.youtube.com\/channel\/UC_1M_GpRMYCa9dlvKBQdy-g\"]}]}<\/script>\n<!-- \/ Yoast SEO plugin. -->","yoast_head_json":{"title":"Ilmakuvaus \u2013 Ilmakuvauksen ammattilaiset | Horizont","description":"Horizont - Ilmakuvaus | Palvelusta l\u00f6yd\u00e4t kokeneet ilmakuvaajat projektillesi tai voit ostaa kuvapankistamme valmiita ilmakuvia eri kohteista ymp\u00e4ri Suomen.","robots":{"index":"index","follow":"follow","max-snippet":"max-snippet:-1","max-image-preview":"max-image-preview:large","max-video-preview":"max-video-preview:-1"},"canonical":"https:\/\/www.horizont.fi\/en\/","og_locale":"en_GB","og_type":"article","og_title":"Ilmakuvaus \u2013 Ilmakuvauksen ammattilaiset | Horizont","og_description":"Horizont - Ilmakuvaus | Palvelusta l\u00f6yd\u00e4t kokeneet ilmakuvaajat projektillesi tai voit ostaa kuvapankistamme valmiita ilmakuvia eri kohteista ymp\u00e4ri Suomen.","og_url":"https:\/\/www.horizont.fi\/en\/","og_site_name":"HORIZONT \u2013 Ilmakuvaus","article_publisher":"https:\/\/www.facebook.com\/Horizont.Aerial.Photographers\/","article_modified_time":"2023-10-25T16:19:30+00:00","og_image":[{"width":1920,"height":909,"url":"https:\/\/www.horizont.fi\/horizont\/wp-content\/uploads\/2018\/09\/Horizont-ilmakuvaus.jpg","type":"image\/jpeg"}],"twitter_card":"summary_large_image","twitter_misc":{"Estimated reading time":"1 minute"},"schema":{"@context":"https:\/\/schema.org","@graph":[{"@type":"WebPage","@id":"https:\/\/www.horizont.fi\/","url":"https:\/\/www.horizont.fi\/","name":"Ilmakuvaus \u2013 Ilmakuvauksen ammattilaiset | Horizont","isPartOf":{"@id":"https:\/\/www.horizont.fi\/#website"},"primaryImageOfPage":{"@id":"https:\/\/www.horizont.fi\/#primaryimage"},"image":{"@id":"https:\/\/www.horizont.fi\/#primaryimage"},"thumbnailUrl":"https:\/\/www.horizont.fi\/horizont\/wp-content\/uploads\/2018\/09\/Horizont-ilmakuvaus.jpg","datePublished":"2016-12-07T18:25:33+00:00","dateModified":"2023-10-25T16:19:30+00:00","description":"Horizont - Ilmakuvaus | Palvelusta l\u00f6yd\u00e4t kokeneet ilmakuvaajat projektillesi tai voit ostaa kuvapankistamme valmiita ilmakuvia eri kohteista ymp\u00e4ri Suomen.","breadcrumb":{"@id":"https:\/\/www.horizont.fi\/#breadcrumb"},"inLanguage":"en-GB","potentialAction":[{"@type":"ReadAction","target":["https:\/\/www.horizont.fi\/"]}]},{"@type":"ImageObject","inLanguage":"en-GB","@id":"https:\/\/www.horizont.fi\/#primaryimage","url":"https:\/\/www.horizont.fi\/horizont\/wp-content\/uploads\/2018\/09\/Horizont-ilmakuvaus.jpg","contentUrl":"https:\/\/www.horizont.fi\/horizont\/wp-content\/uploads\/2018\/09\/Horizont-ilmakuvaus.jpg","width":1920,"height":909,"caption":"Horizont ilmakuvaus"},{"@type":"BreadcrumbList","@id":"https:\/\/www.horizont.fi\/#breadcrumb","itemListElement":[{"@type":"ListItem","position":1,"name":"Etusivu","item":"https:\/\/www.horizont.fi\/"},{"@type":"ListItem","position":2,"name":"HORIZONT &#8211; ilmakuvaus"}]},{"@type":"WebSite","@id":"https:\/\/www.horizont.fi\/#website","url":"https:\/\/www.horizont.fi\/","name":"HORIZONT \u2013 Ilmakuvaus","description":"Lennokkaita kuvia ja videoita","publisher":{"@id":"https:\/\/www.horizont.fi\/#organization"},"potentialAction":[{"@type":"SearchAction","target":{"@type":"EntryPoint","urlTemplate":"https:\/\/www.horizont.fi\/?s={search_term_string}"},"query-input":"required name=search_term_string"}],"inLanguage":"en-GB"},{"@type":"Organization","@id":"https:\/\/www.horizont.fi\/#organization","name":"Horizont - Ilmakuvat","url":"https:\/\/www.horizont.fi\/","logo":{"@type":"ImageObject","inLanguage":"en-GB","@id":"https:\/\/www.horizont.fi\/#\/schema\/logo\/image\/","url":"https:\/\/www.horizont.fi\/horizont\/wp-content\/uploads\/2017\/02\/cropped-logo-horizont2-150.png","contentUrl":"https:\/\/www.horizont.fi\/horizont\/wp-content\/uploads\/2017\/02\/cropped-logo-horizont2-150.png","width":136,"height":122,"caption":"Horizont - Ilmakuvat"},"image":{"@id":"https:\/\/www.horizont.fi\/#\/schema\/logo\/image\/"},"sameAs":["https:\/\/www.facebook.com\/Horizont.Aerial.Photographers\/","https:\/\/www.instagram.com\/horizont.fi\/","https:\/\/www.youtube.com\/channel\/UC_1M_GpRMYCa9dlvKBQdy-g"]}]}},"_links":{"self":[{"href":"https:\/\/www.horizont.fi\/en\/wp-json\/wp\/v2\/pages\/489"}],"collection":[{"href":"https:\/\/www.horizont.fi\/en\/wp-json\/wp\/v2\/pages"}],"about":[{"href":"https:\/\/www.horizont.fi\/en\/wp-json\/wp\/v2\/types\/page"}],"author":[{"embeddable":true,"href":"https:\/\/www.horizont.fi\/en\/wp-json\/wp\/v2\/users\/18"}],"replies":[{"embeddable":true,"href":"https:\/\/www.horizont.fi\/en\/wp-json\/wp\/v2\/comments?post=489"}],"version-history":[{"count":101,"href":"https:\/\/www.horizont.fi\/en\/wp-json\/wp\/v2\/pages\/489\/revisions"}],"predecessor-version":[{"id":12348,"href":"https:\/\/www.horizont.fi\/en\/wp-json\/wp\/v2\/pages\/489\/revisions\/12348"}],"wp:featuredmedia":[{"embeddable":true,"href":"https:\/\/www.horizont.fi\/en\/wp-json\/wp\/v2\/media\/8695"}],"wp:attachment":[{"href":"https:\/\/www.horizont.fi\/en\/wp-json\/wp\/v2\/media?parent=489"}],"curies":[{"name":"wp","href":"https:\/\/api.w.org\/{rel}","templated":true}]}}