{"id":12457,"date":"2020-09-06T18:10:50","date_gmt":"2020-09-06T15:10:50","guid":{"rendered":"https:\/\/www.horizont.fi\/?post_type=product&#038;p=12457"},"modified":"2020-09-06T18:10:50","modified_gmt":"2020-09-06T15:10:50","slug":"pyhan-marian-kirkko-kuva-nro-4-sastamala-7-2020","status":"publish","type":"product","link":"https:\/\/www.horizont.fi\/en\/product\/pyhan-marian-kirkko-kuva-nro-4-sastamala-7-2020\/","title":{"rendered":"PYH\u00c4N MARIAN KIRKKO, kuva nro 4 \u2013 Sastamala, 7\/2020"},"content":{"rendered":"","protected":false},"excerpt":{"rendered":"<p><span style=\"color: #ff0000;\">N\u00e4et myyt\u00e4v\u00e4n kuvan koko laajuudessaan klikkaamalla kuvan suurennuslasia.<\/span><\/p>\n<p>T\u00e4m\u00e4 harmaakivikirkko on rakennettu 1400-luvun lopulla. Perim\u00e4tiedon mukaan kirkon rakensivat munkit, joiden luostarirakennukset sijaitsivat samalla m\u00e4ell\u00e4. Kirkko sijaitsee noin kahdeksan kilometrin p\u00e4\u00e4ss\u00e4 Sastamalan keskusta. Kirkko rakennettiin alun perin korkeaksi ja jyrkk\u00e4kattoiseksi. Molemmat p\u00e4\u00e4dyt ovat olleet kivisein\u00e4\u00e4, jotka ovat tukeneet kattoa. Pyh\u00e4n Marian kirkko on tunnettu erinomaisesta akustiikastaan. Kellotapuli on sijoitettu Rautaveden rannalle, jotta se kuuluisi j\u00e4rven yli.<\/p>\n<p>Kuvaaja: Aleksi Lammi<\/p>","protected":false},"featured_media":12431,"comment_status":"closed","ping_status":"closed","template":"","meta":{"_monsterinsights_skip_tracking":false,"_monsterinsights_sitenote_active":false,"_monsterinsights_sitenote_note":"","_monsterinsights_sitenote_category":0},"product_cat":[1695],"product_tag":[1607,387,856,384,289,1701,1554,1699],"yoast_head":"<!-- This site is optimized with the Yoast SEO plugin v22.6 - https:\/\/yoast.com\/wordpress\/plugins\/seo\/ -->\n<title>PYH\u00c4N MARIAN KIRKKO, kuva nro 4 \u2013 Sastamala, 7\/2020 - HORIZONT \u2013 Ilmakuvaus<\/title>\n<meta name=\"description\" content=\"Kuvaamme kauko-ohjattavilla kamerakoptereilla. Saat ammattitaidolla ja luotettavasti toteutetut videot ja ilmakuvat edullisesti joko suoraan kuvapankista tai tilaamalla kuvaajamme kohteeseesi.\" \/>\n<meta name=\"robots\" content=\"index, follow, max-snippet:-1, max-image-preview:large, max-video-preview:-1\" \/>\n<link rel=\"canonical\" href=\"https:\/\/www.horizont.fi\/en\/product\/pyhan-marian-kirkko-kuva-nro-4-sastamala-7-2020\/\" \/>\n<meta property=\"og:locale\" content=\"en_GB\" \/>\n<meta property=\"og:type\" content=\"article\" \/>\n<meta property=\"og:title\" content=\"PYH\u00c4N MARIAN KIRKKO, kuva nro 4 \u2013 Sastamala, 7\/2020 - HORIZONT \u2013 Ilmakuvaus\" \/>\n<meta property=\"og:description\" content=\"Kuvaamme kauko-ohjattavilla kamerakoptereilla. Saat ammattitaidolla ja luotettavasti toteutetut videot ja ilmakuvat edullisesti joko suoraan kuvapankista tai tilaamalla kuvaajamme kohteeseesi.\" \/>\n<meta property=\"og:url\" content=\"https:\/\/www.horizont.fi\/en\/product\/pyhan-marian-kirkko-kuva-nro-4-sastamala-7-2020\/\" \/>\n<meta property=\"og:site_name\" content=\"HORIZONT \u2013 Ilmakuvaus\" \/>\n<meta property=\"article:publisher\" content=\"https:\/\/www.facebook.com\/Horizont.Aerial.Photographers\/\" \/>\n<meta property=\"og:image\" content=\"https:\/\/www.horizont.fi\/horizont\/wp-content\/uploads\/2020\/09\/PYH\u00c4N-MARIAN-KIRKKO-kuva-nro-4-Aleksi-Lammi-\u2013-Sastamala-hein\u00e4.2020-cr4-scaled.jpg\" \/>\n\t<meta property=\"og:image:width\" content=\"2560\" \/>\n\t<meta property=\"og:image:height\" content=\"1518\" \/>\n\t<meta property=\"og:image:type\" content=\"image\/jpeg\" \/>\n<meta name=\"twitter:card\" content=\"summary_large_image\" \/>\n<script type=\"application\/ld+json\" class=\"yoast-schema-graph\">{\"@context\":\"https:\/\/schema.org\",\"@graph\":[{\"@type\":\"WebPage\",\"@id\":\"https:\/\/www.horizont.fi\/product\/pyhan-marian-kirkko-kuva-nro-4-sastamala-7-2020\/\",\"url\":\"https:\/\/www.horizont.fi\/product\/pyhan-marian-kirkko-kuva-nro-4-sastamala-7-2020\/\",\"name\":\"PYH\u00c4N MARIAN KIRKKO, kuva nro 4 \u2013 Sastamala, 7\/2020 - HORIZONT \u2013 Ilmakuvaus\",\"isPartOf\":{\"@id\":\"https:\/\/www.horizont.fi\/#website\"},\"primaryImageOfPage\":{\"@id\":\"https:\/\/www.horizont.fi\/product\/pyhan-marian-kirkko-kuva-nro-4-sastamala-7-2020\/#primaryimage\"},\"image\":{\"@id\":\"https:\/\/www.horizont.fi\/product\/pyhan-marian-kirkko-kuva-nro-4-sastamala-7-2020\/#primaryimage\"},\"thumbnailUrl\":\"https:\/\/www.horizont.fi\/horizont\/wp-content\/uploads\/2020\/09\/PYH\u00c4N-MARIAN-KIRKKO-kuva-nro-4-Aleksi-Lammi-\u2013-Sastamala-hein\u00e4.2020-cr4-scaled.jpg\",\"datePublished\":\"2020-09-06T15:10:50+00:00\",\"dateModified\":\"2020-09-06T15:10:50+00:00\",\"description\":\"Kuvaamme kauko-ohjattavilla kamerakoptereilla. Saat ammattitaidolla ja luotettavasti toteutetut videot ja ilmakuvat edullisesti joko suoraan kuvapankista tai tilaamalla kuvaajamme kohteeseesi.\",\"breadcrumb\":{\"@id\":\"https:\/\/www.horizont.fi\/product\/pyhan-marian-kirkko-kuva-nro-4-sastamala-7-2020\/#breadcrumb\"},\"inLanguage\":\"en-GB\",\"potentialAction\":[{\"@type\":\"ReadAction\",\"target\":[\"https:\/\/www.horizont.fi\/product\/pyhan-marian-kirkko-kuva-nro-4-sastamala-7-2020\/\"]}]},{\"@type\":\"ImageObject\",\"inLanguage\":\"en-GB\",\"@id\":\"https:\/\/www.horizont.fi\/product\/pyhan-marian-kirkko-kuva-nro-4-sastamala-7-2020\/#primaryimage\",\"url\":\"https:\/\/www.horizont.fi\/horizont\/wp-content\/uploads\/2020\/09\/PYH\u00c4N-MARIAN-KIRKKO-kuva-nro-4-Aleksi-Lammi-\u2013-Sastamala-hein\u00e4.2020-cr4-scaled.jpg\",\"contentUrl\":\"https:\/\/www.horizont.fi\/horizont\/wp-content\/uploads\/2020\/09\/PYH\u00c4N-MARIAN-KIRKKO-kuva-nro-4-Aleksi-Lammi-\u2013-Sastamala-hein\u00e4.2020-cr4-scaled.jpg\",\"width\":2560,\"height\":1518,\"caption\":\"pyh\u00e4n marian kirkko ilmakuva\"},{\"@type\":\"BreadcrumbList\",\"@id\":\"https:\/\/www.horizont.fi\/product\/pyhan-marian-kirkko-kuva-nro-4-sastamala-7-2020\/#breadcrumb\",\"itemListElement\":[{\"@type\":\"ListItem\",\"position\":1,\"name\":\"Etusivu\",\"item\":\"https:\/\/www.horizont.fi\/\"},{\"@type\":\"ListItem\",\"position\":2,\"name\":\"KAUPPA\",\"item\":\"https:\/\/www.horizont.fi\/kauppa\/\"},{\"@type\":\"ListItem\",\"position\":3,\"name\":\"PYH\u00c4N MARIAN KIRKKO, kuva nro 4 \u2013 Sastamala, 7\/2020\"}]},{\"@type\":\"WebSite\",\"@id\":\"https:\/\/www.horizont.fi\/#website\",\"url\":\"https:\/\/www.horizont.fi\/\",\"name\":\"HORIZONT \u2013 Ilmakuvaus\",\"description\":\"Lennokkaita kuvia ja videoita\",\"publisher\":{\"@id\":\"https:\/\/www.horizont.fi\/#organization\"},\"potentialAction\":[{\"@type\":\"SearchAction\",\"target\":{\"@type\":\"EntryPoint\",\"urlTemplate\":\"https:\/\/www.horizont.fi\/?s={search_term_string}\"},\"query-input\":\"required name=search_term_string\"}],\"inLanguage\":\"en-GB\"},{\"@type\":\"Organization\",\"@id\":\"https:\/\/www.horizont.fi\/#organization\",\"name\":\"Horizont - Ilmakuvat\",\"url\":\"https:\/\/www.horizont.fi\/\",\"logo\":{\"@type\":\"ImageObject\",\"inLanguage\":\"en-GB\",\"@id\":\"https:\/\/www.horizont.fi\/#\/schema\/logo\/image\/\",\"url\":\"https:\/\/www.horizont.fi\/horizont\/wp-content\/uploads\/2017\/02\/cropped-logo-horizont2-150.png\",\"contentUrl\":\"https:\/\/www.horizont.fi\/horizont\/wp-content\/uploads\/2017\/02\/cropped-logo-horizont2-150.png\",\"width\":136,\"height\":122,\"caption\":\"Horizont - Ilmakuvat\"},\"image\":{\"@id\":\"https:\/\/www.horizont.fi\/#\/schema\/logo\/image\/\"},\"sameAs\":[\"https:\/\/www.facebook.com\/Horizont.Aerial.Photographers\/\",\"https:\/\/www.instagram.com\/horizont.fi\/\",\"https:\/\/www.youtube.com\/channel\/UC_1M_GpRMYCa9dlvKBQdy-g\"]}]}<\/script>\n<!-- \/ Yoast SEO plugin. -->","yoast_head_json":{"title":"PYH\u00c4N MARIAN KIRKKO, kuva nro 4 \u2013 Sastamala, 7\/2020 - HORIZONT \u2013 Ilmakuvaus","description":"Kuvaamme kauko-ohjattavilla kamerakoptereilla. Saat ammattitaidolla ja luotettavasti toteutetut videot ja ilmakuvat edullisesti joko suoraan kuvapankista tai tilaamalla kuvaajamme kohteeseesi.","robots":{"index":"index","follow":"follow","max-snippet":"max-snippet:-1","max-image-preview":"max-image-preview:large","max-video-preview":"max-video-preview:-1"},"canonical":"https:\/\/www.horizont.fi\/en\/product\/pyhan-marian-kirkko-kuva-nro-4-sastamala-7-2020\/","og_locale":"en_GB","og_type":"article","og_title":"PYH\u00c4N MARIAN KIRKKO, kuva nro 4 \u2013 Sastamala, 7\/2020 - HORIZONT \u2013 Ilmakuvaus","og_description":"Kuvaamme kauko-ohjattavilla kamerakoptereilla. Saat ammattitaidolla ja luotettavasti toteutetut videot ja ilmakuvat edullisesti joko suoraan kuvapankista tai tilaamalla kuvaajamme kohteeseesi.","og_url":"https:\/\/www.horizont.fi\/en\/product\/pyhan-marian-kirkko-kuva-nro-4-sastamala-7-2020\/","og_site_name":"HORIZONT \u2013 Ilmakuvaus","article_publisher":"https:\/\/www.facebook.com\/Horizont.Aerial.Photographers\/","og_image":[{"width":2560,"height":1518,"url":"https:\/\/www.horizont.fi\/horizont\/wp-content\/uploads\/2020\/09\/PYH\u00c4N-MARIAN-KIRKKO-kuva-nro-4-Aleksi-Lammi-\u2013-Sastamala-hein\u00e4.2020-cr4-scaled.jpg","type":"image\/jpeg"}],"twitter_card":"summary_large_image","schema":{"@context":"https:\/\/schema.org","@graph":[{"@type":"WebPage","@id":"https:\/\/www.horizont.fi\/product\/pyhan-marian-kirkko-kuva-nro-4-sastamala-7-2020\/","url":"https:\/\/www.horizont.fi\/product\/pyhan-marian-kirkko-kuva-nro-4-sastamala-7-2020\/","name":"PYH\u00c4N MARIAN KIRKKO, kuva nro 4 \u2013 Sastamala, 7\/2020 - HORIZONT \u2013 Ilmakuvaus","isPartOf":{"@id":"https:\/\/www.horizont.fi\/#website"},"primaryImageOfPage":{"@id":"https:\/\/www.horizont.fi\/product\/pyhan-marian-kirkko-kuva-nro-4-sastamala-7-2020\/#primaryimage"},"image":{"@id":"https:\/\/www.horizont.fi\/product\/pyhan-marian-kirkko-kuva-nro-4-sastamala-7-2020\/#primaryimage"},"thumbnailUrl":"https:\/\/www.horizont.fi\/horizont\/wp-content\/uploads\/2020\/09\/PYH\u00c4N-MARIAN-KIRKKO-kuva-nro-4-Aleksi-Lammi-\u2013-Sastamala-hein\u00e4.2020-cr4-scaled.jpg","datePublished":"2020-09-06T15:10:50+00:00","dateModified":"2020-09-06T15:10:50+00:00","description":"Kuvaamme kauko-ohjattavilla kamerakoptereilla. Saat ammattitaidolla ja luotettavasti toteutetut videot ja ilmakuvat edullisesti joko suoraan kuvapankista tai tilaamalla kuvaajamme kohteeseesi.","breadcrumb":{"@id":"https:\/\/www.horizont.fi\/product\/pyhan-marian-kirkko-kuva-nro-4-sastamala-7-2020\/#breadcrumb"},"inLanguage":"en-GB","potentialAction":[{"@type":"ReadAction","target":["https:\/\/www.horizont.fi\/product\/pyhan-marian-kirkko-kuva-nro-4-sastamala-7-2020\/"]}]},{"@type":"ImageObject","inLanguage":"en-GB","@id":"https:\/\/www.horizont.fi\/product\/pyhan-marian-kirkko-kuva-nro-4-sastamala-7-2020\/#primaryimage","url":"https:\/\/www.horizont.fi\/horizont\/wp-content\/uploads\/2020\/09\/PYH\u00c4N-MARIAN-KIRKKO-kuva-nro-4-Aleksi-Lammi-\u2013-Sastamala-hein\u00e4.2020-cr4-scaled.jpg","contentUrl":"https:\/\/www.horizont.fi\/horizont\/wp-content\/uploads\/2020\/09\/PYH\u00c4N-MARIAN-KIRKKO-kuva-nro-4-Aleksi-Lammi-\u2013-Sastamala-hein\u00e4.2020-cr4-scaled.jpg","width":2560,"height":1518,"caption":"pyh\u00e4n marian kirkko ilmakuva"},{"@type":"BreadcrumbList","@id":"https:\/\/www.horizont.fi\/product\/pyhan-marian-kirkko-kuva-nro-4-sastamala-7-2020\/#breadcrumb","itemListElement":[{"@type":"ListItem","position":1,"name":"Etusivu","item":"https:\/\/www.horizont.fi\/"},{"@type":"ListItem","position":2,"name":"KAUPPA","item":"https:\/\/www.horizont.fi\/kauppa\/"},{"@type":"ListItem","position":3,"name":"PYH\u00c4N MARIAN KIRKKO, kuva nro 4 \u2013 Sastamala, 7\/2020"}]},{"@type":"WebSite","@id":"https:\/\/www.horizont.fi\/#website","url":"https:\/\/www.horizont.fi\/","name":"HORIZONT \u2013 Ilmakuvaus","description":"Lennokkaita kuvia ja videoita","publisher":{"@id":"https:\/\/www.horizont.fi\/#organization"},"potentialAction":[{"@type":"SearchAction","target":{"@type":"EntryPoint","urlTemplate":"https:\/\/www.horizont.fi\/?s={search_term_string}"},"query-input":"required name=search_term_string"}],"inLanguage":"en-GB"},{"@type":"Organization","@id":"https:\/\/www.horizont.fi\/#organization","name":"Horizont - Ilmakuvat","url":"https:\/\/www.horizont.fi\/","logo":{"@type":"ImageObject","inLanguage":"en-GB","@id":"https:\/\/www.horizont.fi\/#\/schema\/logo\/image\/","url":"https:\/\/www.horizont.fi\/horizont\/wp-content\/uploads\/2017\/02\/cropped-logo-horizont2-150.png","contentUrl":"https:\/\/www.horizont.fi\/horizont\/wp-content\/uploads\/2017\/02\/cropped-logo-horizont2-150.png","width":136,"height":122,"caption":"Horizont - Ilmakuvat"},"image":{"@id":"https:\/\/www.horizont.fi\/#\/schema\/logo\/image\/"},"sameAs":["https:\/\/www.facebook.com\/Horizont.Aerial.Photographers\/","https:\/\/www.instagram.com\/horizont.fi\/","https:\/\/www.youtube.com\/channel\/UC_1M_GpRMYCa9dlvKBQdy-g"]}]}},"_links":{"self":[{"href":"https:\/\/www.horizont.fi\/en\/wp-json\/wp\/v2\/product\/12457"}],"collection":[{"href":"https:\/\/www.horizont.fi\/en\/wp-json\/wp\/v2\/product"}],"about":[{"href":"https:\/\/www.horizont.fi\/en\/wp-json\/wp\/v2\/types\/product"}],"replies":[{"embeddable":true,"href":"https:\/\/www.horizont.fi\/en\/wp-json\/wp\/v2\/comments?post=12457"}],"wp:featuredmedia":[{"embeddable":true,"href":"https:\/\/www.horizont.fi\/en\/wp-json\/wp\/v2\/media\/12431"}],"wp:attachment":[{"href":"https:\/\/www.horizont.fi\/en\/wp-json\/wp\/v2\/media?parent=12457"}],"wp:term":[{"taxonomy":"product_cat","embeddable":true,"href":"https:\/\/www.horizont.fi\/en\/wp-json\/wp\/v2\/product_cat?post=12457"},{"taxonomy":"product_tag","embeddable":true,"href":"https:\/\/www.horizont.fi\/en\/wp-json\/wp\/v2\/product_tag?post=12457"}],"curies":[{"name":"wp","href":"https:\/\/api.w.org\/{rel}","templated":true}]}}