{"id":12624,"date":"2021-07-05T21:54:50","date_gmt":"2021-07-05T18:54:50","guid":{"rendered":"http:\/\/www.horizont.fi\/?post_type=product&#038;p=12624"},"modified":"2021-07-05T22:05:54","modified_gmt":"2021-07-05T19:05:54","slug":"tehtaan-kentta-kuva-nro-2-valkeakoski-7-2021","status":"publish","type":"product","link":"https:\/\/www.horizont.fi\/en\/product\/tehtaan-kentta-kuva-nro-2-valkeakoski-7-2021\/","title":{"rendered":"TEHTAAN KENTT\u00c4, kuva nro 2 \u2013 Valkeakoski, 7\/2021"},"content":{"rendered":"","protected":false},"excerpt":{"rendered":"<div id=\":rg\" class=\"Ar Au Ao\">\n<div id=\":rc\" class=\"Am Al editable LW-avf tS-tW tS-tY\" tabindex=\"1\" role=\"textbox\" contenteditable=\"true\" spellcheck=\"false\" aria-label=\"Viestin leip\u00e4teksti\" aria-multiline=\"true\">\n<div dir=\"ltr\">\n<div dir=\"ltr\">\n<p><span lang=\"FI\" style=\"color: #ff0000;\">N\u00e4et myyt\u00e4v\u00e4n kuvan koko laajuudessaan klikkaamalla viereist\u00e4 kuvaa.<\/span><\/p>\n<p>Perinteikk\u00e4\u00e4ss\u00e4 jalkapallokaupungissa, Valkeakoskella, sijaitseva jalkapallostadion joka toimii FC Hakan kotikentt\u00e4n\u00e4. Stadionin katsomot ymp\u00e4r\u00f6iv\u00e4t kentt\u00e4\u00e4 kolmelta sivulta ja ainoalta avoimelta sivustalta n\u00e4kyy Tervasaaren paperitehdas. Tehtaan ikkunoissa saattaa n\u00e4hd\u00e4 ty\u00f6vuorossa olevia tehtaan ty\u00f6ntekij\u00f6it\u00e4 peli\u00e4 katsomassa. Stadionilla on yhteens\u00e4 3 200 kuppi-istuimin varustettua istumapaikkaa, jotka on sijoiteltu l\u00e4helle kentt\u00e4\u00e4.\u00a0 Lis\u00e4ksi kent\u00e4n l\u00e4heisyydess\u00e4 on kaksi tenniskentt\u00e4\u00e4.<\/p>\n<p>Kuva: Ari Lepist\u00f6<\/p>\n<\/div>\n<\/div>\n<\/div>\n<\/div>","protected":false},"featured_media":12610,"comment_status":"closed","ping_status":"closed","template":"","meta":{"_monsterinsights_skip_tracking":false,"_monsterinsights_sitenote_active":false,"_monsterinsights_sitenote_note":"","_monsterinsights_sitenote_category":0},"product_cat":[1773],"product_tag":[385,1684,1777,1378,238,384,1232,1774,1779,1003,1778],"yoast_head":"<!-- This site is optimized with the Yoast SEO plugin v22.6 - https:\/\/yoast.com\/wordpress\/plugins\/seo\/ -->\n<title>TEHTAAN KENTT\u00c4, kuva nro 2 \u2013 Valkeakoski, 7\/2021 - HORIZONT \u2013 Ilmakuvaus<\/title>\n<meta name=\"description\" content=\"Kuvaamme kauko-ohjattavilla kamerakoptereilla. Saat ammattitaidolla ja luotettavasti toteutetut videot ja ilmakuvat edullisesti joko suoraan kuvapankista tai tilaamalla kuvaajamme kohteeseesi.\" \/>\n<meta name=\"robots\" content=\"index, follow, max-snippet:-1, max-image-preview:large, max-video-preview:-1\" \/>\n<link rel=\"canonical\" href=\"https:\/\/www.horizont.fi\/en\/product\/tehtaan-kentta-kuva-nro-2-valkeakoski-7-2021\/\" \/>\n<meta property=\"og:locale\" content=\"en_GB\" \/>\n<meta property=\"og:type\" content=\"article\" \/>\n<meta property=\"og:title\" content=\"TEHTAAN KENTT\u00c4, kuva nro 2 \u2013 Valkeakoski, 7\/2021 - HORIZONT \u2013 Ilmakuvaus\" \/>\n<meta property=\"og:description\" content=\"Kuvaamme kauko-ohjattavilla kamerakoptereilla. Saat ammattitaidolla ja luotettavasti toteutetut videot ja ilmakuvat edullisesti joko suoraan kuvapankista tai tilaamalla kuvaajamme kohteeseesi.\" \/>\n<meta property=\"og:url\" content=\"https:\/\/www.horizont.fi\/en\/product\/tehtaan-kentta-kuva-nro-2-valkeakoski-7-2021\/\" \/>\n<meta property=\"og:site_name\" content=\"HORIZONT \u2013 Ilmakuvaus\" \/>\n<meta property=\"article:publisher\" content=\"https:\/\/www.facebook.com\/Horizont.Aerial.Photographers\/\" \/>\n<meta property=\"article:modified_time\" content=\"2021-07-05T19:05:54+00:00\" \/>\n<meta property=\"og:image\" content=\"https:\/\/www.horizont.fi\/horizont\/wp-content\/uploads\/2021\/07\/Horizont_ilmakuva_Tehtaankentta2_Valkeakoski_2021_Ari_Lepisto_vesileimalla-scaled.jpg\" \/>\n\t<meta property=\"og:image:width\" content=\"2560\" \/>\n\t<meta property=\"og:image:height\" content=\"1476\" \/>\n\t<meta property=\"og:image:type\" content=\"image\/jpeg\" \/>\n<meta name=\"twitter:card\" content=\"summary_large_image\" \/>\n<script type=\"application\/ld+json\" class=\"yoast-schema-graph\">{\"@context\":\"https:\/\/schema.org\",\"@graph\":[{\"@type\":\"WebPage\",\"@id\":\"https:\/\/www.horizont.fi\/product\/tehtaan-kentta-kuva-nro-2-valkeakoski-7-2021\/\",\"url\":\"https:\/\/www.horizont.fi\/product\/tehtaan-kentta-kuva-nro-2-valkeakoski-7-2021\/\",\"name\":\"TEHTAAN KENTT\u00c4, kuva nro 2 \u2013 Valkeakoski, 7\/2021 - HORIZONT \u2013 Ilmakuvaus\",\"isPartOf\":{\"@id\":\"https:\/\/www.horizont.fi\/#website\"},\"primaryImageOfPage\":{\"@id\":\"https:\/\/www.horizont.fi\/product\/tehtaan-kentta-kuva-nro-2-valkeakoski-7-2021\/#primaryimage\"},\"image\":{\"@id\":\"https:\/\/www.horizont.fi\/product\/tehtaan-kentta-kuva-nro-2-valkeakoski-7-2021\/#primaryimage\"},\"thumbnailUrl\":\"https:\/\/www.horizont.fi\/horizont\/wp-content\/uploads\/2021\/07\/Horizont_ilmakuva_Tehtaankentta2_Valkeakoski_2021_Ari_Lepisto_vesileimalla-scaled.jpg\",\"datePublished\":\"2021-07-05T18:54:50+00:00\",\"dateModified\":\"2021-07-05T19:05:54+00:00\",\"description\":\"Kuvaamme kauko-ohjattavilla kamerakoptereilla. Saat ammattitaidolla ja luotettavasti toteutetut videot ja ilmakuvat edullisesti joko suoraan kuvapankista tai tilaamalla kuvaajamme kohteeseesi.\",\"breadcrumb\":{\"@id\":\"https:\/\/www.horizont.fi\/product\/tehtaan-kentta-kuva-nro-2-valkeakoski-7-2021\/#breadcrumb\"},\"inLanguage\":\"en-GB\",\"potentialAction\":[{\"@type\":\"ReadAction\",\"target\":[\"https:\/\/www.horizont.fi\/product\/tehtaan-kentta-kuva-nro-2-valkeakoski-7-2021\/\"]}]},{\"@type\":\"ImageObject\",\"inLanguage\":\"en-GB\",\"@id\":\"https:\/\/www.horizont.fi\/product\/tehtaan-kentta-kuva-nro-2-valkeakoski-7-2021\/#primaryimage\",\"url\":\"https:\/\/www.horizont.fi\/horizont\/wp-content\/uploads\/2021\/07\/Horizont_ilmakuva_Tehtaankentta2_Valkeakoski_2021_Ari_Lepisto_vesileimalla-scaled.jpg\",\"contentUrl\":\"https:\/\/www.horizont.fi\/horizont\/wp-content\/uploads\/2021\/07\/Horizont_ilmakuva_Tehtaankentta2_Valkeakoski_2021_Ari_Lepisto_vesileimalla-scaled.jpg\",\"width\":2560,\"height\":1476,\"caption\":\"ilmakuva tehtaan jalkapallokentt\u00e4\"},{\"@type\":\"BreadcrumbList\",\"@id\":\"https:\/\/www.horizont.fi\/product\/tehtaan-kentta-kuva-nro-2-valkeakoski-7-2021\/#breadcrumb\",\"itemListElement\":[{\"@type\":\"ListItem\",\"position\":1,\"name\":\"Etusivu\",\"item\":\"https:\/\/www.horizont.fi\/\"},{\"@type\":\"ListItem\",\"position\":2,\"name\":\"KAUPPA\",\"item\":\"https:\/\/www.horizont.fi\/kauppa\/\"},{\"@type\":\"ListItem\",\"position\":3,\"name\":\"TEHTAAN KENTT\u00c4, kuva nro 2 \u2013 Valkeakoski, 7\/2021\"}]},{\"@type\":\"WebSite\",\"@id\":\"https:\/\/www.horizont.fi\/#website\",\"url\":\"https:\/\/www.horizont.fi\/\",\"name\":\"HORIZONT \u2013 Ilmakuvaus\",\"description\":\"Lennokkaita kuvia ja videoita\",\"publisher\":{\"@id\":\"https:\/\/www.horizont.fi\/#organization\"},\"potentialAction\":[{\"@type\":\"SearchAction\",\"target\":{\"@type\":\"EntryPoint\",\"urlTemplate\":\"https:\/\/www.horizont.fi\/?s={search_term_string}\"},\"query-input\":\"required name=search_term_string\"}],\"inLanguage\":\"en-GB\"},{\"@type\":\"Organization\",\"@id\":\"https:\/\/www.horizont.fi\/#organization\",\"name\":\"Horizont - Ilmakuvat\",\"url\":\"https:\/\/www.horizont.fi\/\",\"logo\":{\"@type\":\"ImageObject\",\"inLanguage\":\"en-GB\",\"@id\":\"https:\/\/www.horizont.fi\/#\/schema\/logo\/image\/\",\"url\":\"https:\/\/www.horizont.fi\/horizont\/wp-content\/uploads\/2017\/02\/cropped-logo-horizont2-150.png\",\"contentUrl\":\"https:\/\/www.horizont.fi\/horizont\/wp-content\/uploads\/2017\/02\/cropped-logo-horizont2-150.png\",\"width\":136,\"height\":122,\"caption\":\"Horizont - Ilmakuvat\"},\"image\":{\"@id\":\"https:\/\/www.horizont.fi\/#\/schema\/logo\/image\/\"},\"sameAs\":[\"https:\/\/www.facebook.com\/Horizont.Aerial.Photographers\/\",\"https:\/\/www.instagram.com\/horizont.fi\/\",\"https:\/\/www.youtube.com\/channel\/UC_1M_GpRMYCa9dlvKBQdy-g\"]}]}<\/script>\n<!-- \/ Yoast SEO plugin. -->","yoast_head_json":{"title":"TEHTAAN KENTT\u00c4, kuva nro 2 \u2013 Valkeakoski, 7\/2021 - HORIZONT \u2013 Ilmakuvaus","description":"Kuvaamme kauko-ohjattavilla kamerakoptereilla. Saat ammattitaidolla ja luotettavasti toteutetut videot ja ilmakuvat edullisesti joko suoraan kuvapankista tai tilaamalla kuvaajamme kohteeseesi.","robots":{"index":"index","follow":"follow","max-snippet":"max-snippet:-1","max-image-preview":"max-image-preview:large","max-video-preview":"max-video-preview:-1"},"canonical":"https:\/\/www.horizont.fi\/en\/product\/tehtaan-kentta-kuva-nro-2-valkeakoski-7-2021\/","og_locale":"en_GB","og_type":"article","og_title":"TEHTAAN KENTT\u00c4, kuva nro 2 \u2013 Valkeakoski, 7\/2021 - HORIZONT \u2013 Ilmakuvaus","og_description":"Kuvaamme kauko-ohjattavilla kamerakoptereilla. Saat ammattitaidolla ja luotettavasti toteutetut videot ja ilmakuvat edullisesti joko suoraan kuvapankista tai tilaamalla kuvaajamme kohteeseesi.","og_url":"https:\/\/www.horizont.fi\/en\/product\/tehtaan-kentta-kuva-nro-2-valkeakoski-7-2021\/","og_site_name":"HORIZONT \u2013 Ilmakuvaus","article_publisher":"https:\/\/www.facebook.com\/Horizont.Aerial.Photographers\/","article_modified_time":"2021-07-05T19:05:54+00:00","og_image":[{"width":2560,"height":1476,"url":"https:\/\/www.horizont.fi\/horizont\/wp-content\/uploads\/2021\/07\/Horizont_ilmakuva_Tehtaankentta2_Valkeakoski_2021_Ari_Lepisto_vesileimalla-scaled.jpg","type":"image\/jpeg"}],"twitter_card":"summary_large_image","schema":{"@context":"https:\/\/schema.org","@graph":[{"@type":"WebPage","@id":"https:\/\/www.horizont.fi\/product\/tehtaan-kentta-kuva-nro-2-valkeakoski-7-2021\/","url":"https:\/\/www.horizont.fi\/product\/tehtaan-kentta-kuva-nro-2-valkeakoski-7-2021\/","name":"TEHTAAN KENTT\u00c4, kuva nro 2 \u2013 Valkeakoski, 7\/2021 - HORIZONT \u2013 Ilmakuvaus","isPartOf":{"@id":"https:\/\/www.horizont.fi\/#website"},"primaryImageOfPage":{"@id":"https:\/\/www.horizont.fi\/product\/tehtaan-kentta-kuva-nro-2-valkeakoski-7-2021\/#primaryimage"},"image":{"@id":"https:\/\/www.horizont.fi\/product\/tehtaan-kentta-kuva-nro-2-valkeakoski-7-2021\/#primaryimage"},"thumbnailUrl":"https:\/\/www.horizont.fi\/horizont\/wp-content\/uploads\/2021\/07\/Horizont_ilmakuva_Tehtaankentta2_Valkeakoski_2021_Ari_Lepisto_vesileimalla-scaled.jpg","datePublished":"2021-07-05T18:54:50+00:00","dateModified":"2021-07-05T19:05:54+00:00","description":"Kuvaamme kauko-ohjattavilla kamerakoptereilla. Saat ammattitaidolla ja luotettavasti toteutetut videot ja ilmakuvat edullisesti joko suoraan kuvapankista tai tilaamalla kuvaajamme kohteeseesi.","breadcrumb":{"@id":"https:\/\/www.horizont.fi\/product\/tehtaan-kentta-kuva-nro-2-valkeakoski-7-2021\/#breadcrumb"},"inLanguage":"en-GB","potentialAction":[{"@type":"ReadAction","target":["https:\/\/www.horizont.fi\/product\/tehtaan-kentta-kuva-nro-2-valkeakoski-7-2021\/"]}]},{"@type":"ImageObject","inLanguage":"en-GB","@id":"https:\/\/www.horizont.fi\/product\/tehtaan-kentta-kuva-nro-2-valkeakoski-7-2021\/#primaryimage","url":"https:\/\/www.horizont.fi\/horizont\/wp-content\/uploads\/2021\/07\/Horizont_ilmakuva_Tehtaankentta2_Valkeakoski_2021_Ari_Lepisto_vesileimalla-scaled.jpg","contentUrl":"https:\/\/www.horizont.fi\/horizont\/wp-content\/uploads\/2021\/07\/Horizont_ilmakuva_Tehtaankentta2_Valkeakoski_2021_Ari_Lepisto_vesileimalla-scaled.jpg","width":2560,"height":1476,"caption":"ilmakuva tehtaan jalkapallokentt\u00e4"},{"@type":"BreadcrumbList","@id":"https:\/\/www.horizont.fi\/product\/tehtaan-kentta-kuva-nro-2-valkeakoski-7-2021\/#breadcrumb","itemListElement":[{"@type":"ListItem","position":1,"name":"Etusivu","item":"https:\/\/www.horizont.fi\/"},{"@type":"ListItem","position":2,"name":"KAUPPA","item":"https:\/\/www.horizont.fi\/kauppa\/"},{"@type":"ListItem","position":3,"name":"TEHTAAN KENTT\u00c4, kuva nro 2 \u2013 Valkeakoski, 7\/2021"}]},{"@type":"WebSite","@id":"https:\/\/www.horizont.fi\/#website","url":"https:\/\/www.horizont.fi\/","name":"HORIZONT \u2013 Ilmakuvaus","description":"Lennokkaita kuvia ja videoita","publisher":{"@id":"https:\/\/www.horizont.fi\/#organization"},"potentialAction":[{"@type":"SearchAction","target":{"@type":"EntryPoint","urlTemplate":"https:\/\/www.horizont.fi\/?s={search_term_string}"},"query-input":"required name=search_term_string"}],"inLanguage":"en-GB"},{"@type":"Organization","@id":"https:\/\/www.horizont.fi\/#organization","name":"Horizont - Ilmakuvat","url":"https:\/\/www.horizont.fi\/","logo":{"@type":"ImageObject","inLanguage":"en-GB","@id":"https:\/\/www.horizont.fi\/#\/schema\/logo\/image\/","url":"https:\/\/www.horizont.fi\/horizont\/wp-content\/uploads\/2017\/02\/cropped-logo-horizont2-150.png","contentUrl":"https:\/\/www.horizont.fi\/horizont\/wp-content\/uploads\/2017\/02\/cropped-logo-horizont2-150.png","width":136,"height":122,"caption":"Horizont - Ilmakuvat"},"image":{"@id":"https:\/\/www.horizont.fi\/#\/schema\/logo\/image\/"},"sameAs":["https:\/\/www.facebook.com\/Horizont.Aerial.Photographers\/","https:\/\/www.instagram.com\/horizont.fi\/","https:\/\/www.youtube.com\/channel\/UC_1M_GpRMYCa9dlvKBQdy-g"]}]}},"_links":{"self":[{"href":"https:\/\/www.horizont.fi\/en\/wp-json\/wp\/v2\/product\/12624"}],"collection":[{"href":"https:\/\/www.horizont.fi\/en\/wp-json\/wp\/v2\/product"}],"about":[{"href":"https:\/\/www.horizont.fi\/en\/wp-json\/wp\/v2\/types\/product"}],"replies":[{"embeddable":true,"href":"https:\/\/www.horizont.fi\/en\/wp-json\/wp\/v2\/comments?post=12624"}],"wp:featuredmedia":[{"embeddable":true,"href":"https:\/\/www.horizont.fi\/en\/wp-json\/wp\/v2\/media\/12610"}],"wp:attachment":[{"href":"https:\/\/www.horizont.fi\/en\/wp-json\/wp\/v2\/media?parent=12624"}],"wp:term":[{"taxonomy":"product_cat","embeddable":true,"href":"https:\/\/www.horizont.fi\/en\/wp-json\/wp\/v2\/product_cat?post=12624"},{"taxonomy":"product_tag","embeddable":true,"href":"https:\/\/www.horizont.fi\/en\/wp-json\/wp\/v2\/product_tag?post=12624"}],"curies":[{"name":"wp","href":"https:\/\/api.w.org\/{rel}","templated":true}]}}