{"id":12693,"date":"2021-07-12T23:42:54","date_gmt":"2021-07-12T20:42:54","guid":{"rendered":"http:\/\/www.horizont.fi\/?post_type=product&#038;p=12693"},"modified":"2021-07-12T23:45:13","modified_gmt":"2021-07-12T20:45:13","slug":"horforsin-ruukki-kuva-nro-5-karkkila-2021","status":"publish","type":"product","link":"https:\/\/www.horizont.fi\/en\/product\/horforsin-ruukki-kuva-nro-5-karkkila-2021\/","title":{"rendered":"H\u00d6RFORSIN RUUKKI, kuva nro 5 \u2013 Karkkila, 2021"},"content":{"rendered":"","protected":false},"excerpt":{"rendered":"<p><span style=\"color: #ff0000;\">N\u00e4et myyt\u00e4v\u00e4n kuvan koko laajuudessaan klikkaamalla viereist\u00e4 kuvaa.<\/span><\/p>\n<p>1820-luvulla perustetussa H\u00f6gforsin Karkkilan ruukissa on edelleen teollista tuotantoa kun Componenta Oy:ll\u00e4 toimii siell\u00e4 rautavalimo.\u00a0\u00a0Karkkilan keskustan v\u00e4litt\u00f6m\u00e4ss\u00e4 l\u00e4heisyydess\u00e4 sijaitsevan ruukin alue on per\u00e4ti 15 hehtaarin kokoinen ja rakennuksissa on tiloja yli 65 000 m2. Tehdasrakennuksia ymp\u00e4r\u00f6iv\u00e4t puistot ja puutarhat ja v\u00e4lj\u00e4sti rakennettu Johtajiston m\u00e4ki sek\u00e4 Ruukin kartano muodostaa teollisuusymp\u00e4rist\u00f6lle selke\u00e4n vastakohdan. Tuotannosta tyhjentyneit\u00e4 tiloja on otettu viime vuosina muuhun k\u00e4ytt\u00f6\u00f6n; tiloissa toimii mm. Karkkilan kaupungintalo, valimomuseo sek\u00e4 kirjasto.<\/p>\n<div>Kuva: Ari Lepist\u00f6<\/div>","protected":false},"featured_media":12679,"comment_status":"closed","ping_status":"closed","template":"","meta":{"_monsterinsights_skip_tracking":false,"_monsterinsights_sitenote_active":false,"_monsterinsights_sitenote_note":"","_monsterinsights_sitenote_category":0},"product_cat":[1799],"product_tag":[385,1818,1819,1614,387,1801,1820,1821],"yoast_head":"<!-- This site is optimized with the Yoast SEO plugin v22.6 - https:\/\/yoast.com\/wordpress\/plugins\/seo\/ -->\n<title>H\u00d6RFORSIN RUUKKI, kuva nro 5 \u2013 Karkkila, 2021 - HORIZONT \u2013 Ilmakuvaus<\/title>\n<meta name=\"description\" content=\"Kuvaamme kauko-ohjattavilla kamerakoptereilla. Saat ammattitaidolla ja luotettavasti toteutetut videot ja ilmakuvat edullisesti joko suoraan kuvapankista tai tilaamalla kuvaajamme kohteeseesi.\" \/>\n<meta name=\"robots\" content=\"index, follow, max-snippet:-1, max-image-preview:large, max-video-preview:-1\" \/>\n<link rel=\"canonical\" href=\"https:\/\/www.horizont.fi\/en\/product\/horforsin-ruukki-kuva-nro-5-karkkila-2021\/\" \/>\n<meta property=\"og:locale\" content=\"en_GB\" \/>\n<meta property=\"og:type\" content=\"article\" \/>\n<meta property=\"og:title\" content=\"H\u00d6RFORSIN RUUKKI, kuva nro 5 \u2013 Karkkila, 2021 - HORIZONT \u2013 Ilmakuvaus\" \/>\n<meta property=\"og:description\" content=\"Kuvaamme kauko-ohjattavilla kamerakoptereilla. Saat ammattitaidolla ja luotettavasti toteutetut videot ja ilmakuvat edullisesti joko suoraan kuvapankista tai tilaamalla kuvaajamme kohteeseesi.\" \/>\n<meta property=\"og:url\" content=\"https:\/\/www.horizont.fi\/en\/product\/horforsin-ruukki-kuva-nro-5-karkkila-2021\/\" \/>\n<meta property=\"og:site_name\" content=\"HORIZONT \u2013 Ilmakuvaus\" \/>\n<meta property=\"article:publisher\" content=\"https:\/\/www.facebook.com\/Horizont.Aerial.Photographers\/\" \/>\n<meta property=\"article:modified_time\" content=\"2021-07-12T20:45:13+00:00\" \/>\n<meta property=\"og:image\" content=\"https:\/\/www.horizont.fi\/horizont\/wp-content\/uploads\/2021\/07\/Horizont.fi_Hogforsin-ruukki2_Ari_Lepisto_vesileimalla-1.jpg\" \/>\n\t<meta property=\"og:image:width\" content=\"2428\" \/>\n\t<meta property=\"og:image:height\" content=\"1518\" \/>\n\t<meta property=\"og:image:type\" content=\"image\/jpeg\" \/>\n<meta name=\"twitter:card\" content=\"summary_large_image\" \/>\n<script type=\"application\/ld+json\" class=\"yoast-schema-graph\">{\"@context\":\"https:\/\/schema.org\",\"@graph\":[{\"@type\":\"WebPage\",\"@id\":\"https:\/\/www.horizont.fi\/product\/horforsin-ruukki-kuva-nro-5-karkkila-2021\/\",\"url\":\"https:\/\/www.horizont.fi\/product\/horforsin-ruukki-kuva-nro-5-karkkila-2021\/\",\"name\":\"H\u00d6RFORSIN RUUKKI, kuva nro 5 \u2013 Karkkila, 2021 - HORIZONT \u2013 Ilmakuvaus\",\"isPartOf\":{\"@id\":\"https:\/\/www.horizont.fi\/#website\"},\"primaryImageOfPage\":{\"@id\":\"https:\/\/www.horizont.fi\/product\/horforsin-ruukki-kuva-nro-5-karkkila-2021\/#primaryimage\"},\"image\":{\"@id\":\"https:\/\/www.horizont.fi\/product\/horforsin-ruukki-kuva-nro-5-karkkila-2021\/#primaryimage\"},\"thumbnailUrl\":\"https:\/\/www.horizont.fi\/horizont\/wp-content\/uploads\/2021\/07\/Horizont.fi_Hogforsin-ruukki2_Ari_Lepisto_vesileimalla-1.jpg\",\"datePublished\":\"2021-07-12T20:42:54+00:00\",\"dateModified\":\"2021-07-12T20:45:13+00:00\",\"description\":\"Kuvaamme kauko-ohjattavilla kamerakoptereilla. Saat ammattitaidolla ja luotettavasti toteutetut videot ja ilmakuvat edullisesti joko suoraan kuvapankista tai tilaamalla kuvaajamme kohteeseesi.\",\"breadcrumb\":{\"@id\":\"https:\/\/www.horizont.fi\/product\/horforsin-ruukki-kuva-nro-5-karkkila-2021\/#breadcrumb\"},\"inLanguage\":\"en-GB\",\"potentialAction\":[{\"@type\":\"ReadAction\",\"target\":[\"https:\/\/www.horizont.fi\/product\/horforsin-ruukki-kuva-nro-5-karkkila-2021\/\"]}]},{\"@type\":\"ImageObject\",\"inLanguage\":\"en-GB\",\"@id\":\"https:\/\/www.horizont.fi\/product\/horforsin-ruukki-kuva-nro-5-karkkila-2021\/#primaryimage\",\"url\":\"https:\/\/www.horizont.fi\/horizont\/wp-content\/uploads\/2021\/07\/Horizont.fi_Hogforsin-ruukki2_Ari_Lepisto_vesileimalla-1.jpg\",\"contentUrl\":\"https:\/\/www.horizont.fi\/horizont\/wp-content\/uploads\/2021\/07\/Horizont.fi_Hogforsin-ruukki2_Ari_Lepisto_vesileimalla-1.jpg\",\"width\":2428,\"height\":1518,\"caption\":\"kuva h\u00f6gfors valimo\"},{\"@type\":\"BreadcrumbList\",\"@id\":\"https:\/\/www.horizont.fi\/product\/horforsin-ruukki-kuva-nro-5-karkkila-2021\/#breadcrumb\",\"itemListElement\":[{\"@type\":\"ListItem\",\"position\":1,\"name\":\"Etusivu\",\"item\":\"https:\/\/www.horizont.fi\/\"},{\"@type\":\"ListItem\",\"position\":2,\"name\":\"KAUPPA\",\"item\":\"https:\/\/www.horizont.fi\/kauppa\/\"},{\"@type\":\"ListItem\",\"position\":3,\"name\":\"H\u00d6RFORSIN RUUKKI, kuva nro 5 \u2013 Karkkila, 2021\"}]},{\"@type\":\"WebSite\",\"@id\":\"https:\/\/www.horizont.fi\/#website\",\"url\":\"https:\/\/www.horizont.fi\/\",\"name\":\"HORIZONT \u2013 Ilmakuvaus\",\"description\":\"Lennokkaita kuvia ja videoita\",\"publisher\":{\"@id\":\"https:\/\/www.horizont.fi\/#organization\"},\"potentialAction\":[{\"@type\":\"SearchAction\",\"target\":{\"@type\":\"EntryPoint\",\"urlTemplate\":\"https:\/\/www.horizont.fi\/?s={search_term_string}\"},\"query-input\":\"required name=search_term_string\"}],\"inLanguage\":\"en-GB\"},{\"@type\":\"Organization\",\"@id\":\"https:\/\/www.horizont.fi\/#organization\",\"name\":\"Horizont - Ilmakuvat\",\"url\":\"https:\/\/www.horizont.fi\/\",\"logo\":{\"@type\":\"ImageObject\",\"inLanguage\":\"en-GB\",\"@id\":\"https:\/\/www.horizont.fi\/#\/schema\/logo\/image\/\",\"url\":\"https:\/\/www.horizont.fi\/horizont\/wp-content\/uploads\/2017\/02\/cropped-logo-horizont2-150.png\",\"contentUrl\":\"https:\/\/www.horizont.fi\/horizont\/wp-content\/uploads\/2017\/02\/cropped-logo-horizont2-150.png\",\"width\":136,\"height\":122,\"caption\":\"Horizont - Ilmakuvat\"},\"image\":{\"@id\":\"https:\/\/www.horizont.fi\/#\/schema\/logo\/image\/\"},\"sameAs\":[\"https:\/\/www.facebook.com\/Horizont.Aerial.Photographers\/\",\"https:\/\/www.instagram.com\/horizont.fi\/\",\"https:\/\/www.youtube.com\/channel\/UC_1M_GpRMYCa9dlvKBQdy-g\"]}]}<\/script>\n<!-- \/ Yoast SEO plugin. -->","yoast_head_json":{"title":"H\u00d6RFORSIN RUUKKI, kuva nro 5 \u2013 Karkkila, 2021 - HORIZONT \u2013 Ilmakuvaus","description":"Kuvaamme kauko-ohjattavilla kamerakoptereilla. Saat ammattitaidolla ja luotettavasti toteutetut videot ja ilmakuvat edullisesti joko suoraan kuvapankista tai tilaamalla kuvaajamme kohteeseesi.","robots":{"index":"index","follow":"follow","max-snippet":"max-snippet:-1","max-image-preview":"max-image-preview:large","max-video-preview":"max-video-preview:-1"},"canonical":"https:\/\/www.horizont.fi\/en\/product\/horforsin-ruukki-kuva-nro-5-karkkila-2021\/","og_locale":"en_GB","og_type":"article","og_title":"H\u00d6RFORSIN RUUKKI, kuva nro 5 \u2013 Karkkila, 2021 - HORIZONT \u2013 Ilmakuvaus","og_description":"Kuvaamme kauko-ohjattavilla kamerakoptereilla. Saat ammattitaidolla ja luotettavasti toteutetut videot ja ilmakuvat edullisesti joko suoraan kuvapankista tai tilaamalla kuvaajamme kohteeseesi.","og_url":"https:\/\/www.horizont.fi\/en\/product\/horforsin-ruukki-kuva-nro-5-karkkila-2021\/","og_site_name":"HORIZONT \u2013 Ilmakuvaus","article_publisher":"https:\/\/www.facebook.com\/Horizont.Aerial.Photographers\/","article_modified_time":"2021-07-12T20:45:13+00:00","og_image":[{"width":2428,"height":1518,"url":"https:\/\/www.horizont.fi\/horizont\/wp-content\/uploads\/2021\/07\/Horizont.fi_Hogforsin-ruukki2_Ari_Lepisto_vesileimalla-1.jpg","type":"image\/jpeg"}],"twitter_card":"summary_large_image","schema":{"@context":"https:\/\/schema.org","@graph":[{"@type":"WebPage","@id":"https:\/\/www.horizont.fi\/product\/horforsin-ruukki-kuva-nro-5-karkkila-2021\/","url":"https:\/\/www.horizont.fi\/product\/horforsin-ruukki-kuva-nro-5-karkkila-2021\/","name":"H\u00d6RFORSIN RUUKKI, kuva nro 5 \u2013 Karkkila, 2021 - HORIZONT \u2013 Ilmakuvaus","isPartOf":{"@id":"https:\/\/www.horizont.fi\/#website"},"primaryImageOfPage":{"@id":"https:\/\/www.horizont.fi\/product\/horforsin-ruukki-kuva-nro-5-karkkila-2021\/#primaryimage"},"image":{"@id":"https:\/\/www.horizont.fi\/product\/horforsin-ruukki-kuva-nro-5-karkkila-2021\/#primaryimage"},"thumbnailUrl":"https:\/\/www.horizont.fi\/horizont\/wp-content\/uploads\/2021\/07\/Horizont.fi_Hogforsin-ruukki2_Ari_Lepisto_vesileimalla-1.jpg","datePublished":"2021-07-12T20:42:54+00:00","dateModified":"2021-07-12T20:45:13+00:00","description":"Kuvaamme kauko-ohjattavilla kamerakoptereilla. Saat ammattitaidolla ja luotettavasti toteutetut videot ja ilmakuvat edullisesti joko suoraan kuvapankista tai tilaamalla kuvaajamme kohteeseesi.","breadcrumb":{"@id":"https:\/\/www.horizont.fi\/product\/horforsin-ruukki-kuva-nro-5-karkkila-2021\/#breadcrumb"},"inLanguage":"en-GB","potentialAction":[{"@type":"ReadAction","target":["https:\/\/www.horizont.fi\/product\/horforsin-ruukki-kuva-nro-5-karkkila-2021\/"]}]},{"@type":"ImageObject","inLanguage":"en-GB","@id":"https:\/\/www.horizont.fi\/product\/horforsin-ruukki-kuva-nro-5-karkkila-2021\/#primaryimage","url":"https:\/\/www.horizont.fi\/horizont\/wp-content\/uploads\/2021\/07\/Horizont.fi_Hogforsin-ruukki2_Ari_Lepisto_vesileimalla-1.jpg","contentUrl":"https:\/\/www.horizont.fi\/horizont\/wp-content\/uploads\/2021\/07\/Horizont.fi_Hogforsin-ruukki2_Ari_Lepisto_vesileimalla-1.jpg","width":2428,"height":1518,"caption":"kuva h\u00f6gfors valimo"},{"@type":"BreadcrumbList","@id":"https:\/\/www.horizont.fi\/product\/horforsin-ruukki-kuva-nro-5-karkkila-2021\/#breadcrumb","itemListElement":[{"@type":"ListItem","position":1,"name":"Etusivu","item":"https:\/\/www.horizont.fi\/"},{"@type":"ListItem","position":2,"name":"KAUPPA","item":"https:\/\/www.horizont.fi\/kauppa\/"},{"@type":"ListItem","position":3,"name":"H\u00d6RFORSIN RUUKKI, kuva nro 5 \u2013 Karkkila, 2021"}]},{"@type":"WebSite","@id":"https:\/\/www.horizont.fi\/#website","url":"https:\/\/www.horizont.fi\/","name":"HORIZONT \u2013 Ilmakuvaus","description":"Lennokkaita kuvia ja videoita","publisher":{"@id":"https:\/\/www.horizont.fi\/#organization"},"potentialAction":[{"@type":"SearchAction","target":{"@type":"EntryPoint","urlTemplate":"https:\/\/www.horizont.fi\/?s={search_term_string}"},"query-input":"required name=search_term_string"}],"inLanguage":"en-GB"},{"@type":"Organization","@id":"https:\/\/www.horizont.fi\/#organization","name":"Horizont - Ilmakuvat","url":"https:\/\/www.horizont.fi\/","logo":{"@type":"ImageObject","inLanguage":"en-GB","@id":"https:\/\/www.horizont.fi\/#\/schema\/logo\/image\/","url":"https:\/\/www.horizont.fi\/horizont\/wp-content\/uploads\/2017\/02\/cropped-logo-horizont2-150.png","contentUrl":"https:\/\/www.horizont.fi\/horizont\/wp-content\/uploads\/2017\/02\/cropped-logo-horizont2-150.png","width":136,"height":122,"caption":"Horizont - Ilmakuvat"},"image":{"@id":"https:\/\/www.horizont.fi\/#\/schema\/logo\/image\/"},"sameAs":["https:\/\/www.facebook.com\/Horizont.Aerial.Photographers\/","https:\/\/www.instagram.com\/horizont.fi\/","https:\/\/www.youtube.com\/channel\/UC_1M_GpRMYCa9dlvKBQdy-g"]}]}},"_links":{"self":[{"href":"https:\/\/www.horizont.fi\/en\/wp-json\/wp\/v2\/product\/12693"}],"collection":[{"href":"https:\/\/www.horizont.fi\/en\/wp-json\/wp\/v2\/product"}],"about":[{"href":"https:\/\/www.horizont.fi\/en\/wp-json\/wp\/v2\/types\/product"}],"replies":[{"embeddable":true,"href":"https:\/\/www.horizont.fi\/en\/wp-json\/wp\/v2\/comments?post=12693"}],"wp:featuredmedia":[{"embeddable":true,"href":"https:\/\/www.horizont.fi\/en\/wp-json\/wp\/v2\/media\/12679"}],"wp:attachment":[{"href":"https:\/\/www.horizont.fi\/en\/wp-json\/wp\/v2\/media?parent=12693"}],"wp:term":[{"taxonomy":"product_cat","embeddable":true,"href":"https:\/\/www.horizont.fi\/en\/wp-json\/wp\/v2\/product_cat?post=12693"},{"taxonomy":"product_tag","embeddable":true,"href":"https:\/\/www.horizont.fi\/en\/wp-json\/wp\/v2\/product_tag?post=12693"}],"curies":[{"name":"wp","href":"https:\/\/api.w.org\/{rel}","templated":true}]}}