{"id":13192,"date":"2023-11-11T20:57:28","date_gmt":"2023-11-11T18:57:28","guid":{"rendered":"https:\/\/www.horizont.fi\/?post_type=product&#038;p=13192"},"modified":"2023-11-11T20:57:33","modified_gmt":"2023-11-11T18:57:33","slug":"luhtas-koykan-tuulimylly-kuva-nro-2-jalasjarvi-2023","status":"publish","type":"product","link":"https:\/\/www.horizont.fi\/en\/product\/luhtas-koykan-tuulimylly-kuva-nro-2-jalasjarvi-2023\/","title":{"rendered":"LUHTAS-K\u00d6YK\u00c4N TUULIMYLLY, kuva nro 2 \u2013 Jalasj\u00e4rvi, 2023"},"content":{"rendered":"","protected":false},"excerpt":{"rendered":"<p>N\u00e4et myyt\u00e4v\u00e4n kuvan kokonaisuudessaan klikkaamalla viereist\u00e4 kuvaa<\/p>\n<p>1870-luvulla rakennettu iso tuulimylly, jossa on tuulen suuntaan k\u00e4\u00e4ntyv\u00e4 yl\u00e4osa. Myllyn alaosan korkeus on 5 metri\u00e4, yl\u00e4osan 3 metri\u00e4. Siivet ylt\u00e4v\u00e4t 14 metrin korkeuteen. Jalasj\u00e4rvell\u00e4 tuulimyllyj\u00e4 oli aikanaan 1800-luvulla eritt\u00e4in paljon koska vesivoimaa ei ollut paljoakaan saatavilla. Yli 100 myllyst\u00e4 nyt j\u00e4ljell\u00e4 on entis\u00f6ityn\u00e4 7 kappaletta, joista vanhin on rakennettu 1700-luvulla.<\/p>\n<p>Kuva: Aleksi Lammi<\/p>","protected":false},"featured_media":13094,"comment_status":"closed","ping_status":"closed","template":"","meta":{"_monsterinsights_skip_tracking":false,"_monsterinsights_sitenote_active":false,"_monsterinsights_sitenote_note":"","_monsterinsights_sitenote_category":0},"product_cat":[1901],"product_tag":[374,1607,387,384,1882,1903,1764],"yoast_head":"<!-- This site is optimized with the Yoast SEO plugin v22.6 - https:\/\/yoast.com\/wordpress\/plugins\/seo\/ -->\n<title>LUHTAS-K\u00d6YK\u00c4N TUULIMYLLY, kuva nro 2 \u2013 Jalasj\u00e4rvi, 2023 - HORIZONT \u2013 Ilmakuvaus<\/title>\n<meta name=\"description\" content=\"Kuvaamme kauko-ohjattavilla kamerakoptereilla. Saat ammattitaidolla ja luotettavasti toteutetut videot ja ilmakuvat edullisesti joko suoraan kuvapankista tai tilaamalla kuvaajamme kohteeseesi.\" \/>\n<meta name=\"robots\" content=\"index, follow, max-snippet:-1, max-image-preview:large, max-video-preview:-1\" \/>\n<link rel=\"canonical\" href=\"https:\/\/www.horizont.fi\/en\/product\/luhtas-koykan-tuulimylly-kuva-nro-2-jalasjarvi-2023\/\" \/>\n<meta property=\"og:locale\" content=\"en_GB\" \/>\n<meta property=\"og:type\" content=\"article\" \/>\n<meta property=\"og:title\" content=\"LUHTAS-K\u00d6YK\u00c4N TUULIMYLLY, kuva nro 2 \u2013 Jalasj\u00e4rvi, 2023 - HORIZONT \u2013 Ilmakuvaus\" \/>\n<meta property=\"og:description\" content=\"Kuvaamme kauko-ohjattavilla kamerakoptereilla. Saat ammattitaidolla ja luotettavasti toteutetut videot ja ilmakuvat edullisesti joko suoraan kuvapankista tai tilaamalla kuvaajamme kohteeseesi.\" \/>\n<meta property=\"og:url\" content=\"https:\/\/www.horizont.fi\/en\/product\/luhtas-koykan-tuulimylly-kuva-nro-2-jalasjarvi-2023\/\" \/>\n<meta property=\"og:site_name\" content=\"HORIZONT \u2013 Ilmakuvaus\" \/>\n<meta property=\"article:publisher\" content=\"https:\/\/www.facebook.com\/Horizont.Aerial.Photographers\/\" \/>\n<meta property=\"article:modified_time\" content=\"2023-11-11T18:57:33+00:00\" \/>\n<meta property=\"og:image\" content=\"https:\/\/www.horizont.fi\/horizont\/wp-content\/uploads\/2023\/10\/LUHTAS-KOYKAN-TUULIMYLLY-kuva-nro-2-Jalasjarvi-2023-copyright-scaled.jpg\" \/>\n\t<meta property=\"og:image:width\" content=\"2560\" \/>\n\t<meta property=\"og:image:height\" content=\"1350\" \/>\n\t<meta property=\"og:image:type\" content=\"image\/jpeg\" \/>\n<meta name=\"twitter:card\" content=\"summary_large_image\" \/>\n<script type=\"application\/ld+json\" class=\"yoast-schema-graph\">{\"@context\":\"https:\/\/schema.org\",\"@graph\":[{\"@type\":\"WebPage\",\"@id\":\"https:\/\/www.horizont.fi\/product\/luhtas-koykan-tuulimylly-kuva-nro-2-jalasjarvi-2023\/\",\"url\":\"https:\/\/www.horizont.fi\/product\/luhtas-koykan-tuulimylly-kuva-nro-2-jalasjarvi-2023\/\",\"name\":\"LUHTAS-K\u00d6YK\u00c4N TUULIMYLLY, kuva nro 2 \u2013 Jalasj\u00e4rvi, 2023 - HORIZONT \u2013 Ilmakuvaus\",\"isPartOf\":{\"@id\":\"https:\/\/www.horizont.fi\/#website\"},\"primaryImageOfPage\":{\"@id\":\"https:\/\/www.horizont.fi\/product\/luhtas-koykan-tuulimylly-kuva-nro-2-jalasjarvi-2023\/#primaryimage\"},\"image\":{\"@id\":\"https:\/\/www.horizont.fi\/product\/luhtas-koykan-tuulimylly-kuva-nro-2-jalasjarvi-2023\/#primaryimage\"},\"thumbnailUrl\":\"https:\/\/www.horizont.fi\/horizont\/wp-content\/uploads\/2023\/10\/LUHTAS-KOYKAN-TUULIMYLLY-kuva-nro-2-Jalasjarvi-2023-copyright-scaled.jpg\",\"datePublished\":\"2023-11-11T18:57:28+00:00\",\"dateModified\":\"2023-11-11T18:57:33+00:00\",\"description\":\"Kuvaamme kauko-ohjattavilla kamerakoptereilla. Saat ammattitaidolla ja luotettavasti toteutetut videot ja ilmakuvat edullisesti joko suoraan kuvapankista tai tilaamalla kuvaajamme kohteeseesi.\",\"breadcrumb\":{\"@id\":\"https:\/\/www.horizont.fi\/product\/luhtas-koykan-tuulimylly-kuva-nro-2-jalasjarvi-2023\/#breadcrumb\"},\"inLanguage\":\"en-GB\",\"potentialAction\":[{\"@type\":\"ReadAction\",\"target\":[\"https:\/\/www.horizont.fi\/product\/luhtas-koykan-tuulimylly-kuva-nro-2-jalasjarvi-2023\/\"]}]},{\"@type\":\"ImageObject\",\"inLanguage\":\"en-GB\",\"@id\":\"https:\/\/www.horizont.fi\/product\/luhtas-koykan-tuulimylly-kuva-nro-2-jalasjarvi-2023\/#primaryimage\",\"url\":\"https:\/\/www.horizont.fi\/horizont\/wp-content\/uploads\/2023\/10\/LUHTAS-KOYKAN-TUULIMYLLY-kuva-nro-2-Jalasjarvi-2023-copyright-scaled.jpg\",\"contentUrl\":\"https:\/\/www.horizont.fi\/horizont\/wp-content\/uploads\/2023\/10\/LUHTAS-KOYKAN-TUULIMYLLY-kuva-nro-2-Jalasjarvi-2023-copyright-scaled.jpg\",\"width\":2560,\"height\":1350,\"caption\":\"valokuva kuvaus@micmedi.fi,\"},{\"@type\":\"BreadcrumbList\",\"@id\":\"https:\/\/www.horizont.fi\/product\/luhtas-koykan-tuulimylly-kuva-nro-2-jalasjarvi-2023\/#breadcrumb\",\"itemListElement\":[{\"@type\":\"ListItem\",\"position\":1,\"name\":\"Etusivu\",\"item\":\"https:\/\/www.horizont.fi\/\"},{\"@type\":\"ListItem\",\"position\":2,\"name\":\"KAUPPA\",\"item\":\"https:\/\/www.horizont.fi\/kauppa\/\"},{\"@type\":\"ListItem\",\"position\":3,\"name\":\"LUHTAS-K\u00d6YK\u00c4N TUULIMYLLY, kuva nro 2 \u2013 Jalasj\u00e4rvi, 2023\"}]},{\"@type\":\"WebSite\",\"@id\":\"https:\/\/www.horizont.fi\/#website\",\"url\":\"https:\/\/www.horizont.fi\/\",\"name\":\"HORIZONT \u2013 Ilmakuvaus\",\"description\":\"Lennokkaita kuvia ja videoita\",\"publisher\":{\"@id\":\"https:\/\/www.horizont.fi\/#organization\"},\"potentialAction\":[{\"@type\":\"SearchAction\",\"target\":{\"@type\":\"EntryPoint\",\"urlTemplate\":\"https:\/\/www.horizont.fi\/?s={search_term_string}\"},\"query-input\":\"required name=search_term_string\"}],\"inLanguage\":\"en-GB\"},{\"@type\":\"Organization\",\"@id\":\"https:\/\/www.horizont.fi\/#organization\",\"name\":\"Horizont - Ilmakuvat\",\"url\":\"https:\/\/www.horizont.fi\/\",\"logo\":{\"@type\":\"ImageObject\",\"inLanguage\":\"en-GB\",\"@id\":\"https:\/\/www.horizont.fi\/#\/schema\/logo\/image\/\",\"url\":\"https:\/\/www.horizont.fi\/horizont\/wp-content\/uploads\/2017\/02\/cropped-logo-horizont2-150.png\",\"contentUrl\":\"https:\/\/www.horizont.fi\/horizont\/wp-content\/uploads\/2017\/02\/cropped-logo-horizont2-150.png\",\"width\":136,\"height\":122,\"caption\":\"Horizont - Ilmakuvat\"},\"image\":{\"@id\":\"https:\/\/www.horizont.fi\/#\/schema\/logo\/image\/\"},\"sameAs\":[\"https:\/\/www.facebook.com\/Horizont.Aerial.Photographers\/\",\"https:\/\/www.instagram.com\/horizont.fi\/\",\"https:\/\/www.youtube.com\/channel\/UC_1M_GpRMYCa9dlvKBQdy-g\"]}]}<\/script>\n<!-- \/ Yoast SEO plugin. -->","yoast_head_json":{"title":"LUHTAS-K\u00d6YK\u00c4N TUULIMYLLY, kuva nro 2 \u2013 Jalasj\u00e4rvi, 2023 - HORIZONT \u2013 Ilmakuvaus","description":"Kuvaamme kauko-ohjattavilla kamerakoptereilla. Saat ammattitaidolla ja luotettavasti toteutetut videot ja ilmakuvat edullisesti joko suoraan kuvapankista tai tilaamalla kuvaajamme kohteeseesi.","robots":{"index":"index","follow":"follow","max-snippet":"max-snippet:-1","max-image-preview":"max-image-preview:large","max-video-preview":"max-video-preview:-1"},"canonical":"https:\/\/www.horizont.fi\/en\/product\/luhtas-koykan-tuulimylly-kuva-nro-2-jalasjarvi-2023\/","og_locale":"en_GB","og_type":"article","og_title":"LUHTAS-K\u00d6YK\u00c4N TUULIMYLLY, kuva nro 2 \u2013 Jalasj\u00e4rvi, 2023 - HORIZONT \u2013 Ilmakuvaus","og_description":"Kuvaamme kauko-ohjattavilla kamerakoptereilla. Saat ammattitaidolla ja luotettavasti toteutetut videot ja ilmakuvat edullisesti joko suoraan kuvapankista tai tilaamalla kuvaajamme kohteeseesi.","og_url":"https:\/\/www.horizont.fi\/en\/product\/luhtas-koykan-tuulimylly-kuva-nro-2-jalasjarvi-2023\/","og_site_name":"HORIZONT \u2013 Ilmakuvaus","article_publisher":"https:\/\/www.facebook.com\/Horizont.Aerial.Photographers\/","article_modified_time":"2023-11-11T18:57:33+00:00","og_image":[{"width":2560,"height":1350,"url":"https:\/\/www.horizont.fi\/horizont\/wp-content\/uploads\/2023\/10\/LUHTAS-KOYKAN-TUULIMYLLY-kuva-nro-2-Jalasjarvi-2023-copyright-scaled.jpg","type":"image\/jpeg"}],"twitter_card":"summary_large_image","schema":{"@context":"https:\/\/schema.org","@graph":[{"@type":"WebPage","@id":"https:\/\/www.horizont.fi\/product\/luhtas-koykan-tuulimylly-kuva-nro-2-jalasjarvi-2023\/","url":"https:\/\/www.horizont.fi\/product\/luhtas-koykan-tuulimylly-kuva-nro-2-jalasjarvi-2023\/","name":"LUHTAS-K\u00d6YK\u00c4N TUULIMYLLY, kuva nro 2 \u2013 Jalasj\u00e4rvi, 2023 - HORIZONT \u2013 Ilmakuvaus","isPartOf":{"@id":"https:\/\/www.horizont.fi\/#website"},"primaryImageOfPage":{"@id":"https:\/\/www.horizont.fi\/product\/luhtas-koykan-tuulimylly-kuva-nro-2-jalasjarvi-2023\/#primaryimage"},"image":{"@id":"https:\/\/www.horizont.fi\/product\/luhtas-koykan-tuulimylly-kuva-nro-2-jalasjarvi-2023\/#primaryimage"},"thumbnailUrl":"https:\/\/www.horizont.fi\/horizont\/wp-content\/uploads\/2023\/10\/LUHTAS-KOYKAN-TUULIMYLLY-kuva-nro-2-Jalasjarvi-2023-copyright-scaled.jpg","datePublished":"2023-11-11T18:57:28+00:00","dateModified":"2023-11-11T18:57:33+00:00","description":"Kuvaamme kauko-ohjattavilla kamerakoptereilla. Saat ammattitaidolla ja luotettavasti toteutetut videot ja ilmakuvat edullisesti joko suoraan kuvapankista tai tilaamalla kuvaajamme kohteeseesi.","breadcrumb":{"@id":"https:\/\/www.horizont.fi\/product\/luhtas-koykan-tuulimylly-kuva-nro-2-jalasjarvi-2023\/#breadcrumb"},"inLanguage":"en-GB","potentialAction":[{"@type":"ReadAction","target":["https:\/\/www.horizont.fi\/product\/luhtas-koykan-tuulimylly-kuva-nro-2-jalasjarvi-2023\/"]}]},{"@type":"ImageObject","inLanguage":"en-GB","@id":"https:\/\/www.horizont.fi\/product\/luhtas-koykan-tuulimylly-kuva-nro-2-jalasjarvi-2023\/#primaryimage","url":"https:\/\/www.horizont.fi\/horizont\/wp-content\/uploads\/2023\/10\/LUHTAS-KOYKAN-TUULIMYLLY-kuva-nro-2-Jalasjarvi-2023-copyright-scaled.jpg","contentUrl":"https:\/\/www.horizont.fi\/horizont\/wp-content\/uploads\/2023\/10\/LUHTAS-KOYKAN-TUULIMYLLY-kuva-nro-2-Jalasjarvi-2023-copyright-scaled.jpg","width":2560,"height":1350,"caption":"valokuva kuvaus@micmedi.fi,"},{"@type":"BreadcrumbList","@id":"https:\/\/www.horizont.fi\/product\/luhtas-koykan-tuulimylly-kuva-nro-2-jalasjarvi-2023\/#breadcrumb","itemListElement":[{"@type":"ListItem","position":1,"name":"Etusivu","item":"https:\/\/www.horizont.fi\/"},{"@type":"ListItem","position":2,"name":"KAUPPA","item":"https:\/\/www.horizont.fi\/kauppa\/"},{"@type":"ListItem","position":3,"name":"LUHTAS-K\u00d6YK\u00c4N TUULIMYLLY, kuva nro 2 \u2013 Jalasj\u00e4rvi, 2023"}]},{"@type":"WebSite","@id":"https:\/\/www.horizont.fi\/#website","url":"https:\/\/www.horizont.fi\/","name":"HORIZONT \u2013 Ilmakuvaus","description":"Lennokkaita kuvia ja videoita","publisher":{"@id":"https:\/\/www.horizont.fi\/#organization"},"potentialAction":[{"@type":"SearchAction","target":{"@type":"EntryPoint","urlTemplate":"https:\/\/www.horizont.fi\/?s={search_term_string}"},"query-input":"required name=search_term_string"}],"inLanguage":"en-GB"},{"@type":"Organization","@id":"https:\/\/www.horizont.fi\/#organization","name":"Horizont - Ilmakuvat","url":"https:\/\/www.horizont.fi\/","logo":{"@type":"ImageObject","inLanguage":"en-GB","@id":"https:\/\/www.horizont.fi\/#\/schema\/logo\/image\/","url":"https:\/\/www.horizont.fi\/horizont\/wp-content\/uploads\/2017\/02\/cropped-logo-horizont2-150.png","contentUrl":"https:\/\/www.horizont.fi\/horizont\/wp-content\/uploads\/2017\/02\/cropped-logo-horizont2-150.png","width":136,"height":122,"caption":"Horizont - Ilmakuvat"},"image":{"@id":"https:\/\/www.horizont.fi\/#\/schema\/logo\/image\/"},"sameAs":["https:\/\/www.facebook.com\/Horizont.Aerial.Photographers\/","https:\/\/www.instagram.com\/horizont.fi\/","https:\/\/www.youtube.com\/channel\/UC_1M_GpRMYCa9dlvKBQdy-g"]}]}},"_links":{"self":[{"href":"https:\/\/www.horizont.fi\/en\/wp-json\/wp\/v2\/product\/13192"}],"collection":[{"href":"https:\/\/www.horizont.fi\/en\/wp-json\/wp\/v2\/product"}],"about":[{"href":"https:\/\/www.horizont.fi\/en\/wp-json\/wp\/v2\/types\/product"}],"replies":[{"embeddable":true,"href":"https:\/\/www.horizont.fi\/en\/wp-json\/wp\/v2\/comments?post=13192"}],"wp:featuredmedia":[{"embeddable":true,"href":"https:\/\/www.horizont.fi\/en\/wp-json\/wp\/v2\/media\/13094"}],"wp:attachment":[{"href":"https:\/\/www.horizont.fi\/en\/wp-json\/wp\/v2\/media?parent=13192"}],"wp:term":[{"taxonomy":"product_cat","embeddable":true,"href":"https:\/\/www.horizont.fi\/en\/wp-json\/wp\/v2\/product_cat?post=13192"},{"taxonomy":"product_tag","embeddable":true,"href":"https:\/\/www.horizont.fi\/en\/wp-json\/wp\/v2\/product_tag?post=13192"}],"curies":[{"name":"wp","href":"https:\/\/api.w.org\/{rel}","templated":true}]}}