{"id":2872,"date":"2017-04-17T19:09:58","date_gmt":"2017-04-17T16:09:58","guid":{"rendered":"http:\/\/www.horizont.fi\/?post_type=product&#038;p=2872"},"modified":"2019-11-30T19:27:32","modified_gmt":"2019-11-30T17:27:32","slug":"lohja-rantapuisto-kuvat-iii","status":"publish","type":"product","link":"https:\/\/www.horizont.fi\/en\/product\/lohja-rantapuisto-kuvat-iii\/","title":{"rendered":"YHTEISHINTAAN, kuvat I &#8211; III, Lohjan rantapuisto"},"content":{"rendered":"","protected":false},"excerpt":{"rendered":"<p>Lohjan keskusta on rakennettu Salpausselk\u00e4\u00e4n kuuluvan harjun rinteille, Lohjanj\u00e4rven rannalle. J\u00e4rven ja keskustan v\u00e4liin j\u00e4\u00e4v\u00e4ss\u00e4 Rantapuistossa on nurmikkoalue, uimaranta sek\u00e4 venesatama. Lohjanj\u00e4rvi on Uudenmaan maakunnan suurin j\u00e4rvi. J\u00e4rvess\u00e4 on 250 saarta ja sen rannoilla l\u00e4hes 3000 kes\u00e4m\u00f6kki\u00e4. Alueella tavataan useita etel\u00e4isi\u00e4 kasvi- ja el\u00e4inlajeja ison j\u00e4rven ja kalkkipitoisen maaper\u00e4n ansiosta. Alueella kasvaa mm. tammia, saarnia, lehmuksia ja p\u00e4hkin\u00e4pensaita. Esimerkiksi tammen osalta sen luontainen kasvualue Suomessa seuraa juuri Lohjanj\u00e4rven pohjoisrantaa.<br \/>\nKuvaaja: Ari Lepist\u00f6<\/p>","protected":false},"featured_media":2552,"comment_status":"closed","ping_status":"closed","template":"","meta":{"_monsterinsights_skip_tracking":false,"_monsterinsights_sitenote_active":false,"_monsterinsights_sitenote_note":"","_monsterinsights_sitenote_category":0},"product_cat":[64],"product_tag":[375,376,385,238,367,394,226,398,395,396,397],"yoast_head":"<!-- This site is optimized with the Yoast SEO plugin v22.6 - https:\/\/yoast.com\/wordpress\/plugins\/seo\/ -->\n<title>ilmakuva lohjan rantapuisto<\/title>\n<meta name=\"description\" content=\"Kuvaamme kauko-ohjattavilla kamerakoptereilla. Saat ammattitaidolla ja luotettavasti toteutetut videot ja ilmakuvat edullisesti joko suoraan kuvapankista tai tilaamalla kuvaajamme kohteeseesi.\" \/>\n<meta name=\"robots\" content=\"index, follow, max-snippet:-1, max-image-preview:large, max-video-preview:-1\" \/>\n<link rel=\"canonical\" href=\"https:\/\/www.horizont.fi\/en\/product\/lohja-rantapuisto-kuvat-iii\/\" \/>\n<meta property=\"og:locale\" content=\"en_GB\" \/>\n<meta property=\"og:type\" content=\"article\" \/>\n<meta property=\"og:title\" content=\"ilmakuva lohjan rantapuisto\" \/>\n<meta property=\"og:description\" content=\"Kuvaamme kauko-ohjattavilla kamerakoptereilla. Saat ammattitaidolla ja luotettavasti toteutetut videot ja ilmakuvat edullisesti joko suoraan kuvapankista tai tilaamalla kuvaajamme kohteeseesi.\" \/>\n<meta property=\"og:url\" content=\"https:\/\/www.horizont.fi\/en\/product\/lohja-rantapuisto-kuvat-iii\/\" \/>\n<meta property=\"og:site_name\" content=\"HORIZONT \u2013 Ilmakuvaus\" \/>\n<meta property=\"article:publisher\" content=\"https:\/\/www.facebook.com\/Horizont.Aerial.Photographers\/\" \/>\n<meta property=\"article:modified_time\" content=\"2019-11-30T17:27:32+00:00\" \/>\n<meta property=\"og:image\" content=\"https:\/\/www.horizont.fi\/horizont\/wp-content\/uploads\/2017\/04\/cr-Horizont-kuva_Lohja_I_Ari_Lepist\u00f6-scaled.jpg\" \/>\n\t<meta property=\"og:image:width\" content=\"3717\" \/>\n\t<meta property=\"og:image:height\" content=\"2100\" \/>\n\t<meta property=\"og:image:type\" content=\"image\/jpeg\" \/>\n<meta name=\"twitter:card\" content=\"summary_large_image\" \/>\n<script type=\"application\/ld+json\" class=\"yoast-schema-graph\">{\"@context\":\"https:\/\/schema.org\",\"@graph\":[{\"@type\":\"WebPage\",\"@id\":\"https:\/\/www.horizont.fi\/product\/lohja-rantapuisto-kuvat-iii\/\",\"url\":\"https:\/\/www.horizont.fi\/product\/lohja-rantapuisto-kuvat-iii\/\",\"name\":\"ilmakuva lohjan rantapuisto\",\"isPartOf\":{\"@id\":\"https:\/\/www.horizont.fi\/#website\"},\"primaryImageOfPage\":{\"@id\":\"https:\/\/www.horizont.fi\/product\/lohja-rantapuisto-kuvat-iii\/#primaryimage\"},\"image\":{\"@id\":\"https:\/\/www.horizont.fi\/product\/lohja-rantapuisto-kuvat-iii\/#primaryimage\"},\"thumbnailUrl\":\"https:\/\/www.horizont.fi\/horizont\/wp-content\/uploads\/2017\/04\/cr-Horizont-kuva_Lohja_I_Ari_Lepist\u00f6-scaled.jpg\",\"datePublished\":\"2017-04-17T16:09:58+00:00\",\"dateModified\":\"2019-11-30T17:27:32+00:00\",\"description\":\"Kuvaamme kauko-ohjattavilla kamerakoptereilla. Saat ammattitaidolla ja luotettavasti toteutetut videot ja ilmakuvat edullisesti joko suoraan kuvapankista tai tilaamalla kuvaajamme kohteeseesi.\",\"breadcrumb\":{\"@id\":\"https:\/\/www.horizont.fi\/product\/lohja-rantapuisto-kuvat-iii\/#breadcrumb\"},\"inLanguage\":\"en-GB\",\"potentialAction\":[{\"@type\":\"ReadAction\",\"target\":[\"https:\/\/www.horizont.fi\/product\/lohja-rantapuisto-kuvat-iii\/\"]}]},{\"@type\":\"ImageObject\",\"inLanguage\":\"en-GB\",\"@id\":\"https:\/\/www.horizont.fi\/product\/lohja-rantapuisto-kuvat-iii\/#primaryimage\",\"url\":\"https:\/\/www.horizont.fi\/horizont\/wp-content\/uploads\/2017\/04\/cr-Horizont-kuva_Lohja_I_Ari_Lepist\u00f6-scaled.jpg\",\"contentUrl\":\"https:\/\/www.horizont.fi\/horizont\/wp-content\/uploads\/2017\/04\/cr-Horizont-kuva_Lohja_I_Ari_Lepist\u00f6-scaled.jpg\",\"width\":3717,\"height\":2100},{\"@type\":\"BreadcrumbList\",\"@id\":\"https:\/\/www.horizont.fi\/product\/lohja-rantapuisto-kuvat-iii\/#breadcrumb\",\"itemListElement\":[{\"@type\":\"ListItem\",\"position\":1,\"name\":\"Etusivu\",\"item\":\"https:\/\/www.horizont.fi\/\"},{\"@type\":\"ListItem\",\"position\":2,\"name\":\"KAUPPA\",\"item\":\"https:\/\/www.horizont.fi\/kauppa\/\"},{\"@type\":\"ListItem\",\"position\":3,\"name\":\"YHTEISHINTAAN, kuvat I &#8211; III, Lohjan rantapuisto\"}]},{\"@type\":\"WebSite\",\"@id\":\"https:\/\/www.horizont.fi\/#website\",\"url\":\"https:\/\/www.horizont.fi\/\",\"name\":\"HORIZONT \u2013 Ilmakuvaus\",\"description\":\"Lennokkaita kuvia ja videoita\",\"publisher\":{\"@id\":\"https:\/\/www.horizont.fi\/#organization\"},\"potentialAction\":[{\"@type\":\"SearchAction\",\"target\":{\"@type\":\"EntryPoint\",\"urlTemplate\":\"https:\/\/www.horizont.fi\/?s={search_term_string}\"},\"query-input\":\"required name=search_term_string\"}],\"inLanguage\":\"en-GB\"},{\"@type\":\"Organization\",\"@id\":\"https:\/\/www.horizont.fi\/#organization\",\"name\":\"Horizont - Ilmakuvat\",\"url\":\"https:\/\/www.horizont.fi\/\",\"logo\":{\"@type\":\"ImageObject\",\"inLanguage\":\"en-GB\",\"@id\":\"https:\/\/www.horizont.fi\/#\/schema\/logo\/image\/\",\"url\":\"https:\/\/www.horizont.fi\/horizont\/wp-content\/uploads\/2017\/02\/cropped-logo-horizont2-150.png\",\"contentUrl\":\"https:\/\/www.horizont.fi\/horizont\/wp-content\/uploads\/2017\/02\/cropped-logo-horizont2-150.png\",\"width\":136,\"height\":122,\"caption\":\"Horizont - Ilmakuvat\"},\"image\":{\"@id\":\"https:\/\/www.horizont.fi\/#\/schema\/logo\/image\/\"},\"sameAs\":[\"https:\/\/www.facebook.com\/Horizont.Aerial.Photographers\/\",\"https:\/\/www.instagram.com\/horizont.fi\/\",\"https:\/\/www.youtube.com\/channel\/UC_1M_GpRMYCa9dlvKBQdy-g\"]}]}<\/script>\n<!-- \/ Yoast SEO plugin. -->","yoast_head_json":{"title":"ilmakuva lohjan rantapuisto","description":"Kuvaamme kauko-ohjattavilla kamerakoptereilla. Saat ammattitaidolla ja luotettavasti toteutetut videot ja ilmakuvat edullisesti joko suoraan kuvapankista tai tilaamalla kuvaajamme kohteeseesi.","robots":{"index":"index","follow":"follow","max-snippet":"max-snippet:-1","max-image-preview":"max-image-preview:large","max-video-preview":"max-video-preview:-1"},"canonical":"https:\/\/www.horizont.fi\/en\/product\/lohja-rantapuisto-kuvat-iii\/","og_locale":"en_GB","og_type":"article","og_title":"ilmakuva lohjan rantapuisto","og_description":"Kuvaamme kauko-ohjattavilla kamerakoptereilla. Saat ammattitaidolla ja luotettavasti toteutetut videot ja ilmakuvat edullisesti joko suoraan kuvapankista tai tilaamalla kuvaajamme kohteeseesi.","og_url":"https:\/\/www.horizont.fi\/en\/product\/lohja-rantapuisto-kuvat-iii\/","og_site_name":"HORIZONT \u2013 Ilmakuvaus","article_publisher":"https:\/\/www.facebook.com\/Horizont.Aerial.Photographers\/","article_modified_time":"2019-11-30T17:27:32+00:00","og_image":[{"width":3717,"height":2100,"url":"https:\/\/www.horizont.fi\/horizont\/wp-content\/uploads\/2017\/04\/cr-Horizont-kuva_Lohja_I_Ari_Lepist\u00f6-scaled.jpg","type":"image\/jpeg"}],"twitter_card":"summary_large_image","schema":{"@context":"https:\/\/schema.org","@graph":[{"@type":"WebPage","@id":"https:\/\/www.horizont.fi\/product\/lohja-rantapuisto-kuvat-iii\/","url":"https:\/\/www.horizont.fi\/product\/lohja-rantapuisto-kuvat-iii\/","name":"ilmakuva lohjan rantapuisto","isPartOf":{"@id":"https:\/\/www.horizont.fi\/#website"},"primaryImageOfPage":{"@id":"https:\/\/www.horizont.fi\/product\/lohja-rantapuisto-kuvat-iii\/#primaryimage"},"image":{"@id":"https:\/\/www.horizont.fi\/product\/lohja-rantapuisto-kuvat-iii\/#primaryimage"},"thumbnailUrl":"https:\/\/www.horizont.fi\/horizont\/wp-content\/uploads\/2017\/04\/cr-Horizont-kuva_Lohja_I_Ari_Lepist\u00f6-scaled.jpg","datePublished":"2017-04-17T16:09:58+00:00","dateModified":"2019-11-30T17:27:32+00:00","description":"Kuvaamme kauko-ohjattavilla kamerakoptereilla. Saat ammattitaidolla ja luotettavasti toteutetut videot ja ilmakuvat edullisesti joko suoraan kuvapankista tai tilaamalla kuvaajamme kohteeseesi.","breadcrumb":{"@id":"https:\/\/www.horizont.fi\/product\/lohja-rantapuisto-kuvat-iii\/#breadcrumb"},"inLanguage":"en-GB","potentialAction":[{"@type":"ReadAction","target":["https:\/\/www.horizont.fi\/product\/lohja-rantapuisto-kuvat-iii\/"]}]},{"@type":"ImageObject","inLanguage":"en-GB","@id":"https:\/\/www.horizont.fi\/product\/lohja-rantapuisto-kuvat-iii\/#primaryimage","url":"https:\/\/www.horizont.fi\/horizont\/wp-content\/uploads\/2017\/04\/cr-Horizont-kuva_Lohja_I_Ari_Lepist\u00f6-scaled.jpg","contentUrl":"https:\/\/www.horizont.fi\/horizont\/wp-content\/uploads\/2017\/04\/cr-Horizont-kuva_Lohja_I_Ari_Lepist\u00f6-scaled.jpg","width":3717,"height":2100},{"@type":"BreadcrumbList","@id":"https:\/\/www.horizont.fi\/product\/lohja-rantapuisto-kuvat-iii\/#breadcrumb","itemListElement":[{"@type":"ListItem","position":1,"name":"Etusivu","item":"https:\/\/www.horizont.fi\/"},{"@type":"ListItem","position":2,"name":"KAUPPA","item":"https:\/\/www.horizont.fi\/kauppa\/"},{"@type":"ListItem","position":3,"name":"YHTEISHINTAAN, kuvat I &#8211; III, Lohjan rantapuisto"}]},{"@type":"WebSite","@id":"https:\/\/www.horizont.fi\/#website","url":"https:\/\/www.horizont.fi\/","name":"HORIZONT \u2013 Ilmakuvaus","description":"Lennokkaita kuvia ja videoita","publisher":{"@id":"https:\/\/www.horizont.fi\/#organization"},"potentialAction":[{"@type":"SearchAction","target":{"@type":"EntryPoint","urlTemplate":"https:\/\/www.horizont.fi\/?s={search_term_string}"},"query-input":"required name=search_term_string"}],"inLanguage":"en-GB"},{"@type":"Organization","@id":"https:\/\/www.horizont.fi\/#organization","name":"Horizont - Ilmakuvat","url":"https:\/\/www.horizont.fi\/","logo":{"@type":"ImageObject","inLanguage":"en-GB","@id":"https:\/\/www.horizont.fi\/#\/schema\/logo\/image\/","url":"https:\/\/www.horizont.fi\/horizont\/wp-content\/uploads\/2017\/02\/cropped-logo-horizont2-150.png","contentUrl":"https:\/\/www.horizont.fi\/horizont\/wp-content\/uploads\/2017\/02\/cropped-logo-horizont2-150.png","width":136,"height":122,"caption":"Horizont - Ilmakuvat"},"image":{"@id":"https:\/\/www.horizont.fi\/#\/schema\/logo\/image\/"},"sameAs":["https:\/\/www.facebook.com\/Horizont.Aerial.Photographers\/","https:\/\/www.instagram.com\/horizont.fi\/","https:\/\/www.youtube.com\/channel\/UC_1M_GpRMYCa9dlvKBQdy-g"]}]}},"_links":{"self":[{"href":"https:\/\/www.horizont.fi\/en\/wp-json\/wp\/v2\/product\/2872"}],"collection":[{"href":"https:\/\/www.horizont.fi\/en\/wp-json\/wp\/v2\/product"}],"about":[{"href":"https:\/\/www.horizont.fi\/en\/wp-json\/wp\/v2\/types\/product"}],"replies":[{"embeddable":true,"href":"https:\/\/www.horizont.fi\/en\/wp-json\/wp\/v2\/comments?post=2872"}],"wp:featuredmedia":[{"embeddable":true,"href":"https:\/\/www.horizont.fi\/en\/wp-json\/wp\/v2\/media\/2552"}],"wp:attachment":[{"href":"https:\/\/www.horizont.fi\/en\/wp-json\/wp\/v2\/media?parent=2872"}],"wp:term":[{"taxonomy":"product_cat","embeddable":true,"href":"https:\/\/www.horizont.fi\/en\/wp-json\/wp\/v2\/product_cat?post=2872"},{"taxonomy":"product_tag","embeddable":true,"href":"https:\/\/www.horizont.fi\/en\/wp-json\/wp\/v2\/product_tag?post=2872"}],"curies":[{"name":"wp","href":"https:\/\/api.w.org\/{rel}","templated":true}]}}