{"id":3197,"date":"2017-05-03T19:40:29","date_gmt":"2017-05-03T16:40:29","guid":{"rendered":"http:\/\/www.horizont.fi\/?post_type=product&#038;p=3197"},"modified":"2017-06-27T14:49:48","modified_gmt":"2017-06-27T11:49:48","slug":"tammerkoski-talvi-panoraama-tampere-2017","status":"publish","type":"product","link":"https:\/\/www.horizont.fi\/en\/product\/tammerkoski-talvi-panoraama-tampere-2017\/","title":{"rendered":"TAMMERKOSKI, kuva II &#8211; Tampere, 2017"},"content":{"rendered":"","protected":false},"excerpt":{"rendered":"<p><i>N\u00e4et myyt\u00e4v\u00e4n kuvan t\u00e4ysikokoisena klikkaamalla viereist\u00e4 kuvaa.<\/i><\/p>\n<p>Tammerkoski on koski Tampereella N\u00e4sij\u00e4rven ja Pyh\u00e4j\u00e4rven v\u00e4lill\u00e4. Korkeusero j\u00e4rvien v\u00e4lill\u00e4 on 18 metri\u00e4&nbsp;ja vesi virtaa koskessa etel\u00e4\u00e4n eli N\u00e4sij\u00e4rvest\u00e4 Pyh\u00e4j\u00e4rveen. Tampere on aikoinaan alkanut rakentua t\u00e4m\u00e4n kosken rannalle. Tammerkosken rannat ovat Suomen vanhimpiin kuuluvaa teollisuusmilj\u00f6\u00f6t\u00e4, nyky\u00e4\u00e4n kosken varrella toimii en\u00e4\u00e4 vain&nbsp;kuvassa tupruttava Takon kartonkitehdas.&nbsp;Monet vanhoista tehdasrakennuksista ovat kuitenkin&nbsp;yh\u00e4 j\u00e4ljell\u00e4 mutta muussa k\u00e4yt\u00f6ss\u00e4.<\/p>\n<p><span lang=\"FI\" style=\"margin: 0px; color: #333333; font-family: 'Georgia',serif;\">Kuva: Aleksi Eilo \/ Nordic Studio<\/span><\/p>","protected":false},"featured_media":4759,"comment_status":"closed","ping_status":"closed","template":"","meta":{"_monsterinsights_skip_tracking":false,"_monsterinsights_sitenote_active":false,"_monsterinsights_sitenote_note":"","_monsterinsights_sitenote_category":0},"product_cat":[760],"product_tag":[376,389,238,367,253,388,254,255,256],"yoast_head":"<!-- This site is optimized with the Yoast SEO plugin v22.6 - https:\/\/yoast.com\/wordpress\/plugins\/seo\/ -->\n<title>ilmakuva koski<\/title>\n<meta name=\"description\" content=\"Kuvaamme kauko-ohjattavilla kamerakoptereilla. Saat ammattitaidolla ja luotettavasti toteutetut videot ja ilmakuvat edullisesti joko suoraan kuvapankista tai tilaamalla kuvaajamme kohteeseesi.\" \/>\n<meta name=\"robots\" content=\"index, follow, max-snippet:-1, max-image-preview:large, max-video-preview:-1\" \/>\n<link rel=\"canonical\" href=\"https:\/\/www.horizont.fi\/en\/product\/tammerkoski-talvi-panoraama-tampere-2017\/\" \/>\n<meta property=\"og:locale\" content=\"en_GB\" \/>\n<meta property=\"og:type\" content=\"article\" \/>\n<meta property=\"og:title\" content=\"ilmakuva koski\" \/>\n<meta property=\"og:description\" content=\"Kuvaamme kauko-ohjattavilla kamerakoptereilla. Saat ammattitaidolla ja luotettavasti toteutetut videot ja ilmakuvat edullisesti joko suoraan kuvapankista tai tilaamalla kuvaajamme kohteeseesi.\" \/>\n<meta property=\"og:url\" content=\"https:\/\/www.horizont.fi\/en\/product\/tammerkoski-talvi-panoraama-tampere-2017\/\" \/>\n<meta property=\"og:site_name\" content=\"HORIZONT \u2013 Ilmakuvaus\" \/>\n<meta property=\"article:publisher\" content=\"https:\/\/www.facebook.com\/Horizont.Aerial.Photographers\/\" \/>\n<meta property=\"article:modified_time\" content=\"2017-06-27T11:49:48+00:00\" \/>\n<meta property=\"og:image\" content=\"https:\/\/www.horizont.fi\/horizont\/wp-content\/uploads\/2017\/05\/cr4-Horizont-kuva_Tammerkoski_talvi_NordicStudio_pieni-scaled.jpg\" \/>\n\t<meta property=\"og:image:width\" content=\"5000\" \/>\n\t<meta property=\"og:image:height\" content=\"1764\" \/>\n\t<meta property=\"og:image:type\" content=\"image\/jpeg\" \/>\n<meta name=\"twitter:card\" content=\"summary_large_image\" \/>\n<script type=\"application\/ld+json\" class=\"yoast-schema-graph\">{\"@context\":\"https:\/\/schema.org\",\"@graph\":[{\"@type\":\"WebPage\",\"@id\":\"https:\/\/www.horizont.fi\/product\/tammerkoski-talvi-panoraama-tampere-2017\/\",\"url\":\"https:\/\/www.horizont.fi\/product\/tammerkoski-talvi-panoraama-tampere-2017\/\",\"name\":\"ilmakuva koski\",\"isPartOf\":{\"@id\":\"https:\/\/www.horizont.fi\/#website\"},\"primaryImageOfPage\":{\"@id\":\"https:\/\/www.horizont.fi\/product\/tammerkoski-talvi-panoraama-tampere-2017\/#primaryimage\"},\"image\":{\"@id\":\"https:\/\/www.horizont.fi\/product\/tammerkoski-talvi-panoraama-tampere-2017\/#primaryimage\"},\"thumbnailUrl\":\"https:\/\/www.horizont.fi\/horizont\/wp-content\/uploads\/2017\/05\/cr4-Horizont-kuva_Tammerkoski_talvi_NordicStudio_pieni-scaled.jpg\",\"datePublished\":\"2017-05-03T16:40:29+00:00\",\"dateModified\":\"2017-06-27T11:49:48+00:00\",\"description\":\"Kuvaamme kauko-ohjattavilla kamerakoptereilla. Saat ammattitaidolla ja luotettavasti toteutetut videot ja ilmakuvat edullisesti joko suoraan kuvapankista tai tilaamalla kuvaajamme kohteeseesi.\",\"breadcrumb\":{\"@id\":\"https:\/\/www.horizont.fi\/product\/tammerkoski-talvi-panoraama-tampere-2017\/#breadcrumb\"},\"inLanguage\":\"en-GB\",\"potentialAction\":[{\"@type\":\"ReadAction\",\"target\":[\"https:\/\/www.horizont.fi\/product\/tammerkoski-talvi-panoraama-tampere-2017\/\"]}]},{\"@type\":\"ImageObject\",\"inLanguage\":\"en-GB\",\"@id\":\"https:\/\/www.horizont.fi\/product\/tammerkoski-talvi-panoraama-tampere-2017\/#primaryimage\",\"url\":\"https:\/\/www.horizont.fi\/horizont\/wp-content\/uploads\/2017\/05\/cr4-Horizont-kuva_Tammerkoski_talvi_NordicStudio_pieni-scaled.jpg\",\"contentUrl\":\"https:\/\/www.horizont.fi\/horizont\/wp-content\/uploads\/2017\/05\/cr4-Horizont-kuva_Tammerkoski_talvi_NordicStudio_pieni-scaled.jpg\",\"width\":5000,\"height\":1764},{\"@type\":\"BreadcrumbList\",\"@id\":\"https:\/\/www.horizont.fi\/product\/tammerkoski-talvi-panoraama-tampere-2017\/#breadcrumb\",\"itemListElement\":[{\"@type\":\"ListItem\",\"position\":1,\"name\":\"Etusivu\",\"item\":\"https:\/\/www.horizont.fi\/\"},{\"@type\":\"ListItem\",\"position\":2,\"name\":\"KAUPPA\",\"item\":\"https:\/\/www.horizont.fi\/kauppa\/\"},{\"@type\":\"ListItem\",\"position\":3,\"name\":\"TAMMERKOSKI, kuva II &#8211; Tampere, 2017\"}]},{\"@type\":\"WebSite\",\"@id\":\"https:\/\/www.horizont.fi\/#website\",\"url\":\"https:\/\/www.horizont.fi\/\",\"name\":\"HORIZONT \u2013 Ilmakuvaus\",\"description\":\"Lennokkaita kuvia ja videoita\",\"publisher\":{\"@id\":\"https:\/\/www.horizont.fi\/#organization\"},\"potentialAction\":[{\"@type\":\"SearchAction\",\"target\":{\"@type\":\"EntryPoint\",\"urlTemplate\":\"https:\/\/www.horizont.fi\/?s={search_term_string}\"},\"query-input\":\"required name=search_term_string\"}],\"inLanguage\":\"en-GB\"},{\"@type\":\"Organization\",\"@id\":\"https:\/\/www.horizont.fi\/#organization\",\"name\":\"Horizont - Ilmakuvat\",\"url\":\"https:\/\/www.horizont.fi\/\",\"logo\":{\"@type\":\"ImageObject\",\"inLanguage\":\"en-GB\",\"@id\":\"https:\/\/www.horizont.fi\/#\/schema\/logo\/image\/\",\"url\":\"https:\/\/www.horizont.fi\/horizont\/wp-content\/uploads\/2017\/02\/cropped-logo-horizont2-150.png\",\"contentUrl\":\"https:\/\/www.horizont.fi\/horizont\/wp-content\/uploads\/2017\/02\/cropped-logo-horizont2-150.png\",\"width\":136,\"height\":122,\"caption\":\"Horizont - Ilmakuvat\"},\"image\":{\"@id\":\"https:\/\/www.horizont.fi\/#\/schema\/logo\/image\/\"},\"sameAs\":[\"https:\/\/www.facebook.com\/Horizont.Aerial.Photographers\/\",\"https:\/\/www.instagram.com\/horizont.fi\/\",\"https:\/\/www.youtube.com\/channel\/UC_1M_GpRMYCa9dlvKBQdy-g\"]}]}<\/script>\n<!-- \/ Yoast SEO plugin. -->","yoast_head_json":{"title":"ilmakuva koski","description":"Kuvaamme kauko-ohjattavilla kamerakoptereilla. Saat ammattitaidolla ja luotettavasti toteutetut videot ja ilmakuvat edullisesti joko suoraan kuvapankista tai tilaamalla kuvaajamme kohteeseesi.","robots":{"index":"index","follow":"follow","max-snippet":"max-snippet:-1","max-image-preview":"max-image-preview:large","max-video-preview":"max-video-preview:-1"},"canonical":"https:\/\/www.horizont.fi\/en\/product\/tammerkoski-talvi-panoraama-tampere-2017\/","og_locale":"en_GB","og_type":"article","og_title":"ilmakuva koski","og_description":"Kuvaamme kauko-ohjattavilla kamerakoptereilla. Saat ammattitaidolla ja luotettavasti toteutetut videot ja ilmakuvat edullisesti joko suoraan kuvapankista tai tilaamalla kuvaajamme kohteeseesi.","og_url":"https:\/\/www.horizont.fi\/en\/product\/tammerkoski-talvi-panoraama-tampere-2017\/","og_site_name":"HORIZONT \u2013 Ilmakuvaus","article_publisher":"https:\/\/www.facebook.com\/Horizont.Aerial.Photographers\/","article_modified_time":"2017-06-27T11:49:48+00:00","og_image":[{"width":5000,"height":1764,"url":"https:\/\/www.horizont.fi\/horizont\/wp-content\/uploads\/2017\/05\/cr4-Horizont-kuva_Tammerkoski_talvi_NordicStudio_pieni-scaled.jpg","type":"image\/jpeg"}],"twitter_card":"summary_large_image","schema":{"@context":"https:\/\/schema.org","@graph":[{"@type":"WebPage","@id":"https:\/\/www.horizont.fi\/product\/tammerkoski-talvi-panoraama-tampere-2017\/","url":"https:\/\/www.horizont.fi\/product\/tammerkoski-talvi-panoraama-tampere-2017\/","name":"ilmakuva koski","isPartOf":{"@id":"https:\/\/www.horizont.fi\/#website"},"primaryImageOfPage":{"@id":"https:\/\/www.horizont.fi\/product\/tammerkoski-talvi-panoraama-tampere-2017\/#primaryimage"},"image":{"@id":"https:\/\/www.horizont.fi\/product\/tammerkoski-talvi-panoraama-tampere-2017\/#primaryimage"},"thumbnailUrl":"https:\/\/www.horizont.fi\/horizont\/wp-content\/uploads\/2017\/05\/cr4-Horizont-kuva_Tammerkoski_talvi_NordicStudio_pieni-scaled.jpg","datePublished":"2017-05-03T16:40:29+00:00","dateModified":"2017-06-27T11:49:48+00:00","description":"Kuvaamme kauko-ohjattavilla kamerakoptereilla. Saat ammattitaidolla ja luotettavasti toteutetut videot ja ilmakuvat edullisesti joko suoraan kuvapankista tai tilaamalla kuvaajamme kohteeseesi.","breadcrumb":{"@id":"https:\/\/www.horizont.fi\/product\/tammerkoski-talvi-panoraama-tampere-2017\/#breadcrumb"},"inLanguage":"en-GB","potentialAction":[{"@type":"ReadAction","target":["https:\/\/www.horizont.fi\/product\/tammerkoski-talvi-panoraama-tampere-2017\/"]}]},{"@type":"ImageObject","inLanguage":"en-GB","@id":"https:\/\/www.horizont.fi\/product\/tammerkoski-talvi-panoraama-tampere-2017\/#primaryimage","url":"https:\/\/www.horizont.fi\/horizont\/wp-content\/uploads\/2017\/05\/cr4-Horizont-kuva_Tammerkoski_talvi_NordicStudio_pieni-scaled.jpg","contentUrl":"https:\/\/www.horizont.fi\/horizont\/wp-content\/uploads\/2017\/05\/cr4-Horizont-kuva_Tammerkoski_talvi_NordicStudio_pieni-scaled.jpg","width":5000,"height":1764},{"@type":"BreadcrumbList","@id":"https:\/\/www.horizont.fi\/product\/tammerkoski-talvi-panoraama-tampere-2017\/#breadcrumb","itemListElement":[{"@type":"ListItem","position":1,"name":"Etusivu","item":"https:\/\/www.horizont.fi\/"},{"@type":"ListItem","position":2,"name":"KAUPPA","item":"https:\/\/www.horizont.fi\/kauppa\/"},{"@type":"ListItem","position":3,"name":"TAMMERKOSKI, kuva II &#8211; Tampere, 2017"}]},{"@type":"WebSite","@id":"https:\/\/www.horizont.fi\/#website","url":"https:\/\/www.horizont.fi\/","name":"HORIZONT \u2013 Ilmakuvaus","description":"Lennokkaita kuvia ja videoita","publisher":{"@id":"https:\/\/www.horizont.fi\/#organization"},"potentialAction":[{"@type":"SearchAction","target":{"@type":"EntryPoint","urlTemplate":"https:\/\/www.horizont.fi\/?s={search_term_string}"},"query-input":"required name=search_term_string"}],"inLanguage":"en-GB"},{"@type":"Organization","@id":"https:\/\/www.horizont.fi\/#organization","name":"Horizont - Ilmakuvat","url":"https:\/\/www.horizont.fi\/","logo":{"@type":"ImageObject","inLanguage":"en-GB","@id":"https:\/\/www.horizont.fi\/#\/schema\/logo\/image\/","url":"https:\/\/www.horizont.fi\/horizont\/wp-content\/uploads\/2017\/02\/cropped-logo-horizont2-150.png","contentUrl":"https:\/\/www.horizont.fi\/horizont\/wp-content\/uploads\/2017\/02\/cropped-logo-horizont2-150.png","width":136,"height":122,"caption":"Horizont - Ilmakuvat"},"image":{"@id":"https:\/\/www.horizont.fi\/#\/schema\/logo\/image\/"},"sameAs":["https:\/\/www.facebook.com\/Horizont.Aerial.Photographers\/","https:\/\/www.instagram.com\/horizont.fi\/","https:\/\/www.youtube.com\/channel\/UC_1M_GpRMYCa9dlvKBQdy-g"]}]}},"_links":{"self":[{"href":"https:\/\/www.horizont.fi\/en\/wp-json\/wp\/v2\/product\/3197"}],"collection":[{"href":"https:\/\/www.horizont.fi\/en\/wp-json\/wp\/v2\/product"}],"about":[{"href":"https:\/\/www.horizont.fi\/en\/wp-json\/wp\/v2\/types\/product"}],"replies":[{"embeddable":true,"href":"https:\/\/www.horizont.fi\/en\/wp-json\/wp\/v2\/comments?post=3197"}],"wp:featuredmedia":[{"embeddable":true,"href":"https:\/\/www.horizont.fi\/en\/wp-json\/wp\/v2\/media\/4759"}],"wp:attachment":[{"href":"https:\/\/www.horizont.fi\/en\/wp-json\/wp\/v2\/media?parent=3197"}],"wp:term":[{"taxonomy":"product_cat","embeddable":true,"href":"https:\/\/www.horizont.fi\/en\/wp-json\/wp\/v2\/product_cat?post=3197"},{"taxonomy":"product_tag","embeddable":true,"href":"https:\/\/www.horizont.fi\/en\/wp-json\/wp\/v2\/product_tag?post=3197"}],"curies":[{"name":"wp","href":"https:\/\/api.w.org\/{rel}","templated":true}]}}