{"id":3229,"date":"2017-05-05T22:55:55","date_gmt":"2017-05-05T19:55:55","guid":{"rendered":"http:\/\/www.horizont.fi\/?post_type=product&#038;p=3229"},"modified":"2019-11-30T16:07:33","modified_gmt":"2019-11-30T14:07:33","slug":"leppavaaran-kirkko-kuva-ii-espoo-52017","status":"publish","type":"product","link":"https:\/\/www.horizont.fi\/en\/product\/leppavaaran-kirkko-kuva-ii-espoo-52017\/","title":{"rendered":"LEPP\u00c4VAARAN KIRKKO, kuva II &#8211; Espoo, 5\/2017"},"content":{"rendered":"","protected":false},"excerpt":{"rendered":"<p><em>N\u00e4et myyt\u00e4v\u00e4n kuvan t\u00e4ysikokoisena klikkaamalla viereist\u00e4 kuvaa.<\/em><\/p>\n<p>Maastoltaan hieman haasteelliseen paikkaan rakennettu Lepp\u00e4vaaran kirkko erottuu arkkitehtuuriltaan monista muista kirkoista. Rinnetontti toi omat vaatimuksensa siihen millaisen rakennuksen paikalle voi rakentaa. Punatiilest\u00e4 vuonna 1979 valmistunut rakennus kiertyy ympyr\u00e4nmuotoisen pihan ymp\u00e4rille. Julkisivussa on paljon holvikaaria, jotka antavat romanttisen vaikutelman.<\/p>\n<p>Kuvaaja: Ari Lepist\u00f6<\/p>","protected":false},"featured_media":3215,"comment_status":"closed","ping_status":"closed","template":"","meta":{"_monsterinsights_skip_tracking":false,"_monsterinsights_sitenote_active":false,"_monsterinsights_sitenote_note":"","_monsterinsights_sitenote_category":0},"product_cat":[257],"product_tag":[376,385,258,209,387,238,367,259,260],"yoast_head":"<!-- This site is optimized with the Yoast SEO plugin v22.6 - https:\/\/yoast.com\/wordpress\/plugins\/seo\/ -->\n<title>LEPP\u00c4VAARAN KIRKKO, kuva II - Espoo, 5\/2017 - HORIZONT \u2013 Ilmakuvaus<\/title>\n<meta name=\"description\" content=\"Kuvaamme kauko-ohjattavilla kamerakoptereilla. Saat ammattitaidolla ja luotettavasti toteutetut videot ja ilmakuvat edullisesti joko suoraan kuvapankista tai tilaamalla kuvaajamme kohteeseesi.\" \/>\n<meta name=\"robots\" content=\"index, follow, max-snippet:-1, max-image-preview:large, max-video-preview:-1\" \/>\n<link rel=\"canonical\" href=\"https:\/\/www.horizont.fi\/en\/product\/leppavaaran-kirkko-kuva-ii-espoo-52017\/\" \/>\n<meta property=\"og:locale\" content=\"en_GB\" \/>\n<meta property=\"og:type\" content=\"article\" \/>\n<meta property=\"og:title\" content=\"LEPP\u00c4VAARAN KIRKKO, kuva II - Espoo, 5\/2017 - HORIZONT \u2013 Ilmakuvaus\" \/>\n<meta property=\"og:description\" content=\"Kuvaamme kauko-ohjattavilla kamerakoptereilla. Saat ammattitaidolla ja luotettavasti toteutetut videot ja ilmakuvat edullisesti joko suoraan kuvapankista tai tilaamalla kuvaajamme kohteeseesi.\" \/>\n<meta property=\"og:url\" content=\"https:\/\/www.horizont.fi\/en\/product\/leppavaaran-kirkko-kuva-ii-espoo-52017\/\" \/>\n<meta property=\"og:site_name\" content=\"HORIZONT \u2013 Ilmakuvaus\" \/>\n<meta property=\"article:publisher\" content=\"https:\/\/www.facebook.com\/Horizont.Aerial.Photographers\/\" \/>\n<meta property=\"article:modified_time\" content=\"2019-11-30T14:07:33+00:00\" \/>\n<meta property=\"og:image\" content=\"https:\/\/www.horizont.fi\/horizont\/wp-content\/uploads\/2017\/05\/cr4-Horizont-kuva_Lepp\u00e4vaaran_kirkko_II_Ari_Lepist\u00f6-scaled.jpg\" \/>\n\t<meta property=\"og:image:width\" content=\"4000\" \/>\n\t<meta property=\"og:image:height\" content=\"3000\" \/>\n\t<meta property=\"og:image:type\" content=\"image\/jpeg\" \/>\n<meta name=\"twitter:card\" content=\"summary_large_image\" \/>\n<script type=\"application\/ld+json\" class=\"yoast-schema-graph\">{\"@context\":\"https:\/\/schema.org\",\"@graph\":[{\"@type\":\"WebPage\",\"@id\":\"https:\/\/www.horizont.fi\/product\/leppavaaran-kirkko-kuva-ii-espoo-52017\/\",\"url\":\"https:\/\/www.horizont.fi\/product\/leppavaaran-kirkko-kuva-ii-espoo-52017\/\",\"name\":\"LEPP\u00c4VAARAN KIRKKO, kuva II - Espoo, 5\/2017 - HORIZONT \u2013 Ilmakuvaus\",\"isPartOf\":{\"@id\":\"https:\/\/www.horizont.fi\/#website\"},\"primaryImageOfPage\":{\"@id\":\"https:\/\/www.horizont.fi\/product\/leppavaaran-kirkko-kuva-ii-espoo-52017\/#primaryimage\"},\"image\":{\"@id\":\"https:\/\/www.horizont.fi\/product\/leppavaaran-kirkko-kuva-ii-espoo-52017\/#primaryimage\"},\"thumbnailUrl\":\"https:\/\/www.horizont.fi\/horizont\/wp-content\/uploads\/2017\/05\/cr4-Horizont-kuva_Lepp\u00e4vaaran_kirkko_II_Ari_Lepist\u00f6-scaled.jpg\",\"datePublished\":\"2017-05-05T19:55:55+00:00\",\"dateModified\":\"2019-11-30T14:07:33+00:00\",\"description\":\"Kuvaamme kauko-ohjattavilla kamerakoptereilla. Saat ammattitaidolla ja luotettavasti toteutetut videot ja ilmakuvat edullisesti joko suoraan kuvapankista tai tilaamalla kuvaajamme kohteeseesi.\",\"breadcrumb\":{\"@id\":\"https:\/\/www.horizont.fi\/product\/leppavaaran-kirkko-kuva-ii-espoo-52017\/#breadcrumb\"},\"inLanguage\":\"en-GB\",\"potentialAction\":[{\"@type\":\"ReadAction\",\"target\":[\"https:\/\/www.horizont.fi\/product\/leppavaaran-kirkko-kuva-ii-espoo-52017\/\"]}]},{\"@type\":\"ImageObject\",\"inLanguage\":\"en-GB\",\"@id\":\"https:\/\/www.horizont.fi\/product\/leppavaaran-kirkko-kuva-ii-espoo-52017\/#primaryimage\",\"url\":\"https:\/\/www.horizont.fi\/horizont\/wp-content\/uploads\/2017\/05\/cr4-Horizont-kuva_Lepp\u00e4vaaran_kirkko_II_Ari_Lepist\u00f6-scaled.jpg\",\"contentUrl\":\"https:\/\/www.horizont.fi\/horizont\/wp-content\/uploads\/2017\/05\/cr4-Horizont-kuva_Lepp\u00e4vaaran_kirkko_II_Ari_Lepist\u00f6-scaled.jpg\",\"width\":4000,\"height\":3000},{\"@type\":\"BreadcrumbList\",\"@id\":\"https:\/\/www.horizont.fi\/product\/leppavaaran-kirkko-kuva-ii-espoo-52017\/#breadcrumb\",\"itemListElement\":[{\"@type\":\"ListItem\",\"position\":1,\"name\":\"Etusivu\",\"item\":\"https:\/\/www.horizont.fi\/\"},{\"@type\":\"ListItem\",\"position\":2,\"name\":\"KAUPPA\",\"item\":\"https:\/\/www.horizont.fi\/kauppa\/\"},{\"@type\":\"ListItem\",\"position\":3,\"name\":\"LEPP\u00c4VAARAN KIRKKO, kuva II &#8211; Espoo, 5\/2017\"}]},{\"@type\":\"WebSite\",\"@id\":\"https:\/\/www.horizont.fi\/#website\",\"url\":\"https:\/\/www.horizont.fi\/\",\"name\":\"HORIZONT \u2013 Ilmakuvaus\",\"description\":\"Lennokkaita kuvia ja videoita\",\"publisher\":{\"@id\":\"https:\/\/www.horizont.fi\/#organization\"},\"potentialAction\":[{\"@type\":\"SearchAction\",\"target\":{\"@type\":\"EntryPoint\",\"urlTemplate\":\"https:\/\/www.horizont.fi\/?s={search_term_string}\"},\"query-input\":\"required name=search_term_string\"}],\"inLanguage\":\"en-GB\"},{\"@type\":\"Organization\",\"@id\":\"https:\/\/www.horizont.fi\/#organization\",\"name\":\"Horizont - Ilmakuvat\",\"url\":\"https:\/\/www.horizont.fi\/\",\"logo\":{\"@type\":\"ImageObject\",\"inLanguage\":\"en-GB\",\"@id\":\"https:\/\/www.horizont.fi\/#\/schema\/logo\/image\/\",\"url\":\"https:\/\/www.horizont.fi\/horizont\/wp-content\/uploads\/2017\/02\/cropped-logo-horizont2-150.png\",\"contentUrl\":\"https:\/\/www.horizont.fi\/horizont\/wp-content\/uploads\/2017\/02\/cropped-logo-horizont2-150.png\",\"width\":136,\"height\":122,\"caption\":\"Horizont - Ilmakuvat\"},\"image\":{\"@id\":\"https:\/\/www.horizont.fi\/#\/schema\/logo\/image\/\"},\"sameAs\":[\"https:\/\/www.facebook.com\/Horizont.Aerial.Photographers\/\",\"https:\/\/www.instagram.com\/horizont.fi\/\",\"https:\/\/www.youtube.com\/channel\/UC_1M_GpRMYCa9dlvKBQdy-g\"]}]}<\/script>\n<!-- \/ Yoast SEO plugin. -->","yoast_head_json":{"title":"LEPP\u00c4VAARAN KIRKKO, kuva II - Espoo, 5\/2017 - HORIZONT \u2013 Ilmakuvaus","description":"Kuvaamme kauko-ohjattavilla kamerakoptereilla. Saat ammattitaidolla ja luotettavasti toteutetut videot ja ilmakuvat edullisesti joko suoraan kuvapankista tai tilaamalla kuvaajamme kohteeseesi.","robots":{"index":"index","follow":"follow","max-snippet":"max-snippet:-1","max-image-preview":"max-image-preview:large","max-video-preview":"max-video-preview:-1"},"canonical":"https:\/\/www.horizont.fi\/en\/product\/leppavaaran-kirkko-kuva-ii-espoo-52017\/","og_locale":"en_GB","og_type":"article","og_title":"LEPP\u00c4VAARAN KIRKKO, kuva II - Espoo, 5\/2017 - HORIZONT \u2013 Ilmakuvaus","og_description":"Kuvaamme kauko-ohjattavilla kamerakoptereilla. Saat ammattitaidolla ja luotettavasti toteutetut videot ja ilmakuvat edullisesti joko suoraan kuvapankista tai tilaamalla kuvaajamme kohteeseesi.","og_url":"https:\/\/www.horizont.fi\/en\/product\/leppavaaran-kirkko-kuva-ii-espoo-52017\/","og_site_name":"HORIZONT \u2013 Ilmakuvaus","article_publisher":"https:\/\/www.facebook.com\/Horizont.Aerial.Photographers\/","article_modified_time":"2019-11-30T14:07:33+00:00","og_image":[{"width":4000,"height":3000,"url":"https:\/\/www.horizont.fi\/horizont\/wp-content\/uploads\/2017\/05\/cr4-Horizont-kuva_Lepp\u00e4vaaran_kirkko_II_Ari_Lepist\u00f6-scaled.jpg","type":"image\/jpeg"}],"twitter_card":"summary_large_image","schema":{"@context":"https:\/\/schema.org","@graph":[{"@type":"WebPage","@id":"https:\/\/www.horizont.fi\/product\/leppavaaran-kirkko-kuva-ii-espoo-52017\/","url":"https:\/\/www.horizont.fi\/product\/leppavaaran-kirkko-kuva-ii-espoo-52017\/","name":"LEPP\u00c4VAARAN KIRKKO, kuva II - Espoo, 5\/2017 - HORIZONT \u2013 Ilmakuvaus","isPartOf":{"@id":"https:\/\/www.horizont.fi\/#website"},"primaryImageOfPage":{"@id":"https:\/\/www.horizont.fi\/product\/leppavaaran-kirkko-kuva-ii-espoo-52017\/#primaryimage"},"image":{"@id":"https:\/\/www.horizont.fi\/product\/leppavaaran-kirkko-kuva-ii-espoo-52017\/#primaryimage"},"thumbnailUrl":"https:\/\/www.horizont.fi\/horizont\/wp-content\/uploads\/2017\/05\/cr4-Horizont-kuva_Lepp\u00e4vaaran_kirkko_II_Ari_Lepist\u00f6-scaled.jpg","datePublished":"2017-05-05T19:55:55+00:00","dateModified":"2019-11-30T14:07:33+00:00","description":"Kuvaamme kauko-ohjattavilla kamerakoptereilla. Saat ammattitaidolla ja luotettavasti toteutetut videot ja ilmakuvat edullisesti joko suoraan kuvapankista tai tilaamalla kuvaajamme kohteeseesi.","breadcrumb":{"@id":"https:\/\/www.horizont.fi\/product\/leppavaaran-kirkko-kuva-ii-espoo-52017\/#breadcrumb"},"inLanguage":"en-GB","potentialAction":[{"@type":"ReadAction","target":["https:\/\/www.horizont.fi\/product\/leppavaaran-kirkko-kuva-ii-espoo-52017\/"]}]},{"@type":"ImageObject","inLanguage":"en-GB","@id":"https:\/\/www.horizont.fi\/product\/leppavaaran-kirkko-kuva-ii-espoo-52017\/#primaryimage","url":"https:\/\/www.horizont.fi\/horizont\/wp-content\/uploads\/2017\/05\/cr4-Horizont-kuva_Lepp\u00e4vaaran_kirkko_II_Ari_Lepist\u00f6-scaled.jpg","contentUrl":"https:\/\/www.horizont.fi\/horizont\/wp-content\/uploads\/2017\/05\/cr4-Horizont-kuva_Lepp\u00e4vaaran_kirkko_II_Ari_Lepist\u00f6-scaled.jpg","width":4000,"height":3000},{"@type":"BreadcrumbList","@id":"https:\/\/www.horizont.fi\/product\/leppavaaran-kirkko-kuva-ii-espoo-52017\/#breadcrumb","itemListElement":[{"@type":"ListItem","position":1,"name":"Etusivu","item":"https:\/\/www.horizont.fi\/"},{"@type":"ListItem","position":2,"name":"KAUPPA","item":"https:\/\/www.horizont.fi\/kauppa\/"},{"@type":"ListItem","position":3,"name":"LEPP\u00c4VAARAN KIRKKO, kuva II &#8211; Espoo, 5\/2017"}]},{"@type":"WebSite","@id":"https:\/\/www.horizont.fi\/#website","url":"https:\/\/www.horizont.fi\/","name":"HORIZONT \u2013 Ilmakuvaus","description":"Lennokkaita kuvia ja videoita","publisher":{"@id":"https:\/\/www.horizont.fi\/#organization"},"potentialAction":[{"@type":"SearchAction","target":{"@type":"EntryPoint","urlTemplate":"https:\/\/www.horizont.fi\/?s={search_term_string}"},"query-input":"required name=search_term_string"}],"inLanguage":"en-GB"},{"@type":"Organization","@id":"https:\/\/www.horizont.fi\/#organization","name":"Horizont - Ilmakuvat","url":"https:\/\/www.horizont.fi\/","logo":{"@type":"ImageObject","inLanguage":"en-GB","@id":"https:\/\/www.horizont.fi\/#\/schema\/logo\/image\/","url":"https:\/\/www.horizont.fi\/horizont\/wp-content\/uploads\/2017\/02\/cropped-logo-horizont2-150.png","contentUrl":"https:\/\/www.horizont.fi\/horizont\/wp-content\/uploads\/2017\/02\/cropped-logo-horizont2-150.png","width":136,"height":122,"caption":"Horizont - Ilmakuvat"},"image":{"@id":"https:\/\/www.horizont.fi\/#\/schema\/logo\/image\/"},"sameAs":["https:\/\/www.facebook.com\/Horizont.Aerial.Photographers\/","https:\/\/www.instagram.com\/horizont.fi\/","https:\/\/www.youtube.com\/channel\/UC_1M_GpRMYCa9dlvKBQdy-g"]}]}},"_links":{"self":[{"href":"https:\/\/www.horizont.fi\/en\/wp-json\/wp\/v2\/product\/3229"}],"collection":[{"href":"https:\/\/www.horizont.fi\/en\/wp-json\/wp\/v2\/product"}],"about":[{"href":"https:\/\/www.horizont.fi\/en\/wp-json\/wp\/v2\/types\/product"}],"replies":[{"embeddable":true,"href":"https:\/\/www.horizont.fi\/en\/wp-json\/wp\/v2\/comments?post=3229"}],"wp:featuredmedia":[{"embeddable":true,"href":"https:\/\/www.horizont.fi\/en\/wp-json\/wp\/v2\/media\/3215"}],"wp:attachment":[{"href":"https:\/\/www.horizont.fi\/en\/wp-json\/wp\/v2\/media?parent=3229"}],"wp:term":[{"taxonomy":"product_cat","embeddable":true,"href":"https:\/\/www.horizont.fi\/en\/wp-json\/wp\/v2\/product_cat?post=3229"},{"taxonomy":"product_tag","embeddable":true,"href":"https:\/\/www.horizont.fi\/en\/wp-json\/wp\/v2\/product_tag?post=3229"}],"curies":[{"name":"wp","href":"https:\/\/api.w.org\/{rel}","templated":true}]}}