{"id":3582,"date":"2017-05-25T21:56:07","date_gmt":"2017-05-25T18:56:07","guid":{"rendered":"http:\/\/www.horizont.fi\/?post_type=product&#038;p=3582"},"modified":"2019-02-03T12:02:33","modified_gmt":"2019-02-03T10:02:33","slug":"olympiastadion-kuva-helsinki-2017","status":"publish","type":"product","link":"https:\/\/www.horizont.fi\/en\/product\/olympiastadion-kuva-helsinki-2017\/","title":{"rendered":"OLYMPIASTADION, kuva I &#8211; Helsinki, 2017"},"content":{"rendered":"","protected":false},"excerpt":{"rendered":"<p><i>N\u00e4et myyt\u00e4v\u00e4n kuvan t\u00e4ysikokoisena klikkaamalla viereist\u00e4 kuvaa.<\/i><\/p>\n<p>Vuonna 1938 valmistunut Helsingin Olympiastadion on mittavan remontin kohteena. Satoja miljoonia maksavan remontin n\u00e4kyvin uudistus on kaikkialta katettu katsomo. Lis\u00e4ksi mm. uusitaan katsomon istuimet sek\u00e4 lis\u00e4t\u00e4\u00e4n k\u00e4ym\u00e4l\u00e4tilojen ja ravintolapalveluiden m\u00e4\u00e4r\u00e4\u00e4 moninkertaisesti. Peruskorjauksessa louhitaan uusia tiloja nykyisen rakennuksen alle. Maan alle on suunniteltu palloiluhalli, kuntosali, huoltotiloja sek\u00e4 mahdollisesti t\u00e4ysimittainen sis\u00e4juoksurata. Peruskorjauksen on m\u00e4\u00e4r\u00e4 valmistua kev\u00e4\u00e4ll\u00e4 2019.<\/p>\n<p>Kuva: Markus Sinerv\u00e4<\/p>","protected":false},"featured_media":9470,"comment_status":"closed","ping_status":"closed","template":"","meta":{"_monsterinsights_skip_tracking":false,"_monsterinsights_sitenote_active":false,"_monsterinsights_sitenote_note":"","_monsterinsights_sitenote_category":0},"product_cat":[335],"product_tag":[231,238,312,337,338,336],"yoast_head":"<!-- This site is optimized with the Yoast SEO plugin v22.6 - https:\/\/yoast.com\/wordpress\/plugins\/seo\/ -->\n<title>OLYMPIASTADION, kuva I - Helsinki, 2017 - HORIZONT \u2013 Ilmakuvaus<\/title>\n<meta name=\"description\" content=\"Kuvaamme kauko-ohjattavilla kamerakoptereilla. Saat ammattitaidolla ja luotettavasti toteutetut videot ja ilmakuvat edullisesti joko suoraan kuvapankista tai tilaamalla kuvaajamme kohteeseesi.\" \/>\n<meta name=\"robots\" content=\"index, follow, max-snippet:-1, max-image-preview:large, max-video-preview:-1\" \/>\n<link rel=\"canonical\" href=\"https:\/\/www.horizont.fi\/en\/product\/olympiastadion-kuva-helsinki-2017\/\" \/>\n<meta property=\"og:locale\" content=\"en_GB\" \/>\n<meta property=\"og:type\" content=\"article\" \/>\n<meta property=\"og:title\" content=\"OLYMPIASTADION, kuva I - Helsinki, 2017 - HORIZONT \u2013 Ilmakuvaus\" \/>\n<meta property=\"og:description\" content=\"Kuvaamme kauko-ohjattavilla kamerakoptereilla. Saat ammattitaidolla ja luotettavasti toteutetut videot ja ilmakuvat edullisesti joko suoraan kuvapankista tai tilaamalla kuvaajamme kohteeseesi.\" \/>\n<meta property=\"og:url\" content=\"https:\/\/www.horizont.fi\/en\/product\/olympiastadion-kuva-helsinki-2017\/\" \/>\n<meta property=\"og:site_name\" content=\"HORIZONT \u2013 Ilmakuvaus\" \/>\n<meta property=\"article:publisher\" content=\"https:\/\/www.facebook.com\/Horizont.Aerial.Photographers\/\" \/>\n<meta property=\"article:modified_time\" content=\"2019-02-03T10:02:33+00:00\" \/>\n<meta property=\"og:image\" content=\"https:\/\/www.horizont.fi\/horizont\/wp-content\/uploads\/2019\/02\/resized-horizont.fi-Olympiastadion-2.jpg\" \/>\n\t<meta property=\"og:image:width\" content=\"948\" \/>\n\t<meta property=\"og:image:height\" content=\"733\" \/>\n\t<meta property=\"og:image:type\" content=\"image\/jpeg\" \/>\n<meta name=\"twitter:card\" content=\"summary_large_image\" \/>\n<script type=\"application\/ld+json\" class=\"yoast-schema-graph\">{\"@context\":\"https:\/\/schema.org\",\"@graph\":[{\"@type\":\"WebPage\",\"@id\":\"https:\/\/www.horizont.fi\/product\/olympiastadion-kuva-helsinki-2017\/\",\"url\":\"https:\/\/www.horizont.fi\/product\/olympiastadion-kuva-helsinki-2017\/\",\"name\":\"OLYMPIASTADION, kuva I - Helsinki, 2017 - HORIZONT \u2013 Ilmakuvaus\",\"isPartOf\":{\"@id\":\"https:\/\/www.horizont.fi\/#website\"},\"primaryImageOfPage\":{\"@id\":\"https:\/\/www.horizont.fi\/product\/olympiastadion-kuva-helsinki-2017\/#primaryimage\"},\"image\":{\"@id\":\"https:\/\/www.horizont.fi\/product\/olympiastadion-kuva-helsinki-2017\/#primaryimage\"},\"thumbnailUrl\":\"https:\/\/www.horizont.fi\/horizont\/wp-content\/uploads\/2019\/02\/resized-horizont.fi-Olympiastadion-2.jpg\",\"datePublished\":\"2017-05-25T18:56:07+00:00\",\"dateModified\":\"2019-02-03T10:02:33+00:00\",\"description\":\"Kuvaamme kauko-ohjattavilla kamerakoptereilla. Saat ammattitaidolla ja luotettavasti toteutetut videot ja ilmakuvat edullisesti joko suoraan kuvapankista tai tilaamalla kuvaajamme kohteeseesi.\",\"breadcrumb\":{\"@id\":\"https:\/\/www.horizont.fi\/product\/olympiastadion-kuva-helsinki-2017\/#breadcrumb\"},\"inLanguage\":\"en-GB\",\"potentialAction\":[{\"@type\":\"ReadAction\",\"target\":[\"https:\/\/www.horizont.fi\/product\/olympiastadion-kuva-helsinki-2017\/\"]}]},{\"@type\":\"ImageObject\",\"inLanguage\":\"en-GB\",\"@id\":\"https:\/\/www.horizont.fi\/product\/olympiastadion-kuva-helsinki-2017\/#primaryimage\",\"url\":\"https:\/\/www.horizont.fi\/horizont\/wp-content\/uploads\/2019\/02\/resized-horizont.fi-Olympiastadion-2.jpg\",\"contentUrl\":\"https:\/\/www.horizont.fi\/horizont\/wp-content\/uploads\/2019\/02\/resized-horizont.fi-Olympiastadion-2.jpg\",\"width\":948,\"height\":733,\"caption\":\"ilmakuvausta\"},{\"@type\":\"BreadcrumbList\",\"@id\":\"https:\/\/www.horizont.fi\/product\/olympiastadion-kuva-helsinki-2017\/#breadcrumb\",\"itemListElement\":[{\"@type\":\"ListItem\",\"position\":1,\"name\":\"Etusivu\",\"item\":\"https:\/\/www.horizont.fi\/\"},{\"@type\":\"ListItem\",\"position\":2,\"name\":\"KAUPPA\",\"item\":\"https:\/\/www.horizont.fi\/kauppa\/\"},{\"@type\":\"ListItem\",\"position\":3,\"name\":\"OLYMPIASTADION, kuva I &#8211; Helsinki, 2017\"}]},{\"@type\":\"WebSite\",\"@id\":\"https:\/\/www.horizont.fi\/#website\",\"url\":\"https:\/\/www.horizont.fi\/\",\"name\":\"HORIZONT \u2013 Ilmakuvaus\",\"description\":\"Lennokkaita kuvia ja videoita\",\"publisher\":{\"@id\":\"https:\/\/www.horizont.fi\/#organization\"},\"potentialAction\":[{\"@type\":\"SearchAction\",\"target\":{\"@type\":\"EntryPoint\",\"urlTemplate\":\"https:\/\/www.horizont.fi\/?s={search_term_string}\"},\"query-input\":\"required name=search_term_string\"}],\"inLanguage\":\"en-GB\"},{\"@type\":\"Organization\",\"@id\":\"https:\/\/www.horizont.fi\/#organization\",\"name\":\"Horizont - Ilmakuvat\",\"url\":\"https:\/\/www.horizont.fi\/\",\"logo\":{\"@type\":\"ImageObject\",\"inLanguage\":\"en-GB\",\"@id\":\"https:\/\/www.horizont.fi\/#\/schema\/logo\/image\/\",\"url\":\"https:\/\/www.horizont.fi\/horizont\/wp-content\/uploads\/2017\/02\/cropped-logo-horizont2-150.png\",\"contentUrl\":\"https:\/\/www.horizont.fi\/horizont\/wp-content\/uploads\/2017\/02\/cropped-logo-horizont2-150.png\",\"width\":136,\"height\":122,\"caption\":\"Horizont - Ilmakuvat\"},\"image\":{\"@id\":\"https:\/\/www.horizont.fi\/#\/schema\/logo\/image\/\"},\"sameAs\":[\"https:\/\/www.facebook.com\/Horizont.Aerial.Photographers\/\",\"https:\/\/www.instagram.com\/horizont.fi\/\",\"https:\/\/www.youtube.com\/channel\/UC_1M_GpRMYCa9dlvKBQdy-g\"]}]}<\/script>\n<!-- \/ Yoast SEO plugin. -->","yoast_head_json":{"title":"OLYMPIASTADION, kuva I - Helsinki, 2017 - HORIZONT \u2013 Ilmakuvaus","description":"Kuvaamme kauko-ohjattavilla kamerakoptereilla. Saat ammattitaidolla ja luotettavasti toteutetut videot ja ilmakuvat edullisesti joko suoraan kuvapankista tai tilaamalla kuvaajamme kohteeseesi.","robots":{"index":"index","follow":"follow","max-snippet":"max-snippet:-1","max-image-preview":"max-image-preview:large","max-video-preview":"max-video-preview:-1"},"canonical":"https:\/\/www.horizont.fi\/en\/product\/olympiastadion-kuva-helsinki-2017\/","og_locale":"en_GB","og_type":"article","og_title":"OLYMPIASTADION, kuva I - Helsinki, 2017 - HORIZONT \u2013 Ilmakuvaus","og_description":"Kuvaamme kauko-ohjattavilla kamerakoptereilla. Saat ammattitaidolla ja luotettavasti toteutetut videot ja ilmakuvat edullisesti joko suoraan kuvapankista tai tilaamalla kuvaajamme kohteeseesi.","og_url":"https:\/\/www.horizont.fi\/en\/product\/olympiastadion-kuva-helsinki-2017\/","og_site_name":"HORIZONT \u2013 Ilmakuvaus","article_publisher":"https:\/\/www.facebook.com\/Horizont.Aerial.Photographers\/","article_modified_time":"2019-02-03T10:02:33+00:00","og_image":[{"width":948,"height":733,"url":"https:\/\/www.horizont.fi\/horizont\/wp-content\/uploads\/2019\/02\/resized-horizont.fi-Olympiastadion-2.jpg","type":"image\/jpeg"}],"twitter_card":"summary_large_image","schema":{"@context":"https:\/\/schema.org","@graph":[{"@type":"WebPage","@id":"https:\/\/www.horizont.fi\/product\/olympiastadion-kuva-helsinki-2017\/","url":"https:\/\/www.horizont.fi\/product\/olympiastadion-kuva-helsinki-2017\/","name":"OLYMPIASTADION, kuva I - Helsinki, 2017 - HORIZONT \u2013 Ilmakuvaus","isPartOf":{"@id":"https:\/\/www.horizont.fi\/#website"},"primaryImageOfPage":{"@id":"https:\/\/www.horizont.fi\/product\/olympiastadion-kuva-helsinki-2017\/#primaryimage"},"image":{"@id":"https:\/\/www.horizont.fi\/product\/olympiastadion-kuva-helsinki-2017\/#primaryimage"},"thumbnailUrl":"https:\/\/www.horizont.fi\/horizont\/wp-content\/uploads\/2019\/02\/resized-horizont.fi-Olympiastadion-2.jpg","datePublished":"2017-05-25T18:56:07+00:00","dateModified":"2019-02-03T10:02:33+00:00","description":"Kuvaamme kauko-ohjattavilla kamerakoptereilla. Saat ammattitaidolla ja luotettavasti toteutetut videot ja ilmakuvat edullisesti joko suoraan kuvapankista tai tilaamalla kuvaajamme kohteeseesi.","breadcrumb":{"@id":"https:\/\/www.horizont.fi\/product\/olympiastadion-kuva-helsinki-2017\/#breadcrumb"},"inLanguage":"en-GB","potentialAction":[{"@type":"ReadAction","target":["https:\/\/www.horizont.fi\/product\/olympiastadion-kuva-helsinki-2017\/"]}]},{"@type":"ImageObject","inLanguage":"en-GB","@id":"https:\/\/www.horizont.fi\/product\/olympiastadion-kuva-helsinki-2017\/#primaryimage","url":"https:\/\/www.horizont.fi\/horizont\/wp-content\/uploads\/2019\/02\/resized-horizont.fi-Olympiastadion-2.jpg","contentUrl":"https:\/\/www.horizont.fi\/horizont\/wp-content\/uploads\/2019\/02\/resized-horizont.fi-Olympiastadion-2.jpg","width":948,"height":733,"caption":"ilmakuvausta"},{"@type":"BreadcrumbList","@id":"https:\/\/www.horizont.fi\/product\/olympiastadion-kuva-helsinki-2017\/#breadcrumb","itemListElement":[{"@type":"ListItem","position":1,"name":"Etusivu","item":"https:\/\/www.horizont.fi\/"},{"@type":"ListItem","position":2,"name":"KAUPPA","item":"https:\/\/www.horizont.fi\/kauppa\/"},{"@type":"ListItem","position":3,"name":"OLYMPIASTADION, kuva I &#8211; Helsinki, 2017"}]},{"@type":"WebSite","@id":"https:\/\/www.horizont.fi\/#website","url":"https:\/\/www.horizont.fi\/","name":"HORIZONT \u2013 Ilmakuvaus","description":"Lennokkaita kuvia ja videoita","publisher":{"@id":"https:\/\/www.horizont.fi\/#organization"},"potentialAction":[{"@type":"SearchAction","target":{"@type":"EntryPoint","urlTemplate":"https:\/\/www.horizont.fi\/?s={search_term_string}"},"query-input":"required name=search_term_string"}],"inLanguage":"en-GB"},{"@type":"Organization","@id":"https:\/\/www.horizont.fi\/#organization","name":"Horizont - Ilmakuvat","url":"https:\/\/www.horizont.fi\/","logo":{"@type":"ImageObject","inLanguage":"en-GB","@id":"https:\/\/www.horizont.fi\/#\/schema\/logo\/image\/","url":"https:\/\/www.horizont.fi\/horizont\/wp-content\/uploads\/2017\/02\/cropped-logo-horizont2-150.png","contentUrl":"https:\/\/www.horizont.fi\/horizont\/wp-content\/uploads\/2017\/02\/cropped-logo-horizont2-150.png","width":136,"height":122,"caption":"Horizont - Ilmakuvat"},"image":{"@id":"https:\/\/www.horizont.fi\/#\/schema\/logo\/image\/"},"sameAs":["https:\/\/www.facebook.com\/Horizont.Aerial.Photographers\/","https:\/\/www.instagram.com\/horizont.fi\/","https:\/\/www.youtube.com\/channel\/UC_1M_GpRMYCa9dlvKBQdy-g"]}]}},"_links":{"self":[{"href":"https:\/\/www.horizont.fi\/en\/wp-json\/wp\/v2\/product\/3582"}],"collection":[{"href":"https:\/\/www.horizont.fi\/en\/wp-json\/wp\/v2\/product"}],"about":[{"href":"https:\/\/www.horizont.fi\/en\/wp-json\/wp\/v2\/types\/product"}],"replies":[{"embeddable":true,"href":"https:\/\/www.horizont.fi\/en\/wp-json\/wp\/v2\/comments?post=3582"}],"wp:featuredmedia":[{"embeddable":true,"href":"https:\/\/www.horizont.fi\/en\/wp-json\/wp\/v2\/media\/9470"}],"wp:attachment":[{"href":"https:\/\/www.horizont.fi\/en\/wp-json\/wp\/v2\/media?parent=3582"}],"wp:term":[{"taxonomy":"product_cat","embeddable":true,"href":"https:\/\/www.horizont.fi\/en\/wp-json\/wp\/v2\/product_cat?post=3582"},{"taxonomy":"product_tag","embeddable":true,"href":"https:\/\/www.horizont.fi\/en\/wp-json\/wp\/v2\/product_tag?post=3582"}],"curies":[{"name":"wp","href":"https:\/\/api.w.org\/{rel}","templated":true}]}}