{"id":3616,"date":"2017-05-26T23:24:12","date_gmt":"2017-05-26T20:24:12","guid":{"rendered":"http:\/\/www.horizont.fi\/?post_type=product&#038;p=3616"},"modified":"2017-05-27T00:30:10","modified_gmt":"2017-05-26T21:30:10","slug":"airisto-ja-stormalon-saari-kuva-ii-parainen-2016","status":"publish","type":"product","link":"https:\/\/www.horizont.fi\/en\/product\/airisto-ja-stormalon-saari-kuva-ii-parainen-2016\/","title":{"rendered":"AIRISTO JA STORM\u00c4L\u00d6-SAARI, kuva II &#8211; Parainen, 2016"},"content":{"rendered":"","protected":false},"excerpt":{"rendered":"<p><em>N\u00e4et myyt\u00e4v\u00e4n kuvan t\u00e4ysikokoisena klikkaamalla viereist\u00e4 kuvaa.<\/em><\/p>\n<p><span style=\"color: #000000; font-family: Times New Roman;\">Storm\u00e4l\u00f6 on saari Paraisilla jolle on keskittynyt veneilij\u00f6it\u00e4 ja muita matkailijoita palvelevia yrityksi\u00e4. Saarella sijaitsevat muun muassa m\u00f6kkikyl\u00e4, pienvenesatama ja Airiston<\/span><span style=\"color: #000000; font-family: Times New Roman;\"> lomakeskus, joista t\u00e4ss\u00e4 ilmakuvia. Storm\u00e4l\u00f6n saaren vierest\u00e4 liikenn\u00f6i Nauvoon kulkeva lautta. Lautta on osa Saariston Rengastiet\u00e4. <\/span><\/p>\n<p><span style=\"color: #000000; font-family: Times New Roman;\">Kuva: Karl-Johan Spiik<\/span><\/p>","protected":false},"featured_media":3601,"comment_status":"closed","ping_status":"closed","template":"","meta":{"_monsterinsights_skip_tracking":false,"_monsterinsights_sitenote_active":false,"_monsterinsights_sitenote_note":"","_monsterinsights_sitenote_category":0},"product_cat":[344],"product_tag":[350,238,354,208,347,348,349,346],"yoast_head":"<!-- This site is optimized with the Yoast SEO plugin v22.6 - https:\/\/yoast.com\/wordpress\/plugins\/seo\/ -->\n<title>ilmakuva airisto<\/title>\n<meta name=\"description\" content=\"Kuvaamme kauko-ohjattavilla kamerakoptereilla. Saat ammattitaidolla ja luotettavasti toteutetut videot ja ilmakuvat edullisesti joko suoraan kuvapankista tai tilaamalla kuvaajamme kohteeseesi.\" \/>\n<meta name=\"robots\" content=\"index, follow, max-snippet:-1, max-image-preview:large, max-video-preview:-1\" \/>\n<link rel=\"canonical\" href=\"https:\/\/www.horizont.fi\/en\/product\/airisto-ja-stormalon-saari-kuva-ii-parainen-2016\/\" \/>\n<meta property=\"og:locale\" content=\"en_GB\" \/>\n<meta property=\"og:type\" content=\"article\" \/>\n<meta property=\"og:title\" content=\"ilmakuva airisto\" \/>\n<meta property=\"og:description\" content=\"Kuvaamme kauko-ohjattavilla kamerakoptereilla. Saat ammattitaidolla ja luotettavasti toteutetut videot ja ilmakuvat edullisesti joko suoraan kuvapankista tai tilaamalla kuvaajamme kohteeseesi.\" \/>\n<meta property=\"og:url\" content=\"https:\/\/www.horizont.fi\/en\/product\/airisto-ja-stormalon-saari-kuva-ii-parainen-2016\/\" \/>\n<meta property=\"og:site_name\" content=\"HORIZONT \u2013 Ilmakuvaus\" \/>\n<meta property=\"article:publisher\" content=\"https:\/\/www.facebook.com\/Horizont.Aerial.Photographers\/\" \/>\n<meta property=\"article:modified_time\" content=\"2017-05-26T21:30:10+00:00\" \/>\n<meta property=\"og:image\" content=\"https:\/\/www.horizont.fi\/horizont\/wp-content\/uploads\/2017\/05\/cr4-Horizont.fi_Airisto_ja_Storm\u00e4l\u00f6_kuva_II_Karl_Johan_Spiik-scaled.jpg\" \/>\n\t<meta property=\"og:image:width\" content=\"4000\" \/>\n\t<meta property=\"og:image:height\" content=\"3000\" \/>\n\t<meta property=\"og:image:type\" content=\"image\/jpeg\" \/>\n<meta name=\"twitter:card\" content=\"summary_large_image\" \/>\n<script type=\"application\/ld+json\" class=\"yoast-schema-graph\">{\"@context\":\"https:\/\/schema.org\",\"@graph\":[{\"@type\":\"WebPage\",\"@id\":\"https:\/\/www.horizont.fi\/product\/airisto-ja-stormalon-saari-kuva-ii-parainen-2016\/\",\"url\":\"https:\/\/www.horizont.fi\/product\/airisto-ja-stormalon-saari-kuva-ii-parainen-2016\/\",\"name\":\"ilmakuva airisto\",\"isPartOf\":{\"@id\":\"https:\/\/www.horizont.fi\/#website\"},\"primaryImageOfPage\":{\"@id\":\"https:\/\/www.horizont.fi\/product\/airisto-ja-stormalon-saari-kuva-ii-parainen-2016\/#primaryimage\"},\"image\":{\"@id\":\"https:\/\/www.horizont.fi\/product\/airisto-ja-stormalon-saari-kuva-ii-parainen-2016\/#primaryimage\"},\"thumbnailUrl\":\"https:\/\/www.horizont.fi\/horizont\/wp-content\/uploads\/2017\/05\/cr4-Horizont.fi_Airisto_ja_Storm\u00e4l\u00f6_kuva_II_Karl_Johan_Spiik-scaled.jpg\",\"datePublished\":\"2017-05-26T20:24:12+00:00\",\"dateModified\":\"2017-05-26T21:30:10+00:00\",\"description\":\"Kuvaamme kauko-ohjattavilla kamerakoptereilla. Saat ammattitaidolla ja luotettavasti toteutetut videot ja ilmakuvat edullisesti joko suoraan kuvapankista tai tilaamalla kuvaajamme kohteeseesi.\",\"breadcrumb\":{\"@id\":\"https:\/\/www.horizont.fi\/product\/airisto-ja-stormalon-saari-kuva-ii-parainen-2016\/#breadcrumb\"},\"inLanguage\":\"en-GB\",\"potentialAction\":[{\"@type\":\"ReadAction\",\"target\":[\"https:\/\/www.horizont.fi\/product\/airisto-ja-stormalon-saari-kuva-ii-parainen-2016\/\"]}]},{\"@type\":\"ImageObject\",\"inLanguage\":\"en-GB\",\"@id\":\"https:\/\/www.horizont.fi\/product\/airisto-ja-stormalon-saari-kuva-ii-parainen-2016\/#primaryimage\",\"url\":\"https:\/\/www.horizont.fi\/horizont\/wp-content\/uploads\/2017\/05\/cr4-Horizont.fi_Airisto_ja_Storm\u00e4l\u00f6_kuva_II_Karl_Johan_Spiik-scaled.jpg\",\"contentUrl\":\"https:\/\/www.horizont.fi\/horizont\/wp-content\/uploads\/2017\/05\/cr4-Horizont.fi_Airisto_ja_Storm\u00e4l\u00f6_kuva_II_Karl_Johan_Spiik-scaled.jpg\",\"width\":4000,\"height\":3000,\"caption\":\"DCIM100MEDIADJI_0034.JPG\"},{\"@type\":\"BreadcrumbList\",\"@id\":\"https:\/\/www.horizont.fi\/product\/airisto-ja-stormalon-saari-kuva-ii-parainen-2016\/#breadcrumb\",\"itemListElement\":[{\"@type\":\"ListItem\",\"position\":1,\"name\":\"Etusivu\",\"item\":\"https:\/\/www.horizont.fi\/\"},{\"@type\":\"ListItem\",\"position\":2,\"name\":\"KAUPPA\",\"item\":\"https:\/\/www.horizont.fi\/kauppa\/\"},{\"@type\":\"ListItem\",\"position\":3,\"name\":\"AIRISTO JA STORM\u00c4L\u00d6-SAARI, kuva II &#8211; Parainen, 2016\"}]},{\"@type\":\"WebSite\",\"@id\":\"https:\/\/www.horizont.fi\/#website\",\"url\":\"https:\/\/www.horizont.fi\/\",\"name\":\"HORIZONT \u2013 Ilmakuvaus\",\"description\":\"Lennokkaita kuvia ja videoita\",\"publisher\":{\"@id\":\"https:\/\/www.horizont.fi\/#organization\"},\"potentialAction\":[{\"@type\":\"SearchAction\",\"target\":{\"@type\":\"EntryPoint\",\"urlTemplate\":\"https:\/\/www.horizont.fi\/?s={search_term_string}\"},\"query-input\":\"required name=search_term_string\"}],\"inLanguage\":\"en-GB\"},{\"@type\":\"Organization\",\"@id\":\"https:\/\/www.horizont.fi\/#organization\",\"name\":\"Horizont - Ilmakuvat\",\"url\":\"https:\/\/www.horizont.fi\/\",\"logo\":{\"@type\":\"ImageObject\",\"inLanguage\":\"en-GB\",\"@id\":\"https:\/\/www.horizont.fi\/#\/schema\/logo\/image\/\",\"url\":\"https:\/\/www.horizont.fi\/horizont\/wp-content\/uploads\/2017\/02\/cropped-logo-horizont2-150.png\",\"contentUrl\":\"https:\/\/www.horizont.fi\/horizont\/wp-content\/uploads\/2017\/02\/cropped-logo-horizont2-150.png\",\"width\":136,\"height\":122,\"caption\":\"Horizont - Ilmakuvat\"},\"image\":{\"@id\":\"https:\/\/www.horizont.fi\/#\/schema\/logo\/image\/\"},\"sameAs\":[\"https:\/\/www.facebook.com\/Horizont.Aerial.Photographers\/\",\"https:\/\/www.instagram.com\/horizont.fi\/\",\"https:\/\/www.youtube.com\/channel\/UC_1M_GpRMYCa9dlvKBQdy-g\"]}]}<\/script>\n<!-- \/ Yoast SEO plugin. -->","yoast_head_json":{"title":"ilmakuva airisto","description":"Kuvaamme kauko-ohjattavilla kamerakoptereilla. Saat ammattitaidolla ja luotettavasti toteutetut videot ja ilmakuvat edullisesti joko suoraan kuvapankista tai tilaamalla kuvaajamme kohteeseesi.","robots":{"index":"index","follow":"follow","max-snippet":"max-snippet:-1","max-image-preview":"max-image-preview:large","max-video-preview":"max-video-preview:-1"},"canonical":"https:\/\/www.horizont.fi\/en\/product\/airisto-ja-stormalon-saari-kuva-ii-parainen-2016\/","og_locale":"en_GB","og_type":"article","og_title":"ilmakuva airisto","og_description":"Kuvaamme kauko-ohjattavilla kamerakoptereilla. Saat ammattitaidolla ja luotettavasti toteutetut videot ja ilmakuvat edullisesti joko suoraan kuvapankista tai tilaamalla kuvaajamme kohteeseesi.","og_url":"https:\/\/www.horizont.fi\/en\/product\/airisto-ja-stormalon-saari-kuva-ii-parainen-2016\/","og_site_name":"HORIZONT \u2013 Ilmakuvaus","article_publisher":"https:\/\/www.facebook.com\/Horizont.Aerial.Photographers\/","article_modified_time":"2017-05-26T21:30:10+00:00","og_image":[{"width":4000,"height":3000,"url":"https:\/\/www.horizont.fi\/horizont\/wp-content\/uploads\/2017\/05\/cr4-Horizont.fi_Airisto_ja_Storm\u00e4l\u00f6_kuva_II_Karl_Johan_Spiik-scaled.jpg","type":"image\/jpeg"}],"twitter_card":"summary_large_image","schema":{"@context":"https:\/\/schema.org","@graph":[{"@type":"WebPage","@id":"https:\/\/www.horizont.fi\/product\/airisto-ja-stormalon-saari-kuva-ii-parainen-2016\/","url":"https:\/\/www.horizont.fi\/product\/airisto-ja-stormalon-saari-kuva-ii-parainen-2016\/","name":"ilmakuva airisto","isPartOf":{"@id":"https:\/\/www.horizont.fi\/#website"},"primaryImageOfPage":{"@id":"https:\/\/www.horizont.fi\/product\/airisto-ja-stormalon-saari-kuva-ii-parainen-2016\/#primaryimage"},"image":{"@id":"https:\/\/www.horizont.fi\/product\/airisto-ja-stormalon-saari-kuva-ii-parainen-2016\/#primaryimage"},"thumbnailUrl":"https:\/\/www.horizont.fi\/horizont\/wp-content\/uploads\/2017\/05\/cr4-Horizont.fi_Airisto_ja_Storm\u00e4l\u00f6_kuva_II_Karl_Johan_Spiik-scaled.jpg","datePublished":"2017-05-26T20:24:12+00:00","dateModified":"2017-05-26T21:30:10+00:00","description":"Kuvaamme kauko-ohjattavilla kamerakoptereilla. Saat ammattitaidolla ja luotettavasti toteutetut videot ja ilmakuvat edullisesti joko suoraan kuvapankista tai tilaamalla kuvaajamme kohteeseesi.","breadcrumb":{"@id":"https:\/\/www.horizont.fi\/product\/airisto-ja-stormalon-saari-kuva-ii-parainen-2016\/#breadcrumb"},"inLanguage":"en-GB","potentialAction":[{"@type":"ReadAction","target":["https:\/\/www.horizont.fi\/product\/airisto-ja-stormalon-saari-kuva-ii-parainen-2016\/"]}]},{"@type":"ImageObject","inLanguage":"en-GB","@id":"https:\/\/www.horizont.fi\/product\/airisto-ja-stormalon-saari-kuva-ii-parainen-2016\/#primaryimage","url":"https:\/\/www.horizont.fi\/horizont\/wp-content\/uploads\/2017\/05\/cr4-Horizont.fi_Airisto_ja_Storm\u00e4l\u00f6_kuva_II_Karl_Johan_Spiik-scaled.jpg","contentUrl":"https:\/\/www.horizont.fi\/horizont\/wp-content\/uploads\/2017\/05\/cr4-Horizont.fi_Airisto_ja_Storm\u00e4l\u00f6_kuva_II_Karl_Johan_Spiik-scaled.jpg","width":4000,"height":3000,"caption":"DCIM100MEDIADJI_0034.JPG"},{"@type":"BreadcrumbList","@id":"https:\/\/www.horizont.fi\/product\/airisto-ja-stormalon-saari-kuva-ii-parainen-2016\/#breadcrumb","itemListElement":[{"@type":"ListItem","position":1,"name":"Etusivu","item":"https:\/\/www.horizont.fi\/"},{"@type":"ListItem","position":2,"name":"KAUPPA","item":"https:\/\/www.horizont.fi\/kauppa\/"},{"@type":"ListItem","position":3,"name":"AIRISTO JA STORM\u00c4L\u00d6-SAARI, kuva II &#8211; Parainen, 2016"}]},{"@type":"WebSite","@id":"https:\/\/www.horizont.fi\/#website","url":"https:\/\/www.horizont.fi\/","name":"HORIZONT \u2013 Ilmakuvaus","description":"Lennokkaita kuvia ja videoita","publisher":{"@id":"https:\/\/www.horizont.fi\/#organization"},"potentialAction":[{"@type":"SearchAction","target":{"@type":"EntryPoint","urlTemplate":"https:\/\/www.horizont.fi\/?s={search_term_string}"},"query-input":"required name=search_term_string"}],"inLanguage":"en-GB"},{"@type":"Organization","@id":"https:\/\/www.horizont.fi\/#organization","name":"Horizont - Ilmakuvat","url":"https:\/\/www.horizont.fi\/","logo":{"@type":"ImageObject","inLanguage":"en-GB","@id":"https:\/\/www.horizont.fi\/#\/schema\/logo\/image\/","url":"https:\/\/www.horizont.fi\/horizont\/wp-content\/uploads\/2017\/02\/cropped-logo-horizont2-150.png","contentUrl":"https:\/\/www.horizont.fi\/horizont\/wp-content\/uploads\/2017\/02\/cropped-logo-horizont2-150.png","width":136,"height":122,"caption":"Horizont - Ilmakuvat"},"image":{"@id":"https:\/\/www.horizont.fi\/#\/schema\/logo\/image\/"},"sameAs":["https:\/\/www.facebook.com\/Horizont.Aerial.Photographers\/","https:\/\/www.instagram.com\/horizont.fi\/","https:\/\/www.youtube.com\/channel\/UC_1M_GpRMYCa9dlvKBQdy-g"]}]}},"_links":{"self":[{"href":"https:\/\/www.horizont.fi\/en\/wp-json\/wp\/v2\/product\/3616"}],"collection":[{"href":"https:\/\/www.horizont.fi\/en\/wp-json\/wp\/v2\/product"}],"about":[{"href":"https:\/\/www.horizont.fi\/en\/wp-json\/wp\/v2\/types\/product"}],"replies":[{"embeddable":true,"href":"https:\/\/www.horizont.fi\/en\/wp-json\/wp\/v2\/comments?post=3616"}],"wp:featuredmedia":[{"embeddable":true,"href":"https:\/\/www.horizont.fi\/en\/wp-json\/wp\/v2\/media\/3601"}],"wp:attachment":[{"href":"https:\/\/www.horizont.fi\/en\/wp-json\/wp\/v2\/media?parent=3616"}],"wp:term":[{"taxonomy":"product_cat","embeddable":true,"href":"https:\/\/www.horizont.fi\/en\/wp-json\/wp\/v2\/product_cat?post=3616"},{"taxonomy":"product_tag","embeddable":true,"href":"https:\/\/www.horizont.fi\/en\/wp-json\/wp\/v2\/product_tag?post=3616"}],"curies":[{"name":"wp","href":"https:\/\/api.w.org\/{rel}","templated":true}]}}