{"id":3971,"date":"2017-06-02T23:16:26","date_gmt":"2017-06-02T20:16:26","guid":{"rendered":"http:\/\/www.horizont.fi\/?post_type=product&#038;p=3971"},"modified":"2017-06-02T23:22:01","modified_gmt":"2017-06-02T20:22:01","slug":"vierasvenesatama-kuva-ii-houtskar-2017","status":"publish","type":"product","link":"https:\/\/www.horizont.fi\/en\/product\/vierasvenesatama-kuva-ii-houtskar-2017\/","title":{"rendered":"VIERASVENESATAMA, kuva II &#8211; Houtsk\u00e4r, 2016"},"content":{"rendered":"","protected":false},"excerpt":{"rendered":"<p><span lang=\"FI\"><span style=\"color: #000000; font-family: Times New Roman;\"><i>N\u00e4et myyt\u00e4v\u00e4n kuvan t\u00e4ysikokoisena klikkaamalla viereist\u00e4 kuvaa.<\/i><\/span><\/span><\/p>\n<p><span lang=\"FI\"><span style=\"color: #000000; font-family: Times New Roman;\">N\u00e4sbyn vierasvenesatamassa Houtsk\u00e4riss\u00e4 on paikat 40 veneelle. Rannassa olevassa rakennuksessa toimii grilli-kahvila. Alueella on hyv\u00e4t palvelut veneilij\u00f6ille. L\u00f6ytyy suihku, s\u00e4hk\u00f6 sek\u00e4 polttoaine. T\u00e4t\u00e4 nyky\u00e4 Houtsk\u00e4rin saarella on vajaat 600 vakinaista asukasta. Saaresta on vesiteitse seuraavaan mantereelle p\u00e4in sijaitsevaan saareen, Korppooseen, 30 minuutin laivamatka. <\/span><\/span><\/p>\n<p>Kuva: Karl-Johan Spiik<\/p>","protected":false},"featured_media":3958,"comment_status":"open","ping_status":"closed","template":"","meta":{"_monsterinsights_skip_tracking":false,"_monsterinsights_sitenote_active":false,"_monsterinsights_sitenote_note":"","_monsterinsights_sitenote_category":0},"product_cat":[543],"product_tag":[391,238,367,354,347,448,353,544,346,524],"yoast_head":"<!-- This site is optimized with the Yoast SEO plugin v22.6 - https:\/\/yoast.com\/wordpress\/plugins\/seo\/ -->\n<title>ilmakuva pienvenesatama<\/title>\n<meta name=\"description\" content=\"Kuvaamme kauko-ohjattavilla kamerakoptereilla. Saat ammattitaidolla ja luotettavasti toteutetut videot ja ilmakuvat edullisesti joko suoraan kuvapankista tai tilaamalla kuvaajamme kohteeseesi.\" \/>\n<meta name=\"robots\" content=\"index, follow, max-snippet:-1, max-image-preview:large, max-video-preview:-1\" \/>\n<link rel=\"canonical\" href=\"https:\/\/www.horizont.fi\/en\/product\/vierasvenesatama-kuva-ii-houtskar-2017\/\" \/>\n<meta property=\"og:locale\" content=\"en_GB\" \/>\n<meta property=\"og:type\" content=\"article\" \/>\n<meta property=\"og:title\" content=\"ilmakuva pienvenesatama\" \/>\n<meta property=\"og:description\" content=\"Kuvaamme kauko-ohjattavilla kamerakoptereilla. Saat ammattitaidolla ja luotettavasti toteutetut videot ja ilmakuvat edullisesti joko suoraan kuvapankista tai tilaamalla kuvaajamme kohteeseesi.\" \/>\n<meta property=\"og:url\" content=\"https:\/\/www.horizont.fi\/en\/product\/vierasvenesatama-kuva-ii-houtskar-2017\/\" \/>\n<meta property=\"og:site_name\" content=\"HORIZONT \u2013 Ilmakuvaus\" \/>\n<meta property=\"article:publisher\" content=\"https:\/\/www.facebook.com\/Horizont.Aerial.Photographers\/\" \/>\n<meta property=\"article:modified_time\" content=\"2017-06-02T20:22:01+00:00\" \/>\n<meta property=\"og:image\" content=\"https:\/\/www.horizont.fi\/horizont\/wp-content\/uploads\/2017\/06\/cr4-Horizont.fi_Houtsk\u00e4r_kuva_II_Karl-Johan_Spiik-scaled.jpg\" \/>\n\t<meta property=\"og:image:width\" content=\"3621\" \/>\n\t<meta property=\"og:image:height\" content=\"2822\" \/>\n\t<meta property=\"og:image:type\" content=\"image\/jpeg\" \/>\n<meta name=\"twitter:card\" content=\"summary_large_image\" \/>\n<script type=\"application\/ld+json\" class=\"yoast-schema-graph\">{\"@context\":\"https:\/\/schema.org\",\"@graph\":[{\"@type\":\"WebPage\",\"@id\":\"https:\/\/www.horizont.fi\/product\/vierasvenesatama-kuva-ii-houtskar-2017\/\",\"url\":\"https:\/\/www.horizont.fi\/product\/vierasvenesatama-kuva-ii-houtskar-2017\/\",\"name\":\"ilmakuva pienvenesatama\",\"isPartOf\":{\"@id\":\"https:\/\/www.horizont.fi\/#website\"},\"primaryImageOfPage\":{\"@id\":\"https:\/\/www.horizont.fi\/product\/vierasvenesatama-kuva-ii-houtskar-2017\/#primaryimage\"},\"image\":{\"@id\":\"https:\/\/www.horizont.fi\/product\/vierasvenesatama-kuva-ii-houtskar-2017\/#primaryimage\"},\"thumbnailUrl\":\"https:\/\/www.horizont.fi\/horizont\/wp-content\/uploads\/2017\/06\/cr4-Horizont.fi_Houtsk\u00e4r_kuva_II_Karl-Johan_Spiik-scaled.jpg\",\"datePublished\":\"2017-06-02T20:16:26+00:00\",\"dateModified\":\"2017-06-02T20:22:01+00:00\",\"description\":\"Kuvaamme kauko-ohjattavilla kamerakoptereilla. Saat ammattitaidolla ja luotettavasti toteutetut videot ja ilmakuvat edullisesti joko suoraan kuvapankista tai tilaamalla kuvaajamme kohteeseesi.\",\"breadcrumb\":{\"@id\":\"https:\/\/www.horizont.fi\/product\/vierasvenesatama-kuva-ii-houtskar-2017\/#breadcrumb\"},\"inLanguage\":\"en-GB\",\"potentialAction\":[{\"@type\":\"ReadAction\",\"target\":[\"https:\/\/www.horizont.fi\/product\/vierasvenesatama-kuva-ii-houtskar-2017\/\"]}]},{\"@type\":\"ImageObject\",\"inLanguage\":\"en-GB\",\"@id\":\"https:\/\/www.horizont.fi\/product\/vierasvenesatama-kuva-ii-houtskar-2017\/#primaryimage\",\"url\":\"https:\/\/www.horizont.fi\/horizont\/wp-content\/uploads\/2017\/06\/cr4-Horizont.fi_Houtsk\u00e4r_kuva_II_Karl-Johan_Spiik-scaled.jpg\",\"contentUrl\":\"https:\/\/www.horizont.fi\/horizont\/wp-content\/uploads\/2017\/06\/cr4-Horizont.fi_Houtsk\u00e4r_kuva_II_Karl-Johan_Spiik-scaled.jpg\",\"width\":3621,\"height\":2822,\"caption\":\"DCIM100MEDIADJI_0043.JPG\"},{\"@type\":\"BreadcrumbList\",\"@id\":\"https:\/\/www.horizont.fi\/product\/vierasvenesatama-kuva-ii-houtskar-2017\/#breadcrumb\",\"itemListElement\":[{\"@type\":\"ListItem\",\"position\":1,\"name\":\"Etusivu\",\"item\":\"https:\/\/www.horizont.fi\/\"},{\"@type\":\"ListItem\",\"position\":2,\"name\":\"KAUPPA\",\"item\":\"https:\/\/www.horizont.fi\/kauppa\/\"},{\"@type\":\"ListItem\",\"position\":3,\"name\":\"VIERASVENESATAMA, kuva II &#8211; Houtsk\u00e4r, 2016\"}]},{\"@type\":\"WebSite\",\"@id\":\"https:\/\/www.horizont.fi\/#website\",\"url\":\"https:\/\/www.horizont.fi\/\",\"name\":\"HORIZONT \u2013 Ilmakuvaus\",\"description\":\"Lennokkaita kuvia ja videoita\",\"publisher\":{\"@id\":\"https:\/\/www.horizont.fi\/#organization\"},\"potentialAction\":[{\"@type\":\"SearchAction\",\"target\":{\"@type\":\"EntryPoint\",\"urlTemplate\":\"https:\/\/www.horizont.fi\/?s={search_term_string}\"},\"query-input\":\"required name=search_term_string\"}],\"inLanguage\":\"en-GB\"},{\"@type\":\"Organization\",\"@id\":\"https:\/\/www.horizont.fi\/#organization\",\"name\":\"Horizont - Ilmakuvat\",\"url\":\"https:\/\/www.horizont.fi\/\",\"logo\":{\"@type\":\"ImageObject\",\"inLanguage\":\"en-GB\",\"@id\":\"https:\/\/www.horizont.fi\/#\/schema\/logo\/image\/\",\"url\":\"https:\/\/www.horizont.fi\/horizont\/wp-content\/uploads\/2017\/02\/cropped-logo-horizont2-150.png\",\"contentUrl\":\"https:\/\/www.horizont.fi\/horizont\/wp-content\/uploads\/2017\/02\/cropped-logo-horizont2-150.png\",\"width\":136,\"height\":122,\"caption\":\"Horizont - Ilmakuvat\"},\"image\":{\"@id\":\"https:\/\/www.horizont.fi\/#\/schema\/logo\/image\/\"},\"sameAs\":[\"https:\/\/www.facebook.com\/Horizont.Aerial.Photographers\/\",\"https:\/\/www.instagram.com\/horizont.fi\/\",\"https:\/\/www.youtube.com\/channel\/UC_1M_GpRMYCa9dlvKBQdy-g\"]}]}<\/script>\n<!-- \/ Yoast SEO plugin. -->","yoast_head_json":{"title":"ilmakuva pienvenesatama","description":"Kuvaamme kauko-ohjattavilla kamerakoptereilla. Saat ammattitaidolla ja luotettavasti toteutetut videot ja ilmakuvat edullisesti joko suoraan kuvapankista tai tilaamalla kuvaajamme kohteeseesi.","robots":{"index":"index","follow":"follow","max-snippet":"max-snippet:-1","max-image-preview":"max-image-preview:large","max-video-preview":"max-video-preview:-1"},"canonical":"https:\/\/www.horizont.fi\/en\/product\/vierasvenesatama-kuva-ii-houtskar-2017\/","og_locale":"en_GB","og_type":"article","og_title":"ilmakuva pienvenesatama","og_description":"Kuvaamme kauko-ohjattavilla kamerakoptereilla. Saat ammattitaidolla ja luotettavasti toteutetut videot ja ilmakuvat edullisesti joko suoraan kuvapankista tai tilaamalla kuvaajamme kohteeseesi.","og_url":"https:\/\/www.horizont.fi\/en\/product\/vierasvenesatama-kuva-ii-houtskar-2017\/","og_site_name":"HORIZONT \u2013 Ilmakuvaus","article_publisher":"https:\/\/www.facebook.com\/Horizont.Aerial.Photographers\/","article_modified_time":"2017-06-02T20:22:01+00:00","og_image":[{"width":3621,"height":2822,"url":"https:\/\/www.horizont.fi\/horizont\/wp-content\/uploads\/2017\/06\/cr4-Horizont.fi_Houtsk\u00e4r_kuva_II_Karl-Johan_Spiik-scaled.jpg","type":"image\/jpeg"}],"twitter_card":"summary_large_image","schema":{"@context":"https:\/\/schema.org","@graph":[{"@type":"WebPage","@id":"https:\/\/www.horizont.fi\/product\/vierasvenesatama-kuva-ii-houtskar-2017\/","url":"https:\/\/www.horizont.fi\/product\/vierasvenesatama-kuva-ii-houtskar-2017\/","name":"ilmakuva pienvenesatama","isPartOf":{"@id":"https:\/\/www.horizont.fi\/#website"},"primaryImageOfPage":{"@id":"https:\/\/www.horizont.fi\/product\/vierasvenesatama-kuva-ii-houtskar-2017\/#primaryimage"},"image":{"@id":"https:\/\/www.horizont.fi\/product\/vierasvenesatama-kuva-ii-houtskar-2017\/#primaryimage"},"thumbnailUrl":"https:\/\/www.horizont.fi\/horizont\/wp-content\/uploads\/2017\/06\/cr4-Horizont.fi_Houtsk\u00e4r_kuva_II_Karl-Johan_Spiik-scaled.jpg","datePublished":"2017-06-02T20:16:26+00:00","dateModified":"2017-06-02T20:22:01+00:00","description":"Kuvaamme kauko-ohjattavilla kamerakoptereilla. Saat ammattitaidolla ja luotettavasti toteutetut videot ja ilmakuvat edullisesti joko suoraan kuvapankista tai tilaamalla kuvaajamme kohteeseesi.","breadcrumb":{"@id":"https:\/\/www.horizont.fi\/product\/vierasvenesatama-kuva-ii-houtskar-2017\/#breadcrumb"},"inLanguage":"en-GB","potentialAction":[{"@type":"ReadAction","target":["https:\/\/www.horizont.fi\/product\/vierasvenesatama-kuva-ii-houtskar-2017\/"]}]},{"@type":"ImageObject","inLanguage":"en-GB","@id":"https:\/\/www.horizont.fi\/product\/vierasvenesatama-kuva-ii-houtskar-2017\/#primaryimage","url":"https:\/\/www.horizont.fi\/horizont\/wp-content\/uploads\/2017\/06\/cr4-Horizont.fi_Houtsk\u00e4r_kuva_II_Karl-Johan_Spiik-scaled.jpg","contentUrl":"https:\/\/www.horizont.fi\/horizont\/wp-content\/uploads\/2017\/06\/cr4-Horizont.fi_Houtsk\u00e4r_kuva_II_Karl-Johan_Spiik-scaled.jpg","width":3621,"height":2822,"caption":"DCIM100MEDIADJI_0043.JPG"},{"@type":"BreadcrumbList","@id":"https:\/\/www.horizont.fi\/product\/vierasvenesatama-kuva-ii-houtskar-2017\/#breadcrumb","itemListElement":[{"@type":"ListItem","position":1,"name":"Etusivu","item":"https:\/\/www.horizont.fi\/"},{"@type":"ListItem","position":2,"name":"KAUPPA","item":"https:\/\/www.horizont.fi\/kauppa\/"},{"@type":"ListItem","position":3,"name":"VIERASVENESATAMA, kuva II &#8211; Houtsk\u00e4r, 2016"}]},{"@type":"WebSite","@id":"https:\/\/www.horizont.fi\/#website","url":"https:\/\/www.horizont.fi\/","name":"HORIZONT \u2013 Ilmakuvaus","description":"Lennokkaita kuvia ja videoita","publisher":{"@id":"https:\/\/www.horizont.fi\/#organization"},"potentialAction":[{"@type":"SearchAction","target":{"@type":"EntryPoint","urlTemplate":"https:\/\/www.horizont.fi\/?s={search_term_string}"},"query-input":"required name=search_term_string"}],"inLanguage":"en-GB"},{"@type":"Organization","@id":"https:\/\/www.horizont.fi\/#organization","name":"Horizont - Ilmakuvat","url":"https:\/\/www.horizont.fi\/","logo":{"@type":"ImageObject","inLanguage":"en-GB","@id":"https:\/\/www.horizont.fi\/#\/schema\/logo\/image\/","url":"https:\/\/www.horizont.fi\/horizont\/wp-content\/uploads\/2017\/02\/cropped-logo-horizont2-150.png","contentUrl":"https:\/\/www.horizont.fi\/horizont\/wp-content\/uploads\/2017\/02\/cropped-logo-horizont2-150.png","width":136,"height":122,"caption":"Horizont - Ilmakuvat"},"image":{"@id":"https:\/\/www.horizont.fi\/#\/schema\/logo\/image\/"},"sameAs":["https:\/\/www.facebook.com\/Horizont.Aerial.Photographers\/","https:\/\/www.instagram.com\/horizont.fi\/","https:\/\/www.youtube.com\/channel\/UC_1M_GpRMYCa9dlvKBQdy-g"]}]}},"_links":{"self":[{"href":"https:\/\/www.horizont.fi\/en\/wp-json\/wp\/v2\/product\/3971"}],"collection":[{"href":"https:\/\/www.horizont.fi\/en\/wp-json\/wp\/v2\/product"}],"about":[{"href":"https:\/\/www.horizont.fi\/en\/wp-json\/wp\/v2\/types\/product"}],"replies":[{"embeddable":true,"href":"https:\/\/www.horizont.fi\/en\/wp-json\/wp\/v2\/comments?post=3971"}],"wp:featuredmedia":[{"embeddable":true,"href":"https:\/\/www.horizont.fi\/en\/wp-json\/wp\/v2\/media\/3958"}],"wp:attachment":[{"href":"https:\/\/www.horizont.fi\/en\/wp-json\/wp\/v2\/media?parent=3971"}],"wp:term":[{"taxonomy":"product_cat","embeddable":true,"href":"https:\/\/www.horizont.fi\/en\/wp-json\/wp\/v2\/product_cat?post=3971"},{"taxonomy":"product_tag","embeddable":true,"href":"https:\/\/www.horizont.fi\/en\/wp-json\/wp\/v2\/product_tag?post=3971"}],"curies":[{"name":"wp","href":"https:\/\/api.w.org\/{rel}","templated":true}]}}