{"id":4503,"date":"2017-06-20T22:28:57","date_gmt":"2017-06-20T19:28:57","guid":{"rendered":"http:\/\/www.horizont.fi\/?post_type=product&#038;p=4503"},"modified":"2017-06-20T22:35:38","modified_gmt":"2017-06-20T19:35:38","slug":"lapuanjoki-kuortaneenjarvi-kuva-ii-kuortane-2017","status":"publish","type":"product","link":"https:\/\/www.horizont.fi\/en\/product\/lapuanjoki-kuortaneenjarvi-kuva-ii-kuortane-2017\/","title":{"rendered":"KUORTANEENJ\u00c4RVI, kuva II &#8211; Kuortane, 2017"},"content":{"rendered":"","protected":false},"excerpt":{"rendered":"<p><em>N\u00e4et myyt\u00e4v\u00e4n kuvan t\u00e4ysikokoisena klikkaamalla viereist\u00e4 kuvaa.<\/em><\/p>\n<p>T\u00e4ss\u00e4 Kuortaneenj\u00e4rvi p\u00e4\u00e4ttyy Salmen siltaan ja jatkuu kuvan vasemmasta reunasta Lapuanjokena. Lapuanjoki on 120 km pitk\u00e4 ja laskee Pohjanlahteen Uudenkaarlepyyn kohdalla. Kuortaneenj\u00e4rvi on Etel\u00e4-Pohjanmaan suurimpia j\u00e4rvi\u00e4. J\u00e4rven pisin selk\u00e4 on 18km pitk\u00e4 ja 5km leve\u00e4. J\u00e4rven rannoilla on paljon kes\u00e4m\u00f6kkej\u00e4 sek\u00e4 iso hiekkaranta. <\/p>\n<p>Kuvaaja: Jyri M\u00e4kinen<\/p>","protected":false},"featured_media":4504,"comment_status":"closed","ping_status":"closed","template":"","meta":{"_monsterinsights_skip_tracking":false,"_monsterinsights_sitenote_active":false,"_monsterinsights_sitenote_note":"","_monsterinsights_sitenote_category":0},"product_cat":[80],"product_tag":[376,238,367,394,414,457,226,461,213],"yoast_head":"<!-- This site is optimized with the Yoast SEO plugin v22.6 - https:\/\/yoast.com\/wordpress\/plugins\/seo\/ -->\n<title>ilmakuva j\u00e4rvi<\/title>\n<meta name=\"description\" content=\"Kuvaamme kauko-ohjattavilla kamerakoptereilla. Saat ammattitaidolla ja luotettavasti toteutetut videot ja ilmakuvat edullisesti joko suoraan kuvapankista tai tilaamalla kuvaajamme kohteeseesi.\" \/>\n<meta name=\"robots\" content=\"index, follow, max-snippet:-1, max-image-preview:large, max-video-preview:-1\" \/>\n<link rel=\"canonical\" href=\"https:\/\/www.horizont.fi\/en\/product\/lapuanjoki-kuortaneenjarvi-kuva-ii-kuortane-2017\/\" \/>\n<meta property=\"og:locale\" content=\"en_GB\" \/>\n<meta property=\"og:type\" content=\"article\" \/>\n<meta property=\"og:title\" content=\"ilmakuva j\u00e4rvi\" \/>\n<meta property=\"og:description\" content=\"Kuvaamme kauko-ohjattavilla kamerakoptereilla. Saat ammattitaidolla ja luotettavasti toteutetut videot ja ilmakuvat edullisesti joko suoraan kuvapankista tai tilaamalla kuvaajamme kohteeseesi.\" \/>\n<meta property=\"og:url\" content=\"https:\/\/www.horizont.fi\/en\/product\/lapuanjoki-kuortaneenjarvi-kuva-ii-kuortane-2017\/\" \/>\n<meta property=\"og:site_name\" content=\"HORIZONT \u2013 Ilmakuvaus\" \/>\n<meta property=\"article:publisher\" content=\"https:\/\/www.facebook.com\/Horizont.Aerial.Photographers\/\" \/>\n<meta property=\"article:modified_time\" content=\"2017-06-20T19:35:38+00:00\" \/>\n<meta property=\"og:image\" content=\"https:\/\/www.horizont.fi\/horizont\/wp-content\/uploads\/2017\/06\/cr4-Horizont.fi_Kuortaneenj\u00e4rvi_Ari_Lepist\u00f6-scaled.jpg\" \/>\n\t<meta property=\"og:image:width\" content=\"4768\" \/>\n\t<meta property=\"og:image:height\" content=\"3575\" \/>\n\t<meta property=\"og:image:type\" content=\"image\/jpeg\" \/>\n<meta name=\"twitter:card\" content=\"summary_large_image\" \/>\n<script type=\"application\/ld+json\" class=\"yoast-schema-graph\">{\"@context\":\"https:\/\/schema.org\",\"@graph\":[{\"@type\":\"WebPage\",\"@id\":\"https:\/\/www.horizont.fi\/product\/lapuanjoki-kuortaneenjarvi-kuva-ii-kuortane-2017\/\",\"url\":\"https:\/\/www.horizont.fi\/product\/lapuanjoki-kuortaneenjarvi-kuva-ii-kuortane-2017\/\",\"name\":\"ilmakuva j\u00e4rvi\",\"isPartOf\":{\"@id\":\"https:\/\/www.horizont.fi\/#website\"},\"primaryImageOfPage\":{\"@id\":\"https:\/\/www.horizont.fi\/product\/lapuanjoki-kuortaneenjarvi-kuva-ii-kuortane-2017\/#primaryimage\"},\"image\":{\"@id\":\"https:\/\/www.horizont.fi\/product\/lapuanjoki-kuortaneenjarvi-kuva-ii-kuortane-2017\/#primaryimage\"},\"thumbnailUrl\":\"https:\/\/www.horizont.fi\/horizont\/wp-content\/uploads\/2017\/06\/cr4-Horizont.fi_Kuortaneenj\u00e4rvi_Ari_Lepist\u00f6-scaled.jpg\",\"datePublished\":\"2017-06-20T19:28:57+00:00\",\"dateModified\":\"2017-06-20T19:35:38+00:00\",\"description\":\"Kuvaamme kauko-ohjattavilla kamerakoptereilla. Saat ammattitaidolla ja luotettavasti toteutetut videot ja ilmakuvat edullisesti joko suoraan kuvapankista tai tilaamalla kuvaajamme kohteeseesi.\",\"breadcrumb\":{\"@id\":\"https:\/\/www.horizont.fi\/product\/lapuanjoki-kuortaneenjarvi-kuva-ii-kuortane-2017\/#breadcrumb\"},\"inLanguage\":\"en-GB\",\"potentialAction\":[{\"@type\":\"ReadAction\",\"target\":[\"https:\/\/www.horizont.fi\/product\/lapuanjoki-kuortaneenjarvi-kuva-ii-kuortane-2017\/\"]}]},{\"@type\":\"ImageObject\",\"inLanguage\":\"en-GB\",\"@id\":\"https:\/\/www.horizont.fi\/product\/lapuanjoki-kuortaneenjarvi-kuva-ii-kuortane-2017\/#primaryimage\",\"url\":\"https:\/\/www.horizont.fi\/horizont\/wp-content\/uploads\/2017\/06\/cr4-Horizont.fi_Kuortaneenj\u00e4rvi_Ari_Lepist\u00f6-scaled.jpg\",\"contentUrl\":\"https:\/\/www.horizont.fi\/horizont\/wp-content\/uploads\/2017\/06\/cr4-Horizont.fi_Kuortaneenj\u00e4rvi_Ari_Lepist\u00f6-scaled.jpg\",\"width\":4768,\"height\":3575,\"caption\":\"DCIM100MEDIADJI_0029.JPG\"},{\"@type\":\"BreadcrumbList\",\"@id\":\"https:\/\/www.horizont.fi\/product\/lapuanjoki-kuortaneenjarvi-kuva-ii-kuortane-2017\/#breadcrumb\",\"itemListElement\":[{\"@type\":\"ListItem\",\"position\":1,\"name\":\"Etusivu\",\"item\":\"https:\/\/www.horizont.fi\/\"},{\"@type\":\"ListItem\",\"position\":2,\"name\":\"KAUPPA\",\"item\":\"https:\/\/www.horizont.fi\/kauppa\/\"},{\"@type\":\"ListItem\",\"position\":3,\"name\":\"KUORTANEENJ\u00c4RVI, kuva II &#8211; Kuortane, 2017\"}]},{\"@type\":\"WebSite\",\"@id\":\"https:\/\/www.horizont.fi\/#website\",\"url\":\"https:\/\/www.horizont.fi\/\",\"name\":\"HORIZONT \u2013 Ilmakuvaus\",\"description\":\"Lennokkaita kuvia ja videoita\",\"publisher\":{\"@id\":\"https:\/\/www.horizont.fi\/#organization\"},\"potentialAction\":[{\"@type\":\"SearchAction\",\"target\":{\"@type\":\"EntryPoint\",\"urlTemplate\":\"https:\/\/www.horizont.fi\/?s={search_term_string}\"},\"query-input\":\"required name=search_term_string\"}],\"inLanguage\":\"en-GB\"},{\"@type\":\"Organization\",\"@id\":\"https:\/\/www.horizont.fi\/#organization\",\"name\":\"Horizont - Ilmakuvat\",\"url\":\"https:\/\/www.horizont.fi\/\",\"logo\":{\"@type\":\"ImageObject\",\"inLanguage\":\"en-GB\",\"@id\":\"https:\/\/www.horizont.fi\/#\/schema\/logo\/image\/\",\"url\":\"https:\/\/www.horizont.fi\/horizont\/wp-content\/uploads\/2017\/02\/cropped-logo-horizont2-150.png\",\"contentUrl\":\"https:\/\/www.horizont.fi\/horizont\/wp-content\/uploads\/2017\/02\/cropped-logo-horizont2-150.png\",\"width\":136,\"height\":122,\"caption\":\"Horizont - Ilmakuvat\"},\"image\":{\"@id\":\"https:\/\/www.horizont.fi\/#\/schema\/logo\/image\/\"},\"sameAs\":[\"https:\/\/www.facebook.com\/Horizont.Aerial.Photographers\/\",\"https:\/\/www.instagram.com\/horizont.fi\/\",\"https:\/\/www.youtube.com\/channel\/UC_1M_GpRMYCa9dlvKBQdy-g\"]}]}<\/script>\n<!-- \/ Yoast SEO plugin. -->","yoast_head_json":{"title":"ilmakuva j\u00e4rvi","description":"Kuvaamme kauko-ohjattavilla kamerakoptereilla. Saat ammattitaidolla ja luotettavasti toteutetut videot ja ilmakuvat edullisesti joko suoraan kuvapankista tai tilaamalla kuvaajamme kohteeseesi.","robots":{"index":"index","follow":"follow","max-snippet":"max-snippet:-1","max-image-preview":"max-image-preview:large","max-video-preview":"max-video-preview:-1"},"canonical":"https:\/\/www.horizont.fi\/en\/product\/lapuanjoki-kuortaneenjarvi-kuva-ii-kuortane-2017\/","og_locale":"en_GB","og_type":"article","og_title":"ilmakuva j\u00e4rvi","og_description":"Kuvaamme kauko-ohjattavilla kamerakoptereilla. Saat ammattitaidolla ja luotettavasti toteutetut videot ja ilmakuvat edullisesti joko suoraan kuvapankista tai tilaamalla kuvaajamme kohteeseesi.","og_url":"https:\/\/www.horizont.fi\/en\/product\/lapuanjoki-kuortaneenjarvi-kuva-ii-kuortane-2017\/","og_site_name":"HORIZONT \u2013 Ilmakuvaus","article_publisher":"https:\/\/www.facebook.com\/Horizont.Aerial.Photographers\/","article_modified_time":"2017-06-20T19:35:38+00:00","og_image":[{"width":4768,"height":3575,"url":"https:\/\/www.horizont.fi\/horizont\/wp-content\/uploads\/2017\/06\/cr4-Horizont.fi_Kuortaneenj\u00e4rvi_Ari_Lepist\u00f6-scaled.jpg","type":"image\/jpeg"}],"twitter_card":"summary_large_image","schema":{"@context":"https:\/\/schema.org","@graph":[{"@type":"WebPage","@id":"https:\/\/www.horizont.fi\/product\/lapuanjoki-kuortaneenjarvi-kuva-ii-kuortane-2017\/","url":"https:\/\/www.horizont.fi\/product\/lapuanjoki-kuortaneenjarvi-kuva-ii-kuortane-2017\/","name":"ilmakuva j\u00e4rvi","isPartOf":{"@id":"https:\/\/www.horizont.fi\/#website"},"primaryImageOfPage":{"@id":"https:\/\/www.horizont.fi\/product\/lapuanjoki-kuortaneenjarvi-kuva-ii-kuortane-2017\/#primaryimage"},"image":{"@id":"https:\/\/www.horizont.fi\/product\/lapuanjoki-kuortaneenjarvi-kuva-ii-kuortane-2017\/#primaryimage"},"thumbnailUrl":"https:\/\/www.horizont.fi\/horizont\/wp-content\/uploads\/2017\/06\/cr4-Horizont.fi_Kuortaneenj\u00e4rvi_Ari_Lepist\u00f6-scaled.jpg","datePublished":"2017-06-20T19:28:57+00:00","dateModified":"2017-06-20T19:35:38+00:00","description":"Kuvaamme kauko-ohjattavilla kamerakoptereilla. Saat ammattitaidolla ja luotettavasti toteutetut videot ja ilmakuvat edullisesti joko suoraan kuvapankista tai tilaamalla kuvaajamme kohteeseesi.","breadcrumb":{"@id":"https:\/\/www.horizont.fi\/product\/lapuanjoki-kuortaneenjarvi-kuva-ii-kuortane-2017\/#breadcrumb"},"inLanguage":"en-GB","potentialAction":[{"@type":"ReadAction","target":["https:\/\/www.horizont.fi\/product\/lapuanjoki-kuortaneenjarvi-kuva-ii-kuortane-2017\/"]}]},{"@type":"ImageObject","inLanguage":"en-GB","@id":"https:\/\/www.horizont.fi\/product\/lapuanjoki-kuortaneenjarvi-kuva-ii-kuortane-2017\/#primaryimage","url":"https:\/\/www.horizont.fi\/horizont\/wp-content\/uploads\/2017\/06\/cr4-Horizont.fi_Kuortaneenj\u00e4rvi_Ari_Lepist\u00f6-scaled.jpg","contentUrl":"https:\/\/www.horizont.fi\/horizont\/wp-content\/uploads\/2017\/06\/cr4-Horizont.fi_Kuortaneenj\u00e4rvi_Ari_Lepist\u00f6-scaled.jpg","width":4768,"height":3575,"caption":"DCIM100MEDIADJI_0029.JPG"},{"@type":"BreadcrumbList","@id":"https:\/\/www.horizont.fi\/product\/lapuanjoki-kuortaneenjarvi-kuva-ii-kuortane-2017\/#breadcrumb","itemListElement":[{"@type":"ListItem","position":1,"name":"Etusivu","item":"https:\/\/www.horizont.fi\/"},{"@type":"ListItem","position":2,"name":"KAUPPA","item":"https:\/\/www.horizont.fi\/kauppa\/"},{"@type":"ListItem","position":3,"name":"KUORTANEENJ\u00c4RVI, kuva II &#8211; Kuortane, 2017"}]},{"@type":"WebSite","@id":"https:\/\/www.horizont.fi\/#website","url":"https:\/\/www.horizont.fi\/","name":"HORIZONT \u2013 Ilmakuvaus","description":"Lennokkaita kuvia ja videoita","publisher":{"@id":"https:\/\/www.horizont.fi\/#organization"},"potentialAction":[{"@type":"SearchAction","target":{"@type":"EntryPoint","urlTemplate":"https:\/\/www.horizont.fi\/?s={search_term_string}"},"query-input":"required name=search_term_string"}],"inLanguage":"en-GB"},{"@type":"Organization","@id":"https:\/\/www.horizont.fi\/#organization","name":"Horizont - Ilmakuvat","url":"https:\/\/www.horizont.fi\/","logo":{"@type":"ImageObject","inLanguage":"en-GB","@id":"https:\/\/www.horizont.fi\/#\/schema\/logo\/image\/","url":"https:\/\/www.horizont.fi\/horizont\/wp-content\/uploads\/2017\/02\/cropped-logo-horizont2-150.png","contentUrl":"https:\/\/www.horizont.fi\/horizont\/wp-content\/uploads\/2017\/02\/cropped-logo-horizont2-150.png","width":136,"height":122,"caption":"Horizont - Ilmakuvat"},"image":{"@id":"https:\/\/www.horizont.fi\/#\/schema\/logo\/image\/"},"sameAs":["https:\/\/www.facebook.com\/Horizont.Aerial.Photographers\/","https:\/\/www.instagram.com\/horizont.fi\/","https:\/\/www.youtube.com\/channel\/UC_1M_GpRMYCa9dlvKBQdy-g"]}]}},"_links":{"self":[{"href":"https:\/\/www.horizont.fi\/en\/wp-json\/wp\/v2\/product\/4503"}],"collection":[{"href":"https:\/\/www.horizont.fi\/en\/wp-json\/wp\/v2\/product"}],"about":[{"href":"https:\/\/www.horizont.fi\/en\/wp-json\/wp\/v2\/types\/product"}],"replies":[{"embeddable":true,"href":"https:\/\/www.horizont.fi\/en\/wp-json\/wp\/v2\/comments?post=4503"}],"wp:featuredmedia":[{"embeddable":true,"href":"https:\/\/www.horizont.fi\/en\/wp-json\/wp\/v2\/media\/4504"}],"wp:attachment":[{"href":"https:\/\/www.horizont.fi\/en\/wp-json\/wp\/v2\/media?parent=4503"}],"wp:term":[{"taxonomy":"product_cat","embeddable":true,"href":"https:\/\/www.horizont.fi\/en\/wp-json\/wp\/v2\/product_cat?post=4503"},{"taxonomy":"product_tag","embeddable":true,"href":"https:\/\/www.horizont.fi\/en\/wp-json\/wp\/v2\/product_tag?post=4503"}],"curies":[{"name":"wp","href":"https:\/\/api.w.org\/{rel}","templated":true}]}}