{"id":4729,"date":"2017-06-26T20:42:35","date_gmt":"2017-06-26T17:42:35","guid":{"rendered":"http:\/\/www.horizont.fi\/?post_type=product&#038;p=4729"},"modified":"2019-11-30T19:00:22","modified_gmt":"2019-11-30T17:00:22","slug":"ammattioppilaitos-keuda-kuva-ii-nurmijarvi-2017","status":"publish","type":"product","link":"https:\/\/www.horizont.fi\/en\/product\/ammattioppilaitos-keuda-kuva-ii-nurmijarvi-2017\/","title":{"rendered":"AMMATTIOPPILAITOS KEUDA, kuva II &#8211; Nurmij\u00e4rvi, 2017"},"content":{"rendered":"","protected":false},"excerpt":{"rendered":"<p><i><span lang=\"FI\" style=\"margin: 0px; color: #333333; font-family: 'Georgia',serif;\">N\u00e4et myyt\u00e4v\u00e4n kuvan t\u00e4ysikokoisena klikkaamalla viereist\u00e4 kuvaa.<\/span><\/i><\/p>\n<p><span lang=\"FI\"><span style=\"color: #000000; font-family: Times New Roman;\">Kuvassa Keudan ammatillinen oppilaitos Nurmij\u00e4rven Perttulassa. Keski-Uudenmaan koulutuskuntayhtym\u00e4 Keuda<\/span><\/span><span lang=\"FI\"><span style=\"color: #000000; font-family: Times New Roman;\"> j\u00e4rjest\u00e4\u00e4 ammatillista koulutusta J\u00e4rvenp\u00e4\u00e4ss\u00e4, Keravalla, M\u00e4nts\u00e4l\u00e4ss\u00e4, Nurmij\u00e4rvell\u00e4, Sipoossa, Tuusulassa ja Helsingiss\u00e4, yhteens\u00e4 11 toimipisteess\u00e4. Opiskelijoita Keudassa on noin 7&nbsp;000 ja henkil\u00f6kuntaa n. 650.<\/span><\/span><\/p>\n<p><span lang=\"FI\" style=\"margin: 0px; color: #333333; font-family: 'Georgia',serif;\">Kuva: Harri Kuusinen<\/span><\/p>","protected":false},"featured_media":4646,"comment_status":"open","ping_status":"closed","template":"","meta":{"_monsterinsights_skip_tracking":false,"_monsterinsights_sitenote_active":false,"_monsterinsights_sitenote_note":"","_monsterinsights_sitenote_category":0},"product_cat":[715],"product_tag":[756,755,751,393,238,367,750,752,754,753],"yoast_head":"<!-- This site is optimized with the Yoast SEO plugin v22.6 - https:\/\/yoast.com\/wordpress\/plugins\/seo\/ -->\n<title>ilmakuva ammattioppilaitos<\/title>\n<meta name=\"description\" content=\"Kuvaamme kauko-ohjattavilla kamerakoptereilla. Saat ammattitaidolla ja luotettavasti toteutetut videot ja ilmakuvat edullisesti joko suoraan kuvapankista tai tilaamalla kuvaajamme kohteeseesi.\" \/>\n<meta name=\"robots\" content=\"index, follow, max-snippet:-1, max-image-preview:large, max-video-preview:-1\" \/>\n<link rel=\"canonical\" href=\"https:\/\/www.horizont.fi\/en\/product\/ammattioppilaitos-keuda-kuva-ii-nurmijarvi-2017\/\" \/>\n<meta property=\"og:locale\" content=\"en_GB\" \/>\n<meta property=\"og:type\" content=\"article\" \/>\n<meta property=\"og:title\" content=\"ilmakuva ammattioppilaitos\" \/>\n<meta property=\"og:description\" content=\"Kuvaamme kauko-ohjattavilla kamerakoptereilla. Saat ammattitaidolla ja luotettavasti toteutetut videot ja ilmakuvat edullisesti joko suoraan kuvapankista tai tilaamalla kuvaajamme kohteeseesi.\" \/>\n<meta property=\"og:url\" content=\"https:\/\/www.horizont.fi\/en\/product\/ammattioppilaitos-keuda-kuva-ii-nurmijarvi-2017\/\" \/>\n<meta property=\"og:site_name\" content=\"HORIZONT \u2013 Ilmakuvaus\" \/>\n<meta property=\"article:publisher\" content=\"https:\/\/www.facebook.com\/Horizont.Aerial.Photographers\/\" \/>\n<meta property=\"article:modified_time\" content=\"2019-11-30T17:00:22+00:00\" \/>\n<meta property=\"og:image\" content=\"https:\/\/www.horizont.fi\/horizont\/wp-content\/uploads\/2017\/06\/cr4-Horizont.fi_Keuda_Nurmij\u00e4rvi_kuva_III_Harri_Kuusinen-scaled.jpg\" \/>\n\t<meta property=\"og:image:width\" content=\"3773\" \/>\n\t<meta property=\"og:image:height\" content=\"2829\" \/>\n\t<meta property=\"og:image:type\" content=\"image\/jpeg\" \/>\n<meta name=\"twitter:card\" content=\"summary_large_image\" \/>\n<script type=\"application\/ld+json\" class=\"yoast-schema-graph\">{\"@context\":\"https:\/\/schema.org\",\"@graph\":[{\"@type\":\"WebPage\",\"@id\":\"https:\/\/www.horizont.fi\/product\/ammattioppilaitos-keuda-kuva-ii-nurmijarvi-2017\/\",\"url\":\"https:\/\/www.horizont.fi\/product\/ammattioppilaitos-keuda-kuva-ii-nurmijarvi-2017\/\",\"name\":\"ilmakuva ammattioppilaitos\",\"isPartOf\":{\"@id\":\"https:\/\/www.horizont.fi\/#website\"},\"primaryImageOfPage\":{\"@id\":\"https:\/\/www.horizont.fi\/product\/ammattioppilaitos-keuda-kuva-ii-nurmijarvi-2017\/#primaryimage\"},\"image\":{\"@id\":\"https:\/\/www.horizont.fi\/product\/ammattioppilaitos-keuda-kuva-ii-nurmijarvi-2017\/#primaryimage\"},\"thumbnailUrl\":\"https:\/\/www.horizont.fi\/horizont\/wp-content\/uploads\/2017\/06\/cr4-Horizont.fi_Keuda_Nurmij\u00e4rvi_kuva_III_Harri_Kuusinen-scaled.jpg\",\"datePublished\":\"2017-06-26T17:42:35+00:00\",\"dateModified\":\"2019-11-30T17:00:22+00:00\",\"description\":\"Kuvaamme kauko-ohjattavilla kamerakoptereilla. Saat ammattitaidolla ja luotettavasti toteutetut videot ja ilmakuvat edullisesti joko suoraan kuvapankista tai tilaamalla kuvaajamme kohteeseesi.\",\"breadcrumb\":{\"@id\":\"https:\/\/www.horizont.fi\/product\/ammattioppilaitos-keuda-kuva-ii-nurmijarvi-2017\/#breadcrumb\"},\"inLanguage\":\"en-GB\",\"potentialAction\":[{\"@type\":\"ReadAction\",\"target\":[\"https:\/\/www.horizont.fi\/product\/ammattioppilaitos-keuda-kuva-ii-nurmijarvi-2017\/\"]}]},{\"@type\":\"ImageObject\",\"inLanguage\":\"en-GB\",\"@id\":\"https:\/\/www.horizont.fi\/product\/ammattioppilaitos-keuda-kuva-ii-nurmijarvi-2017\/#primaryimage\",\"url\":\"https:\/\/www.horizont.fi\/horizont\/wp-content\/uploads\/2017\/06\/cr4-Horizont.fi_Keuda_Nurmij\u00e4rvi_kuva_III_Harri_Kuusinen-scaled.jpg\",\"contentUrl\":\"https:\/\/www.horizont.fi\/horizont\/wp-content\/uploads\/2017\/06\/cr4-Horizont.fi_Keuda_Nurmij\u00e4rvi_kuva_III_Harri_Kuusinen-scaled.jpg\",\"width\":3773,\"height\":2829,\"caption\":\"\\\\DCIM\\\\100MEDIA\\\\YUN00023.jpg\"},{\"@type\":\"BreadcrumbList\",\"@id\":\"https:\/\/www.horizont.fi\/product\/ammattioppilaitos-keuda-kuva-ii-nurmijarvi-2017\/#breadcrumb\",\"itemListElement\":[{\"@type\":\"ListItem\",\"position\":1,\"name\":\"Etusivu\",\"item\":\"https:\/\/www.horizont.fi\/\"},{\"@type\":\"ListItem\",\"position\":2,\"name\":\"KAUPPA\",\"item\":\"https:\/\/www.horizont.fi\/kauppa\/\"},{\"@type\":\"ListItem\",\"position\":3,\"name\":\"AMMATTIOPPILAITOS KEUDA, kuva II &#8211; Nurmij\u00e4rvi, 2017\"}]},{\"@type\":\"WebSite\",\"@id\":\"https:\/\/www.horizont.fi\/#website\",\"url\":\"https:\/\/www.horizont.fi\/\",\"name\":\"HORIZONT \u2013 Ilmakuvaus\",\"description\":\"Lennokkaita kuvia ja videoita\",\"publisher\":{\"@id\":\"https:\/\/www.horizont.fi\/#organization\"},\"potentialAction\":[{\"@type\":\"SearchAction\",\"target\":{\"@type\":\"EntryPoint\",\"urlTemplate\":\"https:\/\/www.horizont.fi\/?s={search_term_string}\"},\"query-input\":\"required name=search_term_string\"}],\"inLanguage\":\"en-GB\"},{\"@type\":\"Organization\",\"@id\":\"https:\/\/www.horizont.fi\/#organization\",\"name\":\"Horizont - Ilmakuvat\",\"url\":\"https:\/\/www.horizont.fi\/\",\"logo\":{\"@type\":\"ImageObject\",\"inLanguage\":\"en-GB\",\"@id\":\"https:\/\/www.horizont.fi\/#\/schema\/logo\/image\/\",\"url\":\"https:\/\/www.horizont.fi\/horizont\/wp-content\/uploads\/2017\/02\/cropped-logo-horizont2-150.png\",\"contentUrl\":\"https:\/\/www.horizont.fi\/horizont\/wp-content\/uploads\/2017\/02\/cropped-logo-horizont2-150.png\",\"width\":136,\"height\":122,\"caption\":\"Horizont - Ilmakuvat\"},\"image\":{\"@id\":\"https:\/\/www.horizont.fi\/#\/schema\/logo\/image\/\"},\"sameAs\":[\"https:\/\/www.facebook.com\/Horizont.Aerial.Photographers\/\",\"https:\/\/www.instagram.com\/horizont.fi\/\",\"https:\/\/www.youtube.com\/channel\/UC_1M_GpRMYCa9dlvKBQdy-g\"]}]}<\/script>\n<!-- \/ Yoast SEO plugin. -->","yoast_head_json":{"title":"ilmakuva ammattioppilaitos","description":"Kuvaamme kauko-ohjattavilla kamerakoptereilla. Saat ammattitaidolla ja luotettavasti toteutetut videot ja ilmakuvat edullisesti joko suoraan kuvapankista tai tilaamalla kuvaajamme kohteeseesi.","robots":{"index":"index","follow":"follow","max-snippet":"max-snippet:-1","max-image-preview":"max-image-preview:large","max-video-preview":"max-video-preview:-1"},"canonical":"https:\/\/www.horizont.fi\/en\/product\/ammattioppilaitos-keuda-kuva-ii-nurmijarvi-2017\/","og_locale":"en_GB","og_type":"article","og_title":"ilmakuva ammattioppilaitos","og_description":"Kuvaamme kauko-ohjattavilla kamerakoptereilla. Saat ammattitaidolla ja luotettavasti toteutetut videot ja ilmakuvat edullisesti joko suoraan kuvapankista tai tilaamalla kuvaajamme kohteeseesi.","og_url":"https:\/\/www.horizont.fi\/en\/product\/ammattioppilaitos-keuda-kuva-ii-nurmijarvi-2017\/","og_site_name":"HORIZONT \u2013 Ilmakuvaus","article_publisher":"https:\/\/www.facebook.com\/Horizont.Aerial.Photographers\/","article_modified_time":"2019-11-30T17:00:22+00:00","og_image":[{"width":3773,"height":2829,"url":"https:\/\/www.horizont.fi\/horizont\/wp-content\/uploads\/2017\/06\/cr4-Horizont.fi_Keuda_Nurmij\u00e4rvi_kuva_III_Harri_Kuusinen-scaled.jpg","type":"image\/jpeg"}],"twitter_card":"summary_large_image","schema":{"@context":"https:\/\/schema.org","@graph":[{"@type":"WebPage","@id":"https:\/\/www.horizont.fi\/product\/ammattioppilaitos-keuda-kuva-ii-nurmijarvi-2017\/","url":"https:\/\/www.horizont.fi\/product\/ammattioppilaitos-keuda-kuva-ii-nurmijarvi-2017\/","name":"ilmakuva ammattioppilaitos","isPartOf":{"@id":"https:\/\/www.horizont.fi\/#website"},"primaryImageOfPage":{"@id":"https:\/\/www.horizont.fi\/product\/ammattioppilaitos-keuda-kuva-ii-nurmijarvi-2017\/#primaryimage"},"image":{"@id":"https:\/\/www.horizont.fi\/product\/ammattioppilaitos-keuda-kuva-ii-nurmijarvi-2017\/#primaryimage"},"thumbnailUrl":"https:\/\/www.horizont.fi\/horizont\/wp-content\/uploads\/2017\/06\/cr4-Horizont.fi_Keuda_Nurmij\u00e4rvi_kuva_III_Harri_Kuusinen-scaled.jpg","datePublished":"2017-06-26T17:42:35+00:00","dateModified":"2019-11-30T17:00:22+00:00","description":"Kuvaamme kauko-ohjattavilla kamerakoptereilla. Saat ammattitaidolla ja luotettavasti toteutetut videot ja ilmakuvat edullisesti joko suoraan kuvapankista tai tilaamalla kuvaajamme kohteeseesi.","breadcrumb":{"@id":"https:\/\/www.horizont.fi\/product\/ammattioppilaitos-keuda-kuva-ii-nurmijarvi-2017\/#breadcrumb"},"inLanguage":"en-GB","potentialAction":[{"@type":"ReadAction","target":["https:\/\/www.horizont.fi\/product\/ammattioppilaitos-keuda-kuva-ii-nurmijarvi-2017\/"]}]},{"@type":"ImageObject","inLanguage":"en-GB","@id":"https:\/\/www.horizont.fi\/product\/ammattioppilaitos-keuda-kuva-ii-nurmijarvi-2017\/#primaryimage","url":"https:\/\/www.horizont.fi\/horizont\/wp-content\/uploads\/2017\/06\/cr4-Horizont.fi_Keuda_Nurmij\u00e4rvi_kuva_III_Harri_Kuusinen-scaled.jpg","contentUrl":"https:\/\/www.horizont.fi\/horizont\/wp-content\/uploads\/2017\/06\/cr4-Horizont.fi_Keuda_Nurmij\u00e4rvi_kuva_III_Harri_Kuusinen-scaled.jpg","width":3773,"height":2829,"caption":"\\DCIM\\100MEDIA\\YUN00023.jpg"},{"@type":"BreadcrumbList","@id":"https:\/\/www.horizont.fi\/product\/ammattioppilaitos-keuda-kuva-ii-nurmijarvi-2017\/#breadcrumb","itemListElement":[{"@type":"ListItem","position":1,"name":"Etusivu","item":"https:\/\/www.horizont.fi\/"},{"@type":"ListItem","position":2,"name":"KAUPPA","item":"https:\/\/www.horizont.fi\/kauppa\/"},{"@type":"ListItem","position":3,"name":"AMMATTIOPPILAITOS KEUDA, kuva II &#8211; Nurmij\u00e4rvi, 2017"}]},{"@type":"WebSite","@id":"https:\/\/www.horizont.fi\/#website","url":"https:\/\/www.horizont.fi\/","name":"HORIZONT \u2013 Ilmakuvaus","description":"Lennokkaita kuvia ja videoita","publisher":{"@id":"https:\/\/www.horizont.fi\/#organization"},"potentialAction":[{"@type":"SearchAction","target":{"@type":"EntryPoint","urlTemplate":"https:\/\/www.horizont.fi\/?s={search_term_string}"},"query-input":"required name=search_term_string"}],"inLanguage":"en-GB"},{"@type":"Organization","@id":"https:\/\/www.horizont.fi\/#organization","name":"Horizont - Ilmakuvat","url":"https:\/\/www.horizont.fi\/","logo":{"@type":"ImageObject","inLanguage":"en-GB","@id":"https:\/\/www.horizont.fi\/#\/schema\/logo\/image\/","url":"https:\/\/www.horizont.fi\/horizont\/wp-content\/uploads\/2017\/02\/cropped-logo-horizont2-150.png","contentUrl":"https:\/\/www.horizont.fi\/horizont\/wp-content\/uploads\/2017\/02\/cropped-logo-horizont2-150.png","width":136,"height":122,"caption":"Horizont - Ilmakuvat"},"image":{"@id":"https:\/\/www.horizont.fi\/#\/schema\/logo\/image\/"},"sameAs":["https:\/\/www.facebook.com\/Horizont.Aerial.Photographers\/","https:\/\/www.instagram.com\/horizont.fi\/","https:\/\/www.youtube.com\/channel\/UC_1M_GpRMYCa9dlvKBQdy-g"]}]}},"_links":{"self":[{"href":"https:\/\/www.horizont.fi\/en\/wp-json\/wp\/v2\/product\/4729"}],"collection":[{"href":"https:\/\/www.horizont.fi\/en\/wp-json\/wp\/v2\/product"}],"about":[{"href":"https:\/\/www.horizont.fi\/en\/wp-json\/wp\/v2\/types\/product"}],"replies":[{"embeddable":true,"href":"https:\/\/www.horizont.fi\/en\/wp-json\/wp\/v2\/comments?post=4729"}],"wp:featuredmedia":[{"embeddable":true,"href":"https:\/\/www.horizont.fi\/en\/wp-json\/wp\/v2\/media\/4646"}],"wp:attachment":[{"href":"https:\/\/www.horizont.fi\/en\/wp-json\/wp\/v2\/media?parent=4729"}],"wp:term":[{"taxonomy":"product_cat","embeddable":true,"href":"https:\/\/www.horizont.fi\/en\/wp-json\/wp\/v2\/product_cat?post=4729"},{"taxonomy":"product_tag","embeddable":true,"href":"https:\/\/www.horizont.fi\/en\/wp-json\/wp\/v2\/product_tag?post=4729"}],"curies":[{"name":"wp","href":"https:\/\/api.w.org\/{rel}","templated":true}]}}