{"id":4914,"date":"2017-07-01T15:36:12","date_gmt":"2017-07-01T12:36:12","guid":{"rendered":"http:\/\/www.horizont.fi\/?post_type=product&#038;p=4914"},"modified":"2017-07-05T10:04:53","modified_gmt":"2017-07-05T07:04:53","slug":"laiva-punkaharjulla-savonlinna-2017","status":"publish","type":"product","link":"https:\/\/www.horizont.fi\/en\/product\/laiva-punkaharjulla-savonlinna-2017\/","title":{"rendered":"LAIVA PUNKAHARJULLA &#8211; Savonlinna, 2017"},"content":{"rendered":"","protected":false},"excerpt":{"rendered":"<p><em><span lang=\"FI\" style=\"margin: 0px; color: #333333; font-family: 'Georgia',serif;\"><span lang=\"FI\" style=\"color: #ff0000;\"><span style=\"font-family: Times New Roman;\">SAAT MYYT\u00c4V\u00c4N ILMAKUVAN <strong>KOKONAAN<\/strong> N\u00c4KYVIIN KLIKKAAMALLA VIEREIST\u00c4 VALOKUVAA<\/span><\/span><\/span><\/em><\/p>\n<p><span lang=\"FI\"><span style=\"color: #000000; font-family: Times New Roman;\">Savonlinnasta liikenn\u00f6iv\u00e4 sis\u00e4vesiristeilyj\u00e4 tekev\u00e4&nbsp;h\u00f6yrylaiva&nbsp;<em>s\/s Paul Wahl<\/em> Punkaharjun edustalla kes\u00e4kuussa 2017. Laiva on valmistunut vuonna 1919.&nbsp;<\/span><\/span><\/p>\n<p><em><span lang=\"FI\" style=\"margin: 0px; color: #333333; font-family: 'Georgia',serif;\">Kuva: Markus Sinerv\u00e4<\/span><\/em><\/p>","protected":false},"featured_media":4851,"comment_status":"closed","ping_status":"closed","template":"","meta":{"_monsterinsights_skip_tracking":false,"_monsterinsights_sitenote_active":false,"_monsterinsights_sitenote_note":"","_monsterinsights_sitenote_category":0},"product_cat":[773],"product_tag":[790,812,813,238,367,792,418,226,206,366,312,801,817,647,815,816,814,782],"yoast_head":"<!-- This site is optimized with the Yoast SEO plugin v22.6 - https:\/\/yoast.com\/wordpress\/plugins\/seo\/ -->\n<title>LAIVA PUNKAHARJULLA - Savonlinna, 2017 - HORIZONT \u2013 Ilmakuvaus<\/title>\n<meta name=\"description\" content=\"Kuvaamme kauko-ohjattavilla kamerakoptereilla. Saat ammattitaidolla ja luotettavasti toteutetut videot ja ilmakuvat edullisesti joko suoraan kuvapankista tai tilaamalla kuvaajamme kohteeseesi.\" \/>\n<meta name=\"robots\" content=\"index, follow, max-snippet:-1, max-image-preview:large, max-video-preview:-1\" \/>\n<link rel=\"canonical\" href=\"https:\/\/www.horizont.fi\/en\/product\/laiva-punkaharjulla-savonlinna-2017\/\" \/>\n<meta property=\"og:locale\" content=\"en_GB\" \/>\n<meta property=\"og:type\" content=\"article\" \/>\n<meta property=\"og:title\" content=\"LAIVA PUNKAHARJULLA - Savonlinna, 2017 - HORIZONT \u2013 Ilmakuvaus\" \/>\n<meta property=\"og:description\" content=\"Kuvaamme kauko-ohjattavilla kamerakoptereilla. Saat ammattitaidolla ja luotettavasti toteutetut videot ja ilmakuvat edullisesti joko suoraan kuvapankista tai tilaamalla kuvaajamme kohteeseesi.\" \/>\n<meta property=\"og:url\" content=\"https:\/\/www.horizont.fi\/en\/product\/laiva-punkaharjulla-savonlinna-2017\/\" \/>\n<meta property=\"og:site_name\" content=\"HORIZONT \u2013 Ilmakuvaus\" \/>\n<meta property=\"article:publisher\" content=\"https:\/\/www.facebook.com\/Horizont.Aerial.Photographers\/\" \/>\n<meta property=\"article:modified_time\" content=\"2017-07-05T07:04:53+00:00\" \/>\n<meta property=\"og:image\" content=\"https:\/\/www.horizont.fi\/horizont\/wp-content\/uploads\/2017\/07\/cr4-Horizont.fi_h\u00f6yrylaiva_Paul_Wahl_Markus_Sinerv\u00e4-scaled.jpg\" \/>\n\t<meta property=\"og:image:width\" content=\"3952\" \/>\n\t<meta property=\"og:image:height\" content=\"2991\" \/>\n\t<meta property=\"og:image:type\" content=\"image\/jpeg\" \/>\n<meta name=\"twitter:card\" content=\"summary_large_image\" \/>\n<script type=\"application\/ld+json\" class=\"yoast-schema-graph\">{\"@context\":\"https:\/\/schema.org\",\"@graph\":[{\"@type\":\"WebPage\",\"@id\":\"https:\/\/www.horizont.fi\/product\/laiva-punkaharjulla-savonlinna-2017\/\",\"url\":\"https:\/\/www.horizont.fi\/product\/laiva-punkaharjulla-savonlinna-2017\/\",\"name\":\"LAIVA PUNKAHARJULLA - Savonlinna, 2017 - HORIZONT \u2013 Ilmakuvaus\",\"isPartOf\":{\"@id\":\"https:\/\/www.horizont.fi\/#website\"},\"primaryImageOfPage\":{\"@id\":\"https:\/\/www.horizont.fi\/product\/laiva-punkaharjulla-savonlinna-2017\/#primaryimage\"},\"image\":{\"@id\":\"https:\/\/www.horizont.fi\/product\/laiva-punkaharjulla-savonlinna-2017\/#primaryimage\"},\"thumbnailUrl\":\"https:\/\/www.horizont.fi\/horizont\/wp-content\/uploads\/2017\/07\/cr4-Horizont.fi_h\u00f6yrylaiva_Paul_Wahl_Markus_Sinerv\u00e4-scaled.jpg\",\"datePublished\":\"2017-07-01T12:36:12+00:00\",\"dateModified\":\"2017-07-05T07:04:53+00:00\",\"description\":\"Kuvaamme kauko-ohjattavilla kamerakoptereilla. Saat ammattitaidolla ja luotettavasti toteutetut videot ja ilmakuvat edullisesti joko suoraan kuvapankista tai tilaamalla kuvaajamme kohteeseesi.\",\"breadcrumb\":{\"@id\":\"https:\/\/www.horizont.fi\/product\/laiva-punkaharjulla-savonlinna-2017\/#breadcrumb\"},\"inLanguage\":\"en-GB\",\"potentialAction\":[{\"@type\":\"ReadAction\",\"target\":[\"https:\/\/www.horizont.fi\/product\/laiva-punkaharjulla-savonlinna-2017\/\"]}]},{\"@type\":\"ImageObject\",\"inLanguage\":\"en-GB\",\"@id\":\"https:\/\/www.horizont.fi\/product\/laiva-punkaharjulla-savonlinna-2017\/#primaryimage\",\"url\":\"https:\/\/www.horizont.fi\/horizont\/wp-content\/uploads\/2017\/07\/cr4-Horizont.fi_h\u00f6yrylaiva_Paul_Wahl_Markus_Sinerv\u00e4-scaled.jpg\",\"contentUrl\":\"https:\/\/www.horizont.fi\/horizont\/wp-content\/uploads\/2017\/07\/cr4-Horizont.fi_h\u00f6yrylaiva_Paul_Wahl_Markus_Sinerv\u00e4-scaled.jpg\",\"width\":3952,\"height\":2991,\"caption\":\"DCIM100MEDIADJI_0009.JPG\"},{\"@type\":\"BreadcrumbList\",\"@id\":\"https:\/\/www.horizont.fi\/product\/laiva-punkaharjulla-savonlinna-2017\/#breadcrumb\",\"itemListElement\":[{\"@type\":\"ListItem\",\"position\":1,\"name\":\"Etusivu\",\"item\":\"https:\/\/www.horizont.fi\/\"},{\"@type\":\"ListItem\",\"position\":2,\"name\":\"KAUPPA\",\"item\":\"https:\/\/www.horizont.fi\/kauppa\/\"},{\"@type\":\"ListItem\",\"position\":3,\"name\":\"LAIVA PUNKAHARJULLA &#8211; Savonlinna, 2017\"}]},{\"@type\":\"WebSite\",\"@id\":\"https:\/\/www.horizont.fi\/#website\",\"url\":\"https:\/\/www.horizont.fi\/\",\"name\":\"HORIZONT \u2013 Ilmakuvaus\",\"description\":\"Lennokkaita kuvia ja videoita\",\"publisher\":{\"@id\":\"https:\/\/www.horizont.fi\/#organization\"},\"potentialAction\":[{\"@type\":\"SearchAction\",\"target\":{\"@type\":\"EntryPoint\",\"urlTemplate\":\"https:\/\/www.horizont.fi\/?s={search_term_string}\"},\"query-input\":\"required name=search_term_string\"}],\"inLanguage\":\"en-GB\"},{\"@type\":\"Organization\",\"@id\":\"https:\/\/www.horizont.fi\/#organization\",\"name\":\"Horizont - Ilmakuvat\",\"url\":\"https:\/\/www.horizont.fi\/\",\"logo\":{\"@type\":\"ImageObject\",\"inLanguage\":\"en-GB\",\"@id\":\"https:\/\/www.horizont.fi\/#\/schema\/logo\/image\/\",\"url\":\"https:\/\/www.horizont.fi\/horizont\/wp-content\/uploads\/2017\/02\/cropped-logo-horizont2-150.png\",\"contentUrl\":\"https:\/\/www.horizont.fi\/horizont\/wp-content\/uploads\/2017\/02\/cropped-logo-horizont2-150.png\",\"width\":136,\"height\":122,\"caption\":\"Horizont - Ilmakuvat\"},\"image\":{\"@id\":\"https:\/\/www.horizont.fi\/#\/schema\/logo\/image\/\"},\"sameAs\":[\"https:\/\/www.facebook.com\/Horizont.Aerial.Photographers\/\",\"https:\/\/www.instagram.com\/horizont.fi\/\",\"https:\/\/www.youtube.com\/channel\/UC_1M_GpRMYCa9dlvKBQdy-g\"]}]}<\/script>\n<!-- \/ Yoast SEO plugin. -->","yoast_head_json":{"title":"LAIVA PUNKAHARJULLA - Savonlinna, 2017 - HORIZONT \u2013 Ilmakuvaus","description":"Kuvaamme kauko-ohjattavilla kamerakoptereilla. Saat ammattitaidolla ja luotettavasti toteutetut videot ja ilmakuvat edullisesti joko suoraan kuvapankista tai tilaamalla kuvaajamme kohteeseesi.","robots":{"index":"index","follow":"follow","max-snippet":"max-snippet:-1","max-image-preview":"max-image-preview:large","max-video-preview":"max-video-preview:-1"},"canonical":"https:\/\/www.horizont.fi\/en\/product\/laiva-punkaharjulla-savonlinna-2017\/","og_locale":"en_GB","og_type":"article","og_title":"LAIVA PUNKAHARJULLA - Savonlinna, 2017 - HORIZONT \u2013 Ilmakuvaus","og_description":"Kuvaamme kauko-ohjattavilla kamerakoptereilla. Saat ammattitaidolla ja luotettavasti toteutetut videot ja ilmakuvat edullisesti joko suoraan kuvapankista tai tilaamalla kuvaajamme kohteeseesi.","og_url":"https:\/\/www.horizont.fi\/en\/product\/laiva-punkaharjulla-savonlinna-2017\/","og_site_name":"HORIZONT \u2013 Ilmakuvaus","article_publisher":"https:\/\/www.facebook.com\/Horizont.Aerial.Photographers\/","article_modified_time":"2017-07-05T07:04:53+00:00","og_image":[{"width":3952,"height":2991,"url":"https:\/\/www.horizont.fi\/horizont\/wp-content\/uploads\/2017\/07\/cr4-Horizont.fi_h\u00f6yrylaiva_Paul_Wahl_Markus_Sinerv\u00e4-scaled.jpg","type":"image\/jpeg"}],"twitter_card":"summary_large_image","schema":{"@context":"https:\/\/schema.org","@graph":[{"@type":"WebPage","@id":"https:\/\/www.horizont.fi\/product\/laiva-punkaharjulla-savonlinna-2017\/","url":"https:\/\/www.horizont.fi\/product\/laiva-punkaharjulla-savonlinna-2017\/","name":"LAIVA PUNKAHARJULLA - Savonlinna, 2017 - HORIZONT \u2013 Ilmakuvaus","isPartOf":{"@id":"https:\/\/www.horizont.fi\/#website"},"primaryImageOfPage":{"@id":"https:\/\/www.horizont.fi\/product\/laiva-punkaharjulla-savonlinna-2017\/#primaryimage"},"image":{"@id":"https:\/\/www.horizont.fi\/product\/laiva-punkaharjulla-savonlinna-2017\/#primaryimage"},"thumbnailUrl":"https:\/\/www.horizont.fi\/horizont\/wp-content\/uploads\/2017\/07\/cr4-Horizont.fi_h\u00f6yrylaiva_Paul_Wahl_Markus_Sinerv\u00e4-scaled.jpg","datePublished":"2017-07-01T12:36:12+00:00","dateModified":"2017-07-05T07:04:53+00:00","description":"Kuvaamme kauko-ohjattavilla kamerakoptereilla. Saat ammattitaidolla ja luotettavasti toteutetut videot ja ilmakuvat edullisesti joko suoraan kuvapankista tai tilaamalla kuvaajamme kohteeseesi.","breadcrumb":{"@id":"https:\/\/www.horizont.fi\/product\/laiva-punkaharjulla-savonlinna-2017\/#breadcrumb"},"inLanguage":"en-GB","potentialAction":[{"@type":"ReadAction","target":["https:\/\/www.horizont.fi\/product\/laiva-punkaharjulla-savonlinna-2017\/"]}]},{"@type":"ImageObject","inLanguage":"en-GB","@id":"https:\/\/www.horizont.fi\/product\/laiva-punkaharjulla-savonlinna-2017\/#primaryimage","url":"https:\/\/www.horizont.fi\/horizont\/wp-content\/uploads\/2017\/07\/cr4-Horizont.fi_h\u00f6yrylaiva_Paul_Wahl_Markus_Sinerv\u00e4-scaled.jpg","contentUrl":"https:\/\/www.horizont.fi\/horizont\/wp-content\/uploads\/2017\/07\/cr4-Horizont.fi_h\u00f6yrylaiva_Paul_Wahl_Markus_Sinerv\u00e4-scaled.jpg","width":3952,"height":2991,"caption":"DCIM100MEDIADJI_0009.JPG"},{"@type":"BreadcrumbList","@id":"https:\/\/www.horizont.fi\/product\/laiva-punkaharjulla-savonlinna-2017\/#breadcrumb","itemListElement":[{"@type":"ListItem","position":1,"name":"Etusivu","item":"https:\/\/www.horizont.fi\/"},{"@type":"ListItem","position":2,"name":"KAUPPA","item":"https:\/\/www.horizont.fi\/kauppa\/"},{"@type":"ListItem","position":3,"name":"LAIVA PUNKAHARJULLA &#8211; Savonlinna, 2017"}]},{"@type":"WebSite","@id":"https:\/\/www.horizont.fi\/#website","url":"https:\/\/www.horizont.fi\/","name":"HORIZONT \u2013 Ilmakuvaus","description":"Lennokkaita kuvia ja videoita","publisher":{"@id":"https:\/\/www.horizont.fi\/#organization"},"potentialAction":[{"@type":"SearchAction","target":{"@type":"EntryPoint","urlTemplate":"https:\/\/www.horizont.fi\/?s={search_term_string}"},"query-input":"required name=search_term_string"}],"inLanguage":"en-GB"},{"@type":"Organization","@id":"https:\/\/www.horizont.fi\/#organization","name":"Horizont - Ilmakuvat","url":"https:\/\/www.horizont.fi\/","logo":{"@type":"ImageObject","inLanguage":"en-GB","@id":"https:\/\/www.horizont.fi\/#\/schema\/logo\/image\/","url":"https:\/\/www.horizont.fi\/horizont\/wp-content\/uploads\/2017\/02\/cropped-logo-horizont2-150.png","contentUrl":"https:\/\/www.horizont.fi\/horizont\/wp-content\/uploads\/2017\/02\/cropped-logo-horizont2-150.png","width":136,"height":122,"caption":"Horizont - Ilmakuvat"},"image":{"@id":"https:\/\/www.horizont.fi\/#\/schema\/logo\/image\/"},"sameAs":["https:\/\/www.facebook.com\/Horizont.Aerial.Photographers\/","https:\/\/www.instagram.com\/horizont.fi\/","https:\/\/www.youtube.com\/channel\/UC_1M_GpRMYCa9dlvKBQdy-g"]}]}},"_links":{"self":[{"href":"https:\/\/www.horizont.fi\/en\/wp-json\/wp\/v2\/product\/4914"}],"collection":[{"href":"https:\/\/www.horizont.fi\/en\/wp-json\/wp\/v2\/product"}],"about":[{"href":"https:\/\/www.horizont.fi\/en\/wp-json\/wp\/v2\/types\/product"}],"replies":[{"embeddable":true,"href":"https:\/\/www.horizont.fi\/en\/wp-json\/wp\/v2\/comments?post=4914"}],"wp:featuredmedia":[{"embeddable":true,"href":"https:\/\/www.horizont.fi\/en\/wp-json\/wp\/v2\/media\/4851"}],"wp:attachment":[{"href":"https:\/\/www.horizont.fi\/en\/wp-json\/wp\/v2\/media?parent=4914"}],"wp:term":[{"taxonomy":"product_cat","embeddable":true,"href":"https:\/\/www.horizont.fi\/en\/wp-json\/wp\/v2\/product_cat?post=4914"},{"taxonomy":"product_tag","embeddable":true,"href":"https:\/\/www.horizont.fi\/en\/wp-json\/wp\/v2\/product_tag?post=4914"}],"curies":[{"name":"wp","href":"https:\/\/api.w.org\/{rel}","templated":true}]}}