{"id":5573,"date":"2017-01-02T19:19:14","date_gmt":"2017-01-02T17:19:14","guid":{"rendered":"http:\/\/www.horizont.fi\/?post_type=product&#038;p=5573"},"modified":"2019-11-30T16:14:46","modified_gmt":"2019-11-30T14:14:46","slug":"ilmakuva-ruoholahti-helsinki-yhteishintaan-kuvat-nro-1-5","status":"publish","type":"product","link":"https:\/\/www.horizont.fi\/en\/product\/ilmakuva-ruoholahti-helsinki-yhteishintaan-kuvat-nro-1-5\/","title":{"rendered":"Ilmakuva: RUOHOLAHTI, Helsinki | Yhteishintaan kuvat nro 1-6"},"content":{"rendered":"","protected":false},"excerpt":{"rendered":"<p><span style=\"color: #ff0000;\">N\u00e4et myyt\u00e4v\u00e4t kuvat koko laajuudessaan klikkaamalla alla olevia pikkukuvia.<\/span><\/p>\n<p><span lang=\"FI\">Meren \u00e4\u00e4rell\u00e4 sijaitseva Ruoholahden alue Helsingiss\u00e4 toimi ennen satama- ja teollisuusalueena. 1990-luvulla alue muunnettiin asuink\u00e4ytt\u00f6\u00f6n ja sinne nousi paljon kerrostaloja. Helsingin metro ulotettiin Kampista Ruoholahteen vuonna 1993. Alueelle rakennettiin my\u00f6s paljon uutta toimistotilaa, kauppakeskus ja vanhasta Alkon tehtaasta tuli vuonna 2004 osaksi Altian p\u00e4\u00e4konttori ja toiselta osaltaan Helsingin oikeustalo. Alueelle kaivetun kanavan yli rakennettiin Crusellinsilta, joka avattiin vuonna 2011.<\/span><\/p>\n<p><span lang=\"FI\">Kuva: Ari Lepist\u00f6<\/span><\/p>","protected":false},"featured_media":4462,"comment_status":"closed","ping_status":"closed","template":"","meta":{"_monsterinsights_skip_tracking":false,"_monsterinsights_sitenote_active":false,"_monsterinsights_sitenote_note":"","_monsterinsights_sitenote_category":0},"product_cat":[994],"product_tag":[385,593,231,238,856,367,998,269,516,997,208,996],"yoast_head":"<!-- This site is optimized with the Yoast SEO plugin v22.6 - https:\/\/yoast.com\/wordpress\/plugins\/seo\/ -->\n<title>Ilmakuva: RUOHOLAHTI, Helsinki | Yhteishintaan kuvat nro 1-6 - HORIZONT \u2013 Ilmakuvaus<\/title>\n<meta name=\"description\" content=\"Kuvaamme kauko-ohjattavilla kamerakoptereilla. Saat ammattitaidolla ja luotettavasti toteutetut videot ja ilmakuvat edullisesti joko suoraan kuvapankista tai tilaamalla kuvaajamme kohteeseesi.\" \/>\n<meta name=\"robots\" content=\"index, follow, max-snippet:-1, max-image-preview:large, max-video-preview:-1\" \/>\n<link rel=\"canonical\" href=\"https:\/\/www.horizont.fi\/en\/product\/ilmakuva-ruoholahti-helsinki-yhteishintaan-kuvat-nro-1-5\/\" \/>\n<meta property=\"og:locale\" content=\"en_GB\" \/>\n<meta property=\"og:type\" content=\"article\" \/>\n<meta property=\"og:title\" content=\"Ilmakuva: RUOHOLAHTI, Helsinki | Yhteishintaan kuvat nro 1-6 - HORIZONT \u2013 Ilmakuvaus\" \/>\n<meta property=\"og:description\" content=\"Kuvaamme kauko-ohjattavilla kamerakoptereilla. Saat ammattitaidolla ja luotettavasti toteutetut videot ja ilmakuvat edullisesti joko suoraan kuvapankista tai tilaamalla kuvaajamme kohteeseesi.\" \/>\n<meta property=\"og:url\" content=\"https:\/\/www.horizont.fi\/en\/product\/ilmakuva-ruoholahti-helsinki-yhteishintaan-kuvat-nro-1-5\/\" \/>\n<meta property=\"og:site_name\" content=\"HORIZONT \u2013 Ilmakuvaus\" \/>\n<meta property=\"article:publisher\" content=\"https:\/\/www.facebook.com\/Horizont.Aerial.Photographers\/\" \/>\n<meta property=\"article:modified_time\" content=\"2019-11-30T14:14:46+00:00\" \/>\n<meta property=\"og:image\" content=\"https:\/\/www.horizont.fi\/horizont\/wp-content\/uploads\/2017\/06\/ostakaikkikuvat-3.jpg\" \/>\n\t<meta property=\"og:image:width\" content=\"445\" \/>\n\t<meta property=\"og:image:height\" content=\"554\" \/>\n\t<meta property=\"og:image:type\" content=\"image\/jpeg\" \/>\n<meta name=\"twitter:card\" content=\"summary_large_image\" \/>\n<script type=\"application\/ld+json\" class=\"yoast-schema-graph\">{\"@context\":\"https:\/\/schema.org\",\"@graph\":[{\"@type\":\"WebPage\",\"@id\":\"https:\/\/www.horizont.fi\/product\/ilmakuva-ruoholahti-helsinki-yhteishintaan-kuvat-nro-1-5\/\",\"url\":\"https:\/\/www.horizont.fi\/product\/ilmakuva-ruoholahti-helsinki-yhteishintaan-kuvat-nro-1-5\/\",\"name\":\"Ilmakuva: RUOHOLAHTI, Helsinki | Yhteishintaan kuvat nro 1-6 - HORIZONT \u2013 Ilmakuvaus\",\"isPartOf\":{\"@id\":\"https:\/\/www.horizont.fi\/#website\"},\"primaryImageOfPage\":{\"@id\":\"https:\/\/www.horizont.fi\/product\/ilmakuva-ruoholahti-helsinki-yhteishintaan-kuvat-nro-1-5\/#primaryimage\"},\"image\":{\"@id\":\"https:\/\/www.horizont.fi\/product\/ilmakuva-ruoholahti-helsinki-yhteishintaan-kuvat-nro-1-5\/#primaryimage\"},\"thumbnailUrl\":\"https:\/\/www.horizont.fi\/horizont\/wp-content\/uploads\/2017\/06\/ostakaikkikuvat-3.jpg\",\"datePublished\":\"2017-01-02T17:19:14+00:00\",\"dateModified\":\"2019-11-30T14:14:46+00:00\",\"description\":\"Kuvaamme kauko-ohjattavilla kamerakoptereilla. Saat ammattitaidolla ja luotettavasti toteutetut videot ja ilmakuvat edullisesti joko suoraan kuvapankista tai tilaamalla kuvaajamme kohteeseesi.\",\"breadcrumb\":{\"@id\":\"https:\/\/www.horizont.fi\/product\/ilmakuva-ruoholahti-helsinki-yhteishintaan-kuvat-nro-1-5\/#breadcrumb\"},\"inLanguage\":\"en-GB\",\"potentialAction\":[{\"@type\":\"ReadAction\",\"target\":[\"https:\/\/www.horizont.fi\/product\/ilmakuva-ruoholahti-helsinki-yhteishintaan-kuvat-nro-1-5\/\"]}]},{\"@type\":\"ImageObject\",\"inLanguage\":\"en-GB\",\"@id\":\"https:\/\/www.horizont.fi\/product\/ilmakuva-ruoholahti-helsinki-yhteishintaan-kuvat-nro-1-5\/#primaryimage\",\"url\":\"https:\/\/www.horizont.fi\/horizont\/wp-content\/uploads\/2017\/06\/ostakaikkikuvat-3.jpg\",\"contentUrl\":\"https:\/\/www.horizont.fi\/horizont\/wp-content\/uploads\/2017\/06\/ostakaikkikuvat-3.jpg\",\"width\":445,\"height\":554,\"caption\":\"ilmakuvia aerial photos\"},{\"@type\":\"BreadcrumbList\",\"@id\":\"https:\/\/www.horizont.fi\/product\/ilmakuva-ruoholahti-helsinki-yhteishintaan-kuvat-nro-1-5\/#breadcrumb\",\"itemListElement\":[{\"@type\":\"ListItem\",\"position\":1,\"name\":\"Etusivu\",\"item\":\"https:\/\/www.horizont.fi\/\"},{\"@type\":\"ListItem\",\"position\":2,\"name\":\"KAUPPA\",\"item\":\"https:\/\/www.horizont.fi\/kauppa\/\"},{\"@type\":\"ListItem\",\"position\":3,\"name\":\"Ilmakuva: RUOHOLAHTI, Helsinki | Yhteishintaan kuvat nro 1-6\"}]},{\"@type\":\"WebSite\",\"@id\":\"https:\/\/www.horizont.fi\/#website\",\"url\":\"https:\/\/www.horizont.fi\/\",\"name\":\"HORIZONT \u2013 Ilmakuvaus\",\"description\":\"Lennokkaita kuvia ja videoita\",\"publisher\":{\"@id\":\"https:\/\/www.horizont.fi\/#organization\"},\"potentialAction\":[{\"@type\":\"SearchAction\",\"target\":{\"@type\":\"EntryPoint\",\"urlTemplate\":\"https:\/\/www.horizont.fi\/?s={search_term_string}\"},\"query-input\":\"required name=search_term_string\"}],\"inLanguage\":\"en-GB\"},{\"@type\":\"Organization\",\"@id\":\"https:\/\/www.horizont.fi\/#organization\",\"name\":\"Horizont - Ilmakuvat\",\"url\":\"https:\/\/www.horizont.fi\/\",\"logo\":{\"@type\":\"ImageObject\",\"inLanguage\":\"en-GB\",\"@id\":\"https:\/\/www.horizont.fi\/#\/schema\/logo\/image\/\",\"url\":\"https:\/\/www.horizont.fi\/horizont\/wp-content\/uploads\/2017\/02\/cropped-logo-horizont2-150.png\",\"contentUrl\":\"https:\/\/www.horizont.fi\/horizont\/wp-content\/uploads\/2017\/02\/cropped-logo-horizont2-150.png\",\"width\":136,\"height\":122,\"caption\":\"Horizont - Ilmakuvat\"},\"image\":{\"@id\":\"https:\/\/www.horizont.fi\/#\/schema\/logo\/image\/\"},\"sameAs\":[\"https:\/\/www.facebook.com\/Horizont.Aerial.Photographers\/\",\"https:\/\/www.instagram.com\/horizont.fi\/\",\"https:\/\/www.youtube.com\/channel\/UC_1M_GpRMYCa9dlvKBQdy-g\"]}]}<\/script>\n<!-- \/ Yoast SEO plugin. -->","yoast_head_json":{"title":"Ilmakuva: RUOHOLAHTI, Helsinki | Yhteishintaan kuvat nro 1-6 - HORIZONT \u2013 Ilmakuvaus","description":"Kuvaamme kauko-ohjattavilla kamerakoptereilla. Saat ammattitaidolla ja luotettavasti toteutetut videot ja ilmakuvat edullisesti joko suoraan kuvapankista tai tilaamalla kuvaajamme kohteeseesi.","robots":{"index":"index","follow":"follow","max-snippet":"max-snippet:-1","max-image-preview":"max-image-preview:large","max-video-preview":"max-video-preview:-1"},"canonical":"https:\/\/www.horizont.fi\/en\/product\/ilmakuva-ruoholahti-helsinki-yhteishintaan-kuvat-nro-1-5\/","og_locale":"en_GB","og_type":"article","og_title":"Ilmakuva: RUOHOLAHTI, Helsinki | Yhteishintaan kuvat nro 1-6 - HORIZONT \u2013 Ilmakuvaus","og_description":"Kuvaamme kauko-ohjattavilla kamerakoptereilla. Saat ammattitaidolla ja luotettavasti toteutetut videot ja ilmakuvat edullisesti joko suoraan kuvapankista tai tilaamalla kuvaajamme kohteeseesi.","og_url":"https:\/\/www.horizont.fi\/en\/product\/ilmakuva-ruoholahti-helsinki-yhteishintaan-kuvat-nro-1-5\/","og_site_name":"HORIZONT \u2013 Ilmakuvaus","article_publisher":"https:\/\/www.facebook.com\/Horizont.Aerial.Photographers\/","article_modified_time":"2019-11-30T14:14:46+00:00","og_image":[{"width":445,"height":554,"url":"https:\/\/www.horizont.fi\/horizont\/wp-content\/uploads\/2017\/06\/ostakaikkikuvat-3.jpg","type":"image\/jpeg"}],"twitter_card":"summary_large_image","schema":{"@context":"https:\/\/schema.org","@graph":[{"@type":"WebPage","@id":"https:\/\/www.horizont.fi\/product\/ilmakuva-ruoholahti-helsinki-yhteishintaan-kuvat-nro-1-5\/","url":"https:\/\/www.horizont.fi\/product\/ilmakuva-ruoholahti-helsinki-yhteishintaan-kuvat-nro-1-5\/","name":"Ilmakuva: RUOHOLAHTI, Helsinki | Yhteishintaan kuvat nro 1-6 - HORIZONT \u2013 Ilmakuvaus","isPartOf":{"@id":"https:\/\/www.horizont.fi\/#website"},"primaryImageOfPage":{"@id":"https:\/\/www.horizont.fi\/product\/ilmakuva-ruoholahti-helsinki-yhteishintaan-kuvat-nro-1-5\/#primaryimage"},"image":{"@id":"https:\/\/www.horizont.fi\/product\/ilmakuva-ruoholahti-helsinki-yhteishintaan-kuvat-nro-1-5\/#primaryimage"},"thumbnailUrl":"https:\/\/www.horizont.fi\/horizont\/wp-content\/uploads\/2017\/06\/ostakaikkikuvat-3.jpg","datePublished":"2017-01-02T17:19:14+00:00","dateModified":"2019-11-30T14:14:46+00:00","description":"Kuvaamme kauko-ohjattavilla kamerakoptereilla. Saat ammattitaidolla ja luotettavasti toteutetut videot ja ilmakuvat edullisesti joko suoraan kuvapankista tai tilaamalla kuvaajamme kohteeseesi.","breadcrumb":{"@id":"https:\/\/www.horizont.fi\/product\/ilmakuva-ruoholahti-helsinki-yhteishintaan-kuvat-nro-1-5\/#breadcrumb"},"inLanguage":"en-GB","potentialAction":[{"@type":"ReadAction","target":["https:\/\/www.horizont.fi\/product\/ilmakuva-ruoholahti-helsinki-yhteishintaan-kuvat-nro-1-5\/"]}]},{"@type":"ImageObject","inLanguage":"en-GB","@id":"https:\/\/www.horizont.fi\/product\/ilmakuva-ruoholahti-helsinki-yhteishintaan-kuvat-nro-1-5\/#primaryimage","url":"https:\/\/www.horizont.fi\/horizont\/wp-content\/uploads\/2017\/06\/ostakaikkikuvat-3.jpg","contentUrl":"https:\/\/www.horizont.fi\/horizont\/wp-content\/uploads\/2017\/06\/ostakaikkikuvat-3.jpg","width":445,"height":554,"caption":"ilmakuvia aerial photos"},{"@type":"BreadcrumbList","@id":"https:\/\/www.horizont.fi\/product\/ilmakuva-ruoholahti-helsinki-yhteishintaan-kuvat-nro-1-5\/#breadcrumb","itemListElement":[{"@type":"ListItem","position":1,"name":"Etusivu","item":"https:\/\/www.horizont.fi\/"},{"@type":"ListItem","position":2,"name":"KAUPPA","item":"https:\/\/www.horizont.fi\/kauppa\/"},{"@type":"ListItem","position":3,"name":"Ilmakuva: RUOHOLAHTI, Helsinki | Yhteishintaan kuvat nro 1-6"}]},{"@type":"WebSite","@id":"https:\/\/www.horizont.fi\/#website","url":"https:\/\/www.horizont.fi\/","name":"HORIZONT \u2013 Ilmakuvaus","description":"Lennokkaita kuvia ja videoita","publisher":{"@id":"https:\/\/www.horizont.fi\/#organization"},"potentialAction":[{"@type":"SearchAction","target":{"@type":"EntryPoint","urlTemplate":"https:\/\/www.horizont.fi\/?s={search_term_string}"},"query-input":"required name=search_term_string"}],"inLanguage":"en-GB"},{"@type":"Organization","@id":"https:\/\/www.horizont.fi\/#organization","name":"Horizont - Ilmakuvat","url":"https:\/\/www.horizont.fi\/","logo":{"@type":"ImageObject","inLanguage":"en-GB","@id":"https:\/\/www.horizont.fi\/#\/schema\/logo\/image\/","url":"https:\/\/www.horizont.fi\/horizont\/wp-content\/uploads\/2017\/02\/cropped-logo-horizont2-150.png","contentUrl":"https:\/\/www.horizont.fi\/horizont\/wp-content\/uploads\/2017\/02\/cropped-logo-horizont2-150.png","width":136,"height":122,"caption":"Horizont - Ilmakuvat"},"image":{"@id":"https:\/\/www.horizont.fi\/#\/schema\/logo\/image\/"},"sameAs":["https:\/\/www.facebook.com\/Horizont.Aerial.Photographers\/","https:\/\/www.instagram.com\/horizont.fi\/","https:\/\/www.youtube.com\/channel\/UC_1M_GpRMYCa9dlvKBQdy-g"]}]}},"_links":{"self":[{"href":"https:\/\/www.horizont.fi\/en\/wp-json\/wp\/v2\/product\/5573"}],"collection":[{"href":"https:\/\/www.horizont.fi\/en\/wp-json\/wp\/v2\/product"}],"about":[{"href":"https:\/\/www.horizont.fi\/en\/wp-json\/wp\/v2\/types\/product"}],"replies":[{"embeddable":true,"href":"https:\/\/www.horizont.fi\/en\/wp-json\/wp\/v2\/comments?post=5573"}],"wp:featuredmedia":[{"embeddable":true,"href":"https:\/\/www.horizont.fi\/en\/wp-json\/wp\/v2\/media\/4462"}],"wp:attachment":[{"href":"https:\/\/www.horizont.fi\/en\/wp-json\/wp\/v2\/media?parent=5573"}],"wp:term":[{"taxonomy":"product_cat","embeddable":true,"href":"https:\/\/www.horizont.fi\/en\/wp-json\/wp\/v2\/product_cat?post=5573"},{"taxonomy":"product_tag","embeddable":true,"href":"https:\/\/www.horizont.fi\/en\/wp-json\/wp\/v2\/product_tag?post=5573"}],"curies":[{"name":"wp","href":"https:\/\/api.w.org\/{rel}","templated":true}]}}