{"id":5802,"date":"2017-09-02T12:13:08","date_gmt":"2017-09-02T09:13:08","guid":{"rendered":"http:\/\/www.horizont.fi\/?post_type=product&#038;p=5802"},"modified":"2019-11-30T15:58:57","modified_gmt":"2019-11-30T13:58:57","slug":"konepajan-alue-kuva-nro-3-helsinki-2017","status":"publish","type":"product","link":"https:\/\/www.horizont.fi\/en\/product\/konepajan-alue-kuva-nro-3-helsinki-2017\/","title":{"rendered":"KONEPAJAN ALUE VALLILA, kuva nro 3 &#8211; Helsinki, 2017"},"content":{"rendered":"","protected":false},"excerpt":{"rendered":"<p><span lang=\"FI\" style=\"margin: 0px; color: red; font-family: 'Georgia',serif;\">N\u00e4et myyt\u00e4v\u00e4n kuvan koko laajuudessaan klikkaamalla viereist\u00e4 kuvaa.<\/span><\/p>\n<p><span lang=\"FI\"><span style=\"color: #000000; font-family: Times New Roman;\">Helsingin Konepajan aluetta ollaan muuttamassa\u00a0teollisuusk\u00e4yt\u00f6st\u00e4 asuin- ja toimistok\u00e4ytt\u00f6\u00f6n. Konepajan alue sijaitsee Vallilassa, Pasilan ja Alppilan vieress\u00e4. Siell\u00e4 valmistettiin nimens\u00e4 mukaisesti VR:n vetureita ja vaunuja l\u00e4hes sadan vuoden ajan vuosina 1902 \u2013 2001. Vanhat punatiiliset tehdasrakennukset rakennettiin jo heti toiminnan alkuaikoina. Alue saadaan valmiiksi 2020. Konepajan alueen asemakaava on tiivis ja parkkipaikat rakennetaan maan alle. Kortteleiden v\u00e4liin tulee vehmaita puistoalueita. Alueella suojellaan vanhan konepaja-alueen yli satavuotiaita rakennuksia. N\u00e4m\u00e4 rautateiden historiaan liittyv\u00e4t rakennukset peruskorjataan uutta k\u00e4ytt\u00f6\u00e4 varten. Kuva otettu 5\/2017.<\/span><\/span><\/p>\n<p><span lang=\"FI\" style=\"margin: 0px; font-family: 'Times New Roman',serif; font-size: 12pt;\"><span style=\"color: #000000;\">Kuva: Ari Lepist\u00f6 <\/span><\/span><\/p>","protected":false},"featured_media":5794,"comment_status":"closed","ping_status":"closed","template":"","meta":{"_monsterinsights_skip_tracking":false,"_monsterinsights_sitenote_active":false,"_monsterinsights_sitenote_note":"","_monsterinsights_sitenote_category":0},"product_cat":[1043],"product_tag":[385,593,231,238,367,516,1046,662,818,1045,1044,657],"yoast_head":"<!-- This site is optimized with the Yoast SEO plugin v22.6 - https:\/\/yoast.com\/wordpress\/plugins\/seo\/ -->\n<title>KONEPAJAN ALUE VALLILA, kuva nro 3 - Helsinki, 2017 - HORIZONT \u2013 Ilmakuvaus<\/title>\n<meta name=\"description\" content=\"Kuvaamme kauko-ohjattavilla kamerakoptereilla. Saat ammattitaidolla ja luotettavasti toteutetut videot ja ilmakuvat edullisesti joko suoraan kuvapankista tai tilaamalla kuvaajamme kohteeseesi.\" \/>\n<meta name=\"robots\" content=\"index, follow, max-snippet:-1, max-image-preview:large, max-video-preview:-1\" \/>\n<link rel=\"canonical\" href=\"https:\/\/www.horizont.fi\/en\/product\/konepajan-alue-kuva-nro-3-helsinki-2017\/\" \/>\n<meta property=\"og:locale\" content=\"en_GB\" \/>\n<meta property=\"og:type\" content=\"article\" \/>\n<meta property=\"og:title\" content=\"KONEPAJAN ALUE VALLILA, kuva nro 3 - Helsinki, 2017 - HORIZONT \u2013 Ilmakuvaus\" \/>\n<meta property=\"og:description\" content=\"Kuvaamme kauko-ohjattavilla kamerakoptereilla. Saat ammattitaidolla ja luotettavasti toteutetut videot ja ilmakuvat edullisesti joko suoraan kuvapankista tai tilaamalla kuvaajamme kohteeseesi.\" \/>\n<meta property=\"og:url\" content=\"https:\/\/www.horizont.fi\/en\/product\/konepajan-alue-kuva-nro-3-helsinki-2017\/\" \/>\n<meta property=\"og:site_name\" content=\"HORIZONT \u2013 Ilmakuvaus\" \/>\n<meta property=\"article:publisher\" content=\"https:\/\/www.facebook.com\/Horizont.Aerial.Photographers\/\" \/>\n<meta property=\"article:modified_time\" content=\"2019-11-30T13:58:57+00:00\" \/>\n<meta property=\"og:image\" content=\"https:\/\/www.horizont.fi\/horizont\/wp-content\/uploads\/2017\/09\/cr4-Horizont.fi_Konepajan_alue_kuva_III_Ari_Lepist\u00f6-scaled.jpg\" \/>\n\t<meta property=\"og:image:width\" content=\"3976\" \/>\n\t<meta property=\"og:image:height\" content=\"2513\" \/>\n\t<meta property=\"og:image:type\" content=\"image\/jpeg\" \/>\n<meta name=\"twitter:card\" content=\"summary_large_image\" \/>\n<script type=\"application\/ld+json\" class=\"yoast-schema-graph\">{\"@context\":\"https:\/\/schema.org\",\"@graph\":[{\"@type\":\"WebPage\",\"@id\":\"https:\/\/www.horizont.fi\/product\/konepajan-alue-kuva-nro-3-helsinki-2017\/\",\"url\":\"https:\/\/www.horizont.fi\/product\/konepajan-alue-kuva-nro-3-helsinki-2017\/\",\"name\":\"KONEPAJAN ALUE VALLILA, kuva nro 3 - Helsinki, 2017 - HORIZONT \u2013 Ilmakuvaus\",\"isPartOf\":{\"@id\":\"https:\/\/www.horizont.fi\/#website\"},\"primaryImageOfPage\":{\"@id\":\"https:\/\/www.horizont.fi\/product\/konepajan-alue-kuva-nro-3-helsinki-2017\/#primaryimage\"},\"image\":{\"@id\":\"https:\/\/www.horizont.fi\/product\/konepajan-alue-kuva-nro-3-helsinki-2017\/#primaryimage\"},\"thumbnailUrl\":\"https:\/\/www.horizont.fi\/horizont\/wp-content\/uploads\/2017\/09\/cr4-Horizont.fi_Konepajan_alue_kuva_III_Ari_Lepist\u00f6-scaled.jpg\",\"datePublished\":\"2017-09-02T09:13:08+00:00\",\"dateModified\":\"2019-11-30T13:58:57+00:00\",\"description\":\"Kuvaamme kauko-ohjattavilla kamerakoptereilla. Saat ammattitaidolla ja luotettavasti toteutetut videot ja ilmakuvat edullisesti joko suoraan kuvapankista tai tilaamalla kuvaajamme kohteeseesi.\",\"breadcrumb\":{\"@id\":\"https:\/\/www.horizont.fi\/product\/konepajan-alue-kuva-nro-3-helsinki-2017\/#breadcrumb\"},\"inLanguage\":\"en-GB\",\"potentialAction\":[{\"@type\":\"ReadAction\",\"target\":[\"https:\/\/www.horizont.fi\/product\/konepajan-alue-kuva-nro-3-helsinki-2017\/\"]}]},{\"@type\":\"ImageObject\",\"inLanguage\":\"en-GB\",\"@id\":\"https:\/\/www.horizont.fi\/product\/konepajan-alue-kuva-nro-3-helsinki-2017\/#primaryimage\",\"url\":\"https:\/\/www.horizont.fi\/horizont\/wp-content\/uploads\/2017\/09\/cr4-Horizont.fi_Konepajan_alue_kuva_III_Ari_Lepist\u00f6-scaled.jpg\",\"contentUrl\":\"https:\/\/www.horizont.fi\/horizont\/wp-content\/uploads\/2017\/09\/cr4-Horizont.fi_Konepajan_alue_kuva_III_Ari_Lepist\u00f6-scaled.jpg\",\"width\":3976,\"height\":2513,\"caption\":\"ilmakuva konepaja-alue\"},{\"@type\":\"BreadcrumbList\",\"@id\":\"https:\/\/www.horizont.fi\/product\/konepajan-alue-kuva-nro-3-helsinki-2017\/#breadcrumb\",\"itemListElement\":[{\"@type\":\"ListItem\",\"position\":1,\"name\":\"Etusivu\",\"item\":\"https:\/\/www.horizont.fi\/\"},{\"@type\":\"ListItem\",\"position\":2,\"name\":\"KAUPPA\",\"item\":\"https:\/\/www.horizont.fi\/kauppa\/\"},{\"@type\":\"ListItem\",\"position\":3,\"name\":\"KONEPAJAN ALUE VALLILA, kuva nro 3 &#8211; Helsinki, 2017\"}]},{\"@type\":\"WebSite\",\"@id\":\"https:\/\/www.horizont.fi\/#website\",\"url\":\"https:\/\/www.horizont.fi\/\",\"name\":\"HORIZONT \u2013 Ilmakuvaus\",\"description\":\"Lennokkaita kuvia ja videoita\",\"publisher\":{\"@id\":\"https:\/\/www.horizont.fi\/#organization\"},\"potentialAction\":[{\"@type\":\"SearchAction\",\"target\":{\"@type\":\"EntryPoint\",\"urlTemplate\":\"https:\/\/www.horizont.fi\/?s={search_term_string}\"},\"query-input\":\"required name=search_term_string\"}],\"inLanguage\":\"en-GB\"},{\"@type\":\"Organization\",\"@id\":\"https:\/\/www.horizont.fi\/#organization\",\"name\":\"Horizont - Ilmakuvat\",\"url\":\"https:\/\/www.horizont.fi\/\",\"logo\":{\"@type\":\"ImageObject\",\"inLanguage\":\"en-GB\",\"@id\":\"https:\/\/www.horizont.fi\/#\/schema\/logo\/image\/\",\"url\":\"https:\/\/www.horizont.fi\/horizont\/wp-content\/uploads\/2017\/02\/cropped-logo-horizont2-150.png\",\"contentUrl\":\"https:\/\/www.horizont.fi\/horizont\/wp-content\/uploads\/2017\/02\/cropped-logo-horizont2-150.png\",\"width\":136,\"height\":122,\"caption\":\"Horizont - Ilmakuvat\"},\"image\":{\"@id\":\"https:\/\/www.horizont.fi\/#\/schema\/logo\/image\/\"},\"sameAs\":[\"https:\/\/www.facebook.com\/Horizont.Aerial.Photographers\/\",\"https:\/\/www.instagram.com\/horizont.fi\/\",\"https:\/\/www.youtube.com\/channel\/UC_1M_GpRMYCa9dlvKBQdy-g\"]}]}<\/script>\n<!-- \/ Yoast SEO plugin. -->","yoast_head_json":{"title":"KONEPAJAN ALUE VALLILA, kuva nro 3 - Helsinki, 2017 - HORIZONT \u2013 Ilmakuvaus","description":"Kuvaamme kauko-ohjattavilla kamerakoptereilla. Saat ammattitaidolla ja luotettavasti toteutetut videot ja ilmakuvat edullisesti joko suoraan kuvapankista tai tilaamalla kuvaajamme kohteeseesi.","robots":{"index":"index","follow":"follow","max-snippet":"max-snippet:-1","max-image-preview":"max-image-preview:large","max-video-preview":"max-video-preview:-1"},"canonical":"https:\/\/www.horizont.fi\/en\/product\/konepajan-alue-kuva-nro-3-helsinki-2017\/","og_locale":"en_GB","og_type":"article","og_title":"KONEPAJAN ALUE VALLILA, kuva nro 3 - Helsinki, 2017 - HORIZONT \u2013 Ilmakuvaus","og_description":"Kuvaamme kauko-ohjattavilla kamerakoptereilla. Saat ammattitaidolla ja luotettavasti toteutetut videot ja ilmakuvat edullisesti joko suoraan kuvapankista tai tilaamalla kuvaajamme kohteeseesi.","og_url":"https:\/\/www.horizont.fi\/en\/product\/konepajan-alue-kuva-nro-3-helsinki-2017\/","og_site_name":"HORIZONT \u2013 Ilmakuvaus","article_publisher":"https:\/\/www.facebook.com\/Horizont.Aerial.Photographers\/","article_modified_time":"2019-11-30T13:58:57+00:00","og_image":[{"width":3976,"height":2513,"url":"https:\/\/www.horizont.fi\/horizont\/wp-content\/uploads\/2017\/09\/cr4-Horizont.fi_Konepajan_alue_kuva_III_Ari_Lepist\u00f6-scaled.jpg","type":"image\/jpeg"}],"twitter_card":"summary_large_image","schema":{"@context":"https:\/\/schema.org","@graph":[{"@type":"WebPage","@id":"https:\/\/www.horizont.fi\/product\/konepajan-alue-kuva-nro-3-helsinki-2017\/","url":"https:\/\/www.horizont.fi\/product\/konepajan-alue-kuva-nro-3-helsinki-2017\/","name":"KONEPAJAN ALUE VALLILA, kuva nro 3 - Helsinki, 2017 - HORIZONT \u2013 Ilmakuvaus","isPartOf":{"@id":"https:\/\/www.horizont.fi\/#website"},"primaryImageOfPage":{"@id":"https:\/\/www.horizont.fi\/product\/konepajan-alue-kuva-nro-3-helsinki-2017\/#primaryimage"},"image":{"@id":"https:\/\/www.horizont.fi\/product\/konepajan-alue-kuva-nro-3-helsinki-2017\/#primaryimage"},"thumbnailUrl":"https:\/\/www.horizont.fi\/horizont\/wp-content\/uploads\/2017\/09\/cr4-Horizont.fi_Konepajan_alue_kuva_III_Ari_Lepist\u00f6-scaled.jpg","datePublished":"2017-09-02T09:13:08+00:00","dateModified":"2019-11-30T13:58:57+00:00","description":"Kuvaamme kauko-ohjattavilla kamerakoptereilla. Saat ammattitaidolla ja luotettavasti toteutetut videot ja ilmakuvat edullisesti joko suoraan kuvapankista tai tilaamalla kuvaajamme kohteeseesi.","breadcrumb":{"@id":"https:\/\/www.horizont.fi\/product\/konepajan-alue-kuva-nro-3-helsinki-2017\/#breadcrumb"},"inLanguage":"en-GB","potentialAction":[{"@type":"ReadAction","target":["https:\/\/www.horizont.fi\/product\/konepajan-alue-kuva-nro-3-helsinki-2017\/"]}]},{"@type":"ImageObject","inLanguage":"en-GB","@id":"https:\/\/www.horizont.fi\/product\/konepajan-alue-kuva-nro-3-helsinki-2017\/#primaryimage","url":"https:\/\/www.horizont.fi\/horizont\/wp-content\/uploads\/2017\/09\/cr4-Horizont.fi_Konepajan_alue_kuva_III_Ari_Lepist\u00f6-scaled.jpg","contentUrl":"https:\/\/www.horizont.fi\/horizont\/wp-content\/uploads\/2017\/09\/cr4-Horizont.fi_Konepajan_alue_kuva_III_Ari_Lepist\u00f6-scaled.jpg","width":3976,"height":2513,"caption":"ilmakuva konepaja-alue"},{"@type":"BreadcrumbList","@id":"https:\/\/www.horizont.fi\/product\/konepajan-alue-kuva-nro-3-helsinki-2017\/#breadcrumb","itemListElement":[{"@type":"ListItem","position":1,"name":"Etusivu","item":"https:\/\/www.horizont.fi\/"},{"@type":"ListItem","position":2,"name":"KAUPPA","item":"https:\/\/www.horizont.fi\/kauppa\/"},{"@type":"ListItem","position":3,"name":"KONEPAJAN ALUE VALLILA, kuva nro 3 &#8211; Helsinki, 2017"}]},{"@type":"WebSite","@id":"https:\/\/www.horizont.fi\/#website","url":"https:\/\/www.horizont.fi\/","name":"HORIZONT \u2013 Ilmakuvaus","description":"Lennokkaita kuvia ja videoita","publisher":{"@id":"https:\/\/www.horizont.fi\/#organization"},"potentialAction":[{"@type":"SearchAction","target":{"@type":"EntryPoint","urlTemplate":"https:\/\/www.horizont.fi\/?s={search_term_string}"},"query-input":"required name=search_term_string"}],"inLanguage":"en-GB"},{"@type":"Organization","@id":"https:\/\/www.horizont.fi\/#organization","name":"Horizont - Ilmakuvat","url":"https:\/\/www.horizont.fi\/","logo":{"@type":"ImageObject","inLanguage":"en-GB","@id":"https:\/\/www.horizont.fi\/#\/schema\/logo\/image\/","url":"https:\/\/www.horizont.fi\/horizont\/wp-content\/uploads\/2017\/02\/cropped-logo-horizont2-150.png","contentUrl":"https:\/\/www.horizont.fi\/horizont\/wp-content\/uploads\/2017\/02\/cropped-logo-horizont2-150.png","width":136,"height":122,"caption":"Horizont - Ilmakuvat"},"image":{"@id":"https:\/\/www.horizont.fi\/#\/schema\/logo\/image\/"},"sameAs":["https:\/\/www.facebook.com\/Horizont.Aerial.Photographers\/","https:\/\/www.instagram.com\/horizont.fi\/","https:\/\/www.youtube.com\/channel\/UC_1M_GpRMYCa9dlvKBQdy-g"]}]}},"_links":{"self":[{"href":"https:\/\/www.horizont.fi\/en\/wp-json\/wp\/v2\/product\/5802"}],"collection":[{"href":"https:\/\/www.horizont.fi\/en\/wp-json\/wp\/v2\/product"}],"about":[{"href":"https:\/\/www.horizont.fi\/en\/wp-json\/wp\/v2\/types\/product"}],"replies":[{"embeddable":true,"href":"https:\/\/www.horizont.fi\/en\/wp-json\/wp\/v2\/comments?post=5802"}],"wp:featuredmedia":[{"embeddable":true,"href":"https:\/\/www.horizont.fi\/en\/wp-json\/wp\/v2\/media\/5794"}],"wp:attachment":[{"href":"https:\/\/www.horizont.fi\/en\/wp-json\/wp\/v2\/media?parent=5802"}],"wp:term":[{"taxonomy":"product_cat","embeddable":true,"href":"https:\/\/www.horizont.fi\/en\/wp-json\/wp\/v2\/product_cat?post=5802"},{"taxonomy":"product_tag","embeddable":true,"href":"https:\/\/www.horizont.fi\/en\/wp-json\/wp\/v2\/product_tag?post=5802"}],"curies":[{"name":"wp","href":"https:\/\/api.w.org\/{rel}","templated":true}]}}