{"id":6889,"date":"2018-03-06T22:10:54","date_gmt":"2018-03-06T20:10:54","guid":{"rendered":"http:\/\/www.horizont.fi\/?post_type=product&#038;p=6889"},"modified":"2018-03-07T21:58:40","modified_gmt":"2018-03-07T19:58:40","slug":"lappeenranta-satama-talvi-kuva-iv-lappeenranta-2018","status":"publish","type":"product","link":"https:\/\/www.horizont.fi\/en\/product\/lappeenranta-satama-talvi-kuva-iv-lappeenranta-2018\/","title":{"rendered":"LAPPEENRANTA SATAMA TALVI, kuva IV \u2013 Lappeenranta, 2018"},"content":{"rendered":"","protected":false},"excerpt":{"rendered":"<p><span style=\"color: #ff0000;\">N\u00e4et myyt\u00e4v\u00e4n kuvan koko laajuudessaan klikkaamalla viereist\u00e4 kuvaa.<\/span><\/p>\n<p>Lappeenrannan sataman talvitapahtuman aikaan otettuja kuvia helmikuussa 2018. Kuvissa n\u00e4kyy kaupunkilaisten paikalle tuomista tuhansista lyhdyist\u00e4 kaupunginlahdelle muodostettu valaistu kuja, joka johtaa sataman edustalla sijaitsevaan Karhusaareen. Lappeenrannan satama sijaitsee Saimaan rannalla l\u00e4hell\u00e4 Saimaan kanavaa ja se on vilkas matkustaja- ja pienveneliikenteen keskus kes\u00e4ll\u00e4. Siell\u00e4 sijaitsee vajaa 100 vierasvenepaikkaa. Kuvissa my\u00f6s sataman Linnoitus, johon nykyisin sijoittuu erilaisia kulttuuritoimintoja.<\/p>\n<p>Kuvaaja: Petri Tulkki<\/p>","protected":false},"featured_media":6900,"comment_status":"closed","ping_status":"closed","template":"","meta":{"_monsterinsights_skip_tracking":false,"_monsterinsights_sitenote_active":false,"_monsterinsights_sitenote_note":"","_monsterinsights_sitenote_category":0},"product_cat":[1150],"product_tag":[238,856,367,390,1153,1152,1155,1154,647,241,547,210,1151],"yoast_head":"<!-- This site is optimized with the Yoast SEO plugin v22.6 - https:\/\/yoast.com\/wordpress\/plugins\/seo\/ -->\n<title>LAPPEENRANTA SATAMA TALVI, kuva IV \u2013 Lappeenranta, 2018 - HORIZONT \u2013 Ilmakuvaus<\/title>\n<meta name=\"description\" content=\"Kuvaamme kauko-ohjattavilla kamerakoptereilla. Saat ammattitaidolla ja luotettavasti toteutetut videot ja ilmakuvat edullisesti joko suoraan kuvapankista tai tilaamalla kuvaajamme kohteeseesi.\" \/>\n<meta name=\"robots\" content=\"index, follow, max-snippet:-1, max-image-preview:large, max-video-preview:-1\" \/>\n<link rel=\"canonical\" href=\"https:\/\/www.horizont.fi\/en\/product\/lappeenranta-satama-talvi-kuva-iv-lappeenranta-2018\/\" \/>\n<meta property=\"og:locale\" content=\"en_GB\" \/>\n<meta property=\"og:type\" content=\"article\" \/>\n<meta property=\"og:title\" content=\"LAPPEENRANTA SATAMA TALVI, kuva IV \u2013 Lappeenranta, 2018 - HORIZONT \u2013 Ilmakuvaus\" \/>\n<meta property=\"og:description\" content=\"Kuvaamme kauko-ohjattavilla kamerakoptereilla. Saat ammattitaidolla ja luotettavasti toteutetut videot ja ilmakuvat edullisesti joko suoraan kuvapankista tai tilaamalla kuvaajamme kohteeseesi.\" \/>\n<meta property=\"og:url\" content=\"https:\/\/www.horizont.fi\/en\/product\/lappeenranta-satama-talvi-kuva-iv-lappeenranta-2018\/\" \/>\n<meta property=\"og:site_name\" content=\"HORIZONT \u2013 Ilmakuvaus\" \/>\n<meta property=\"article:publisher\" content=\"https:\/\/www.facebook.com\/Horizont.Aerial.Photographers\/\" \/>\n<meta property=\"article:modified_time\" content=\"2018-03-07T19:58:40+00:00\" \/>\n<meta property=\"og:image\" content=\"https:\/\/www.horizont.fi\/horizont\/wp-content\/uploads\/2018\/03\/cr4-Horizont.fi_Lappeenrannan_satama_Petri_Tulkki_Kuva_IV-scaled.jpeg\" \/>\n\t<meta property=\"og:image:width\" content=\"2560\" \/>\n\t<meta property=\"og:image:height\" content=\"1440\" \/>\n\t<meta property=\"og:image:type\" content=\"image\/jpeg\" \/>\n<meta name=\"twitter:card\" content=\"summary_large_image\" \/>\n<script type=\"application\/ld+json\" class=\"yoast-schema-graph\">{\"@context\":\"https:\/\/schema.org\",\"@graph\":[{\"@type\":\"WebPage\",\"@id\":\"https:\/\/www.horizont.fi\/product\/lappeenranta-satama-talvi-kuva-iv-lappeenranta-2018\/\",\"url\":\"https:\/\/www.horizont.fi\/product\/lappeenranta-satama-talvi-kuva-iv-lappeenranta-2018\/\",\"name\":\"LAPPEENRANTA SATAMA TALVI, kuva IV \u2013 Lappeenranta, 2018 - HORIZONT \u2013 Ilmakuvaus\",\"isPartOf\":{\"@id\":\"https:\/\/www.horizont.fi\/#website\"},\"primaryImageOfPage\":{\"@id\":\"https:\/\/www.horizont.fi\/product\/lappeenranta-satama-talvi-kuva-iv-lappeenranta-2018\/#primaryimage\"},\"image\":{\"@id\":\"https:\/\/www.horizont.fi\/product\/lappeenranta-satama-talvi-kuva-iv-lappeenranta-2018\/#primaryimage\"},\"thumbnailUrl\":\"https:\/\/www.horizont.fi\/horizont\/wp-content\/uploads\/2018\/03\/cr4-Horizont.fi_Lappeenrannan_satama_Petri_Tulkki_Kuva_IV-scaled.jpeg\",\"datePublished\":\"2018-03-06T20:10:54+00:00\",\"dateModified\":\"2018-03-07T19:58:40+00:00\",\"description\":\"Kuvaamme kauko-ohjattavilla kamerakoptereilla. Saat ammattitaidolla ja luotettavasti toteutetut videot ja ilmakuvat edullisesti joko suoraan kuvapankista tai tilaamalla kuvaajamme kohteeseesi.\",\"breadcrumb\":{\"@id\":\"https:\/\/www.horizont.fi\/product\/lappeenranta-satama-talvi-kuva-iv-lappeenranta-2018\/#breadcrumb\"},\"inLanguage\":\"en-GB\",\"potentialAction\":[{\"@type\":\"ReadAction\",\"target\":[\"https:\/\/www.horizont.fi\/product\/lappeenranta-satama-talvi-kuva-iv-lappeenranta-2018\/\"]}]},{\"@type\":\"ImageObject\",\"inLanguage\":\"en-GB\",\"@id\":\"https:\/\/www.horizont.fi\/product\/lappeenranta-satama-talvi-kuva-iv-lappeenranta-2018\/#primaryimage\",\"url\":\"https:\/\/www.horizont.fi\/horizont\/wp-content\/uploads\/2018\/03\/cr4-Horizont.fi_Lappeenrannan_satama_Petri_Tulkki_Kuva_IV-scaled.jpeg\",\"contentUrl\":\"https:\/\/www.horizont.fi\/horizont\/wp-content\/uploads\/2018\/03\/cr4-Horizont.fi_Lappeenrannan_satama_Petri_Tulkki_Kuva_IV-scaled.jpeg\",\"width\":2560,\"height\":1440,\"caption\":\"DCIM100MEDIADJI_0018.JPG\"},{\"@type\":\"BreadcrumbList\",\"@id\":\"https:\/\/www.horizont.fi\/product\/lappeenranta-satama-talvi-kuva-iv-lappeenranta-2018\/#breadcrumb\",\"itemListElement\":[{\"@type\":\"ListItem\",\"position\":1,\"name\":\"Etusivu\",\"item\":\"https:\/\/www.horizont.fi\/\"},{\"@type\":\"ListItem\",\"position\":2,\"name\":\"KAUPPA\",\"item\":\"https:\/\/www.horizont.fi\/kauppa\/\"},{\"@type\":\"ListItem\",\"position\":3,\"name\":\"LAPPEENRANTA SATAMA TALVI, kuva IV \u2013 Lappeenranta, 2018\"}]},{\"@type\":\"WebSite\",\"@id\":\"https:\/\/www.horizont.fi\/#website\",\"url\":\"https:\/\/www.horizont.fi\/\",\"name\":\"HORIZONT \u2013 Ilmakuvaus\",\"description\":\"Lennokkaita kuvia ja videoita\",\"publisher\":{\"@id\":\"https:\/\/www.horizont.fi\/#organization\"},\"potentialAction\":[{\"@type\":\"SearchAction\",\"target\":{\"@type\":\"EntryPoint\",\"urlTemplate\":\"https:\/\/www.horizont.fi\/?s={search_term_string}\"},\"query-input\":\"required name=search_term_string\"}],\"inLanguage\":\"en-GB\"},{\"@type\":\"Organization\",\"@id\":\"https:\/\/www.horizont.fi\/#organization\",\"name\":\"Horizont - Ilmakuvat\",\"url\":\"https:\/\/www.horizont.fi\/\",\"logo\":{\"@type\":\"ImageObject\",\"inLanguage\":\"en-GB\",\"@id\":\"https:\/\/www.horizont.fi\/#\/schema\/logo\/image\/\",\"url\":\"https:\/\/www.horizont.fi\/horizont\/wp-content\/uploads\/2017\/02\/cropped-logo-horizont2-150.png\",\"contentUrl\":\"https:\/\/www.horizont.fi\/horizont\/wp-content\/uploads\/2017\/02\/cropped-logo-horizont2-150.png\",\"width\":136,\"height\":122,\"caption\":\"Horizont - Ilmakuvat\"},\"image\":{\"@id\":\"https:\/\/www.horizont.fi\/#\/schema\/logo\/image\/\"},\"sameAs\":[\"https:\/\/www.facebook.com\/Horizont.Aerial.Photographers\/\",\"https:\/\/www.instagram.com\/horizont.fi\/\",\"https:\/\/www.youtube.com\/channel\/UC_1M_GpRMYCa9dlvKBQdy-g\"]}]}<\/script>\n<!-- \/ Yoast SEO plugin. -->","yoast_head_json":{"title":"LAPPEENRANTA SATAMA TALVI, kuva IV \u2013 Lappeenranta, 2018 - HORIZONT \u2013 Ilmakuvaus","description":"Kuvaamme kauko-ohjattavilla kamerakoptereilla. Saat ammattitaidolla ja luotettavasti toteutetut videot ja ilmakuvat edullisesti joko suoraan kuvapankista tai tilaamalla kuvaajamme kohteeseesi.","robots":{"index":"index","follow":"follow","max-snippet":"max-snippet:-1","max-image-preview":"max-image-preview:large","max-video-preview":"max-video-preview:-1"},"canonical":"https:\/\/www.horizont.fi\/en\/product\/lappeenranta-satama-talvi-kuva-iv-lappeenranta-2018\/","og_locale":"en_GB","og_type":"article","og_title":"LAPPEENRANTA SATAMA TALVI, kuva IV \u2013 Lappeenranta, 2018 - HORIZONT \u2013 Ilmakuvaus","og_description":"Kuvaamme kauko-ohjattavilla kamerakoptereilla. Saat ammattitaidolla ja luotettavasti toteutetut videot ja ilmakuvat edullisesti joko suoraan kuvapankista tai tilaamalla kuvaajamme kohteeseesi.","og_url":"https:\/\/www.horizont.fi\/en\/product\/lappeenranta-satama-talvi-kuva-iv-lappeenranta-2018\/","og_site_name":"HORIZONT \u2013 Ilmakuvaus","article_publisher":"https:\/\/www.facebook.com\/Horizont.Aerial.Photographers\/","article_modified_time":"2018-03-07T19:58:40+00:00","og_image":[{"width":2560,"height":1440,"url":"https:\/\/www.horizont.fi\/horizont\/wp-content\/uploads\/2018\/03\/cr4-Horizont.fi_Lappeenrannan_satama_Petri_Tulkki_Kuva_IV-scaled.jpeg","type":"image\/jpeg"}],"twitter_card":"summary_large_image","schema":{"@context":"https:\/\/schema.org","@graph":[{"@type":"WebPage","@id":"https:\/\/www.horizont.fi\/product\/lappeenranta-satama-talvi-kuva-iv-lappeenranta-2018\/","url":"https:\/\/www.horizont.fi\/product\/lappeenranta-satama-talvi-kuva-iv-lappeenranta-2018\/","name":"LAPPEENRANTA SATAMA TALVI, kuva IV \u2013 Lappeenranta, 2018 - HORIZONT \u2013 Ilmakuvaus","isPartOf":{"@id":"https:\/\/www.horizont.fi\/#website"},"primaryImageOfPage":{"@id":"https:\/\/www.horizont.fi\/product\/lappeenranta-satama-talvi-kuva-iv-lappeenranta-2018\/#primaryimage"},"image":{"@id":"https:\/\/www.horizont.fi\/product\/lappeenranta-satama-talvi-kuva-iv-lappeenranta-2018\/#primaryimage"},"thumbnailUrl":"https:\/\/www.horizont.fi\/horizont\/wp-content\/uploads\/2018\/03\/cr4-Horizont.fi_Lappeenrannan_satama_Petri_Tulkki_Kuva_IV-scaled.jpeg","datePublished":"2018-03-06T20:10:54+00:00","dateModified":"2018-03-07T19:58:40+00:00","description":"Kuvaamme kauko-ohjattavilla kamerakoptereilla. Saat ammattitaidolla ja luotettavasti toteutetut videot ja ilmakuvat edullisesti joko suoraan kuvapankista tai tilaamalla kuvaajamme kohteeseesi.","breadcrumb":{"@id":"https:\/\/www.horizont.fi\/product\/lappeenranta-satama-talvi-kuva-iv-lappeenranta-2018\/#breadcrumb"},"inLanguage":"en-GB","potentialAction":[{"@type":"ReadAction","target":["https:\/\/www.horizont.fi\/product\/lappeenranta-satama-talvi-kuva-iv-lappeenranta-2018\/"]}]},{"@type":"ImageObject","inLanguage":"en-GB","@id":"https:\/\/www.horizont.fi\/product\/lappeenranta-satama-talvi-kuva-iv-lappeenranta-2018\/#primaryimage","url":"https:\/\/www.horizont.fi\/horizont\/wp-content\/uploads\/2018\/03\/cr4-Horizont.fi_Lappeenrannan_satama_Petri_Tulkki_Kuva_IV-scaled.jpeg","contentUrl":"https:\/\/www.horizont.fi\/horizont\/wp-content\/uploads\/2018\/03\/cr4-Horizont.fi_Lappeenrannan_satama_Petri_Tulkki_Kuva_IV-scaled.jpeg","width":2560,"height":1440,"caption":"DCIM100MEDIADJI_0018.JPG"},{"@type":"BreadcrumbList","@id":"https:\/\/www.horizont.fi\/product\/lappeenranta-satama-talvi-kuva-iv-lappeenranta-2018\/#breadcrumb","itemListElement":[{"@type":"ListItem","position":1,"name":"Etusivu","item":"https:\/\/www.horizont.fi\/"},{"@type":"ListItem","position":2,"name":"KAUPPA","item":"https:\/\/www.horizont.fi\/kauppa\/"},{"@type":"ListItem","position":3,"name":"LAPPEENRANTA SATAMA TALVI, kuva IV \u2013 Lappeenranta, 2018"}]},{"@type":"WebSite","@id":"https:\/\/www.horizont.fi\/#website","url":"https:\/\/www.horizont.fi\/","name":"HORIZONT \u2013 Ilmakuvaus","description":"Lennokkaita kuvia ja videoita","publisher":{"@id":"https:\/\/www.horizont.fi\/#organization"},"potentialAction":[{"@type":"SearchAction","target":{"@type":"EntryPoint","urlTemplate":"https:\/\/www.horizont.fi\/?s={search_term_string}"},"query-input":"required name=search_term_string"}],"inLanguage":"en-GB"},{"@type":"Organization","@id":"https:\/\/www.horizont.fi\/#organization","name":"Horizont - Ilmakuvat","url":"https:\/\/www.horizont.fi\/","logo":{"@type":"ImageObject","inLanguage":"en-GB","@id":"https:\/\/www.horizont.fi\/#\/schema\/logo\/image\/","url":"https:\/\/www.horizont.fi\/horizont\/wp-content\/uploads\/2017\/02\/cropped-logo-horizont2-150.png","contentUrl":"https:\/\/www.horizont.fi\/horizont\/wp-content\/uploads\/2017\/02\/cropped-logo-horizont2-150.png","width":136,"height":122,"caption":"Horizont - Ilmakuvat"},"image":{"@id":"https:\/\/www.horizont.fi\/#\/schema\/logo\/image\/"},"sameAs":["https:\/\/www.facebook.com\/Horizont.Aerial.Photographers\/","https:\/\/www.instagram.com\/horizont.fi\/","https:\/\/www.youtube.com\/channel\/UC_1M_GpRMYCa9dlvKBQdy-g"]}]}},"_links":{"self":[{"href":"https:\/\/www.horizont.fi\/en\/wp-json\/wp\/v2\/product\/6889"}],"collection":[{"href":"https:\/\/www.horizont.fi\/en\/wp-json\/wp\/v2\/product"}],"about":[{"href":"https:\/\/www.horizont.fi\/en\/wp-json\/wp\/v2\/types\/product"}],"replies":[{"embeddable":true,"href":"https:\/\/www.horizont.fi\/en\/wp-json\/wp\/v2\/comments?post=6889"}],"wp:featuredmedia":[{"embeddable":true,"href":"https:\/\/www.horizont.fi\/en\/wp-json\/wp\/v2\/media\/6900"}],"wp:attachment":[{"href":"https:\/\/www.horizont.fi\/en\/wp-json\/wp\/v2\/media?parent=6889"}],"wp:term":[{"taxonomy":"product_cat","embeddable":true,"href":"https:\/\/www.horizont.fi\/en\/wp-json\/wp\/v2\/product_cat?post=6889"},{"taxonomy":"product_tag","embeddable":true,"href":"https:\/\/www.horizont.fi\/en\/wp-json\/wp\/v2\/product_tag?post=6889"}],"curies":[{"name":"wp","href":"https:\/\/api.w.org\/{rel}","templated":true}]}}