{"id":7389,"date":"2018-01-03T20:42:59","date_gmt":"2018-01-03T18:42:59","guid":{"rendered":"http:\/\/www.horizont.fi\/?post_type=product&#038;p=7389"},"modified":"2019-11-30T15:58:43","modified_gmt":"2019-11-30T13:58:43","slug":"ilmakuva-keskusta-kerava-yhteishintaan-kuvat-nro-1-4","status":"publish","type":"product","link":"https:\/\/www.horizont.fi\/en\/product\/ilmakuva-keskusta-kerava-yhteishintaan-kuvat-nro-1-4\/","title":{"rendered":"Ilmakuva: KESKUSTA, Kerava | Yhteishintaan kuvat nro 1-4"},"content":{"rendered":"","protected":false},"excerpt":{"rendered":"<p><span style=\"color: #ff0000;\">N\u00e4et myyt\u00e4v\u00e4t kuvat koko laajuudessaan klikkaamalla viereisi\u00e4 pikkukuvia (alla).<\/span><\/p>\n<p>Keravan keskustaa Aurinkom\u00e4en yl\u00e4puolelta kuvattuna. Aluetta ymp\u00e4r\u00f6iv\u00e4t useat s\u00e4teitt\u00e4iset kadut, ja keskustan halki radan ali kulkee k\u00e4velykatu, jota on kutsuttu Suomen pisimm\u00e4ksi. Aivan k\u00e4velykadun \u00e4\u00e4ress\u00e4 sijaitsee isoja p\u00e4ivitt\u00e4istavarakaupan toimijoita, joiden lis\u00e4ksi alueelle ollaan rakentamassa lis\u00e4\u00e4 liiketilaa kun uusi Aleksintorin kauppakeskus valmistuu l\u00e4hivuosina.<\/p>\n<p>Kuvaaja: Ari Lepist\u00f6<\/p>\n<p><em>Tuotteet joita sallitaan lis\u00e4t\u00e4 2 kpl ostoskoriin ovat ostettavissa yksinoikeudella. Yksinoikeuskuvan hinta 2 x normaalihinta.<\/em><\/p>","protected":false},"featured_media":4462,"comment_status":"closed","ping_status":"closed","template":"","meta":{"_monsterinsights_skip_tracking":false,"_monsterinsights_sitenote_active":false,"_monsterinsights_sitenote_note":"","_monsterinsights_sitenote_category":0},"product_cat":[1329],"product_tag":[1332,385,1333,238,856,367,269,1330,1331,728,234],"yoast_head":"<!-- This site is optimized with the Yoast SEO plugin v22.6 - https:\/\/yoast.com\/wordpress\/plugins\/seo\/ -->\n<title>Ilmakuva: KESKUSTA, Kerava | Yhteishintaan kuvat nro 1-4 - HORIZONT \u2013 Ilmakuvaus<\/title>\n<meta name=\"description\" content=\"Kuvaamme kauko-ohjattavilla kamerakoptereilla. Saat ammattitaidolla ja luotettavasti toteutetut videot ja ilmakuvat edullisesti joko suoraan kuvapankista tai tilaamalla kuvaajamme kohteeseesi.\" \/>\n<meta name=\"robots\" content=\"index, follow, max-snippet:-1, max-image-preview:large, max-video-preview:-1\" \/>\n<link rel=\"canonical\" href=\"https:\/\/www.horizont.fi\/en\/product\/ilmakuva-keskusta-kerava-yhteishintaan-kuvat-nro-1-4\/\" \/>\n<meta property=\"og:locale\" content=\"en_GB\" \/>\n<meta property=\"og:type\" content=\"article\" \/>\n<meta property=\"og:title\" content=\"Ilmakuva: KESKUSTA, Kerava | Yhteishintaan kuvat nro 1-4 - HORIZONT \u2013 Ilmakuvaus\" \/>\n<meta property=\"og:description\" content=\"Kuvaamme kauko-ohjattavilla kamerakoptereilla. Saat ammattitaidolla ja luotettavasti toteutetut videot ja ilmakuvat edullisesti joko suoraan kuvapankista tai tilaamalla kuvaajamme kohteeseesi.\" \/>\n<meta property=\"og:url\" content=\"https:\/\/www.horizont.fi\/en\/product\/ilmakuva-keskusta-kerava-yhteishintaan-kuvat-nro-1-4\/\" \/>\n<meta property=\"og:site_name\" content=\"HORIZONT \u2013 Ilmakuvaus\" \/>\n<meta property=\"article:publisher\" content=\"https:\/\/www.facebook.com\/Horizont.Aerial.Photographers\/\" \/>\n<meta property=\"article:modified_time\" content=\"2019-11-30T13:58:43+00:00\" \/>\n<meta property=\"og:image\" content=\"https:\/\/www.horizont.fi\/horizont\/wp-content\/uploads\/2017\/06\/ostakaikkikuvat-3.jpg\" \/>\n\t<meta property=\"og:image:width\" content=\"445\" \/>\n\t<meta property=\"og:image:height\" content=\"554\" \/>\n\t<meta property=\"og:image:type\" content=\"image\/jpeg\" \/>\n<meta name=\"twitter:card\" content=\"summary_large_image\" \/>\n<script type=\"application\/ld+json\" class=\"yoast-schema-graph\">{\"@context\":\"https:\/\/schema.org\",\"@graph\":[{\"@type\":\"WebPage\",\"@id\":\"https:\/\/www.horizont.fi\/product\/ilmakuva-keskusta-kerava-yhteishintaan-kuvat-nro-1-4\/\",\"url\":\"https:\/\/www.horizont.fi\/product\/ilmakuva-keskusta-kerava-yhteishintaan-kuvat-nro-1-4\/\",\"name\":\"Ilmakuva: KESKUSTA, Kerava | Yhteishintaan kuvat nro 1-4 - HORIZONT \u2013 Ilmakuvaus\",\"isPartOf\":{\"@id\":\"https:\/\/www.horizont.fi\/#website\"},\"primaryImageOfPage\":{\"@id\":\"https:\/\/www.horizont.fi\/product\/ilmakuva-keskusta-kerava-yhteishintaan-kuvat-nro-1-4\/#primaryimage\"},\"image\":{\"@id\":\"https:\/\/www.horizont.fi\/product\/ilmakuva-keskusta-kerava-yhteishintaan-kuvat-nro-1-4\/#primaryimage\"},\"thumbnailUrl\":\"https:\/\/www.horizont.fi\/horizont\/wp-content\/uploads\/2017\/06\/ostakaikkikuvat-3.jpg\",\"datePublished\":\"2018-01-03T18:42:59+00:00\",\"dateModified\":\"2019-11-30T13:58:43+00:00\",\"description\":\"Kuvaamme kauko-ohjattavilla kamerakoptereilla. Saat ammattitaidolla ja luotettavasti toteutetut videot ja ilmakuvat edullisesti joko suoraan kuvapankista tai tilaamalla kuvaajamme kohteeseesi.\",\"breadcrumb\":{\"@id\":\"https:\/\/www.horizont.fi\/product\/ilmakuva-keskusta-kerava-yhteishintaan-kuvat-nro-1-4\/#breadcrumb\"},\"inLanguage\":\"en-GB\",\"potentialAction\":[{\"@type\":\"ReadAction\",\"target\":[\"https:\/\/www.horizont.fi\/product\/ilmakuva-keskusta-kerava-yhteishintaan-kuvat-nro-1-4\/\"]}]},{\"@type\":\"ImageObject\",\"inLanguage\":\"en-GB\",\"@id\":\"https:\/\/www.horizont.fi\/product\/ilmakuva-keskusta-kerava-yhteishintaan-kuvat-nro-1-4\/#primaryimage\",\"url\":\"https:\/\/www.horizont.fi\/horizont\/wp-content\/uploads\/2017\/06\/ostakaikkikuvat-3.jpg\",\"contentUrl\":\"https:\/\/www.horizont.fi\/horizont\/wp-content\/uploads\/2017\/06\/ostakaikkikuvat-3.jpg\",\"width\":445,\"height\":554,\"caption\":\"ilmakuvia aerial photos\"},{\"@type\":\"BreadcrumbList\",\"@id\":\"https:\/\/www.horizont.fi\/product\/ilmakuva-keskusta-kerava-yhteishintaan-kuvat-nro-1-4\/#breadcrumb\",\"itemListElement\":[{\"@type\":\"ListItem\",\"position\":1,\"name\":\"Etusivu\",\"item\":\"https:\/\/www.horizont.fi\/\"},{\"@type\":\"ListItem\",\"position\":2,\"name\":\"KAUPPA\",\"item\":\"https:\/\/www.horizont.fi\/kauppa\/\"},{\"@type\":\"ListItem\",\"position\":3,\"name\":\"Ilmakuva: KESKUSTA, Kerava | Yhteishintaan kuvat nro 1-4\"}]},{\"@type\":\"WebSite\",\"@id\":\"https:\/\/www.horizont.fi\/#website\",\"url\":\"https:\/\/www.horizont.fi\/\",\"name\":\"HORIZONT \u2013 Ilmakuvaus\",\"description\":\"Lennokkaita kuvia ja videoita\",\"publisher\":{\"@id\":\"https:\/\/www.horizont.fi\/#organization\"},\"potentialAction\":[{\"@type\":\"SearchAction\",\"target\":{\"@type\":\"EntryPoint\",\"urlTemplate\":\"https:\/\/www.horizont.fi\/?s={search_term_string}\"},\"query-input\":\"required name=search_term_string\"}],\"inLanguage\":\"en-GB\"},{\"@type\":\"Organization\",\"@id\":\"https:\/\/www.horizont.fi\/#organization\",\"name\":\"Horizont - Ilmakuvat\",\"url\":\"https:\/\/www.horizont.fi\/\",\"logo\":{\"@type\":\"ImageObject\",\"inLanguage\":\"en-GB\",\"@id\":\"https:\/\/www.horizont.fi\/#\/schema\/logo\/image\/\",\"url\":\"https:\/\/www.horizont.fi\/horizont\/wp-content\/uploads\/2017\/02\/cropped-logo-horizont2-150.png\",\"contentUrl\":\"https:\/\/www.horizont.fi\/horizont\/wp-content\/uploads\/2017\/02\/cropped-logo-horizont2-150.png\",\"width\":136,\"height\":122,\"caption\":\"Horizont - Ilmakuvat\"},\"image\":{\"@id\":\"https:\/\/www.horizont.fi\/#\/schema\/logo\/image\/\"},\"sameAs\":[\"https:\/\/www.facebook.com\/Horizont.Aerial.Photographers\/\",\"https:\/\/www.instagram.com\/horizont.fi\/\",\"https:\/\/www.youtube.com\/channel\/UC_1M_GpRMYCa9dlvKBQdy-g\"]}]}<\/script>\n<!-- \/ Yoast SEO plugin. -->","yoast_head_json":{"title":"Ilmakuva: KESKUSTA, Kerava | Yhteishintaan kuvat nro 1-4 - HORIZONT \u2013 Ilmakuvaus","description":"Kuvaamme kauko-ohjattavilla kamerakoptereilla. Saat ammattitaidolla ja luotettavasti toteutetut videot ja ilmakuvat edullisesti joko suoraan kuvapankista tai tilaamalla kuvaajamme kohteeseesi.","robots":{"index":"index","follow":"follow","max-snippet":"max-snippet:-1","max-image-preview":"max-image-preview:large","max-video-preview":"max-video-preview:-1"},"canonical":"https:\/\/www.horizont.fi\/en\/product\/ilmakuva-keskusta-kerava-yhteishintaan-kuvat-nro-1-4\/","og_locale":"en_GB","og_type":"article","og_title":"Ilmakuva: KESKUSTA, Kerava | Yhteishintaan kuvat nro 1-4 - HORIZONT \u2013 Ilmakuvaus","og_description":"Kuvaamme kauko-ohjattavilla kamerakoptereilla. Saat ammattitaidolla ja luotettavasti toteutetut videot ja ilmakuvat edullisesti joko suoraan kuvapankista tai tilaamalla kuvaajamme kohteeseesi.","og_url":"https:\/\/www.horizont.fi\/en\/product\/ilmakuva-keskusta-kerava-yhteishintaan-kuvat-nro-1-4\/","og_site_name":"HORIZONT \u2013 Ilmakuvaus","article_publisher":"https:\/\/www.facebook.com\/Horizont.Aerial.Photographers\/","article_modified_time":"2019-11-30T13:58:43+00:00","og_image":[{"width":445,"height":554,"url":"https:\/\/www.horizont.fi\/horizont\/wp-content\/uploads\/2017\/06\/ostakaikkikuvat-3.jpg","type":"image\/jpeg"}],"twitter_card":"summary_large_image","schema":{"@context":"https:\/\/schema.org","@graph":[{"@type":"WebPage","@id":"https:\/\/www.horizont.fi\/product\/ilmakuva-keskusta-kerava-yhteishintaan-kuvat-nro-1-4\/","url":"https:\/\/www.horizont.fi\/product\/ilmakuva-keskusta-kerava-yhteishintaan-kuvat-nro-1-4\/","name":"Ilmakuva: KESKUSTA, Kerava | Yhteishintaan kuvat nro 1-4 - HORIZONT \u2013 Ilmakuvaus","isPartOf":{"@id":"https:\/\/www.horizont.fi\/#website"},"primaryImageOfPage":{"@id":"https:\/\/www.horizont.fi\/product\/ilmakuva-keskusta-kerava-yhteishintaan-kuvat-nro-1-4\/#primaryimage"},"image":{"@id":"https:\/\/www.horizont.fi\/product\/ilmakuva-keskusta-kerava-yhteishintaan-kuvat-nro-1-4\/#primaryimage"},"thumbnailUrl":"https:\/\/www.horizont.fi\/horizont\/wp-content\/uploads\/2017\/06\/ostakaikkikuvat-3.jpg","datePublished":"2018-01-03T18:42:59+00:00","dateModified":"2019-11-30T13:58:43+00:00","description":"Kuvaamme kauko-ohjattavilla kamerakoptereilla. Saat ammattitaidolla ja luotettavasti toteutetut videot ja ilmakuvat edullisesti joko suoraan kuvapankista tai tilaamalla kuvaajamme kohteeseesi.","breadcrumb":{"@id":"https:\/\/www.horizont.fi\/product\/ilmakuva-keskusta-kerava-yhteishintaan-kuvat-nro-1-4\/#breadcrumb"},"inLanguage":"en-GB","potentialAction":[{"@type":"ReadAction","target":["https:\/\/www.horizont.fi\/product\/ilmakuva-keskusta-kerava-yhteishintaan-kuvat-nro-1-4\/"]}]},{"@type":"ImageObject","inLanguage":"en-GB","@id":"https:\/\/www.horizont.fi\/product\/ilmakuva-keskusta-kerava-yhteishintaan-kuvat-nro-1-4\/#primaryimage","url":"https:\/\/www.horizont.fi\/horizont\/wp-content\/uploads\/2017\/06\/ostakaikkikuvat-3.jpg","contentUrl":"https:\/\/www.horizont.fi\/horizont\/wp-content\/uploads\/2017\/06\/ostakaikkikuvat-3.jpg","width":445,"height":554,"caption":"ilmakuvia aerial photos"},{"@type":"BreadcrumbList","@id":"https:\/\/www.horizont.fi\/product\/ilmakuva-keskusta-kerava-yhteishintaan-kuvat-nro-1-4\/#breadcrumb","itemListElement":[{"@type":"ListItem","position":1,"name":"Etusivu","item":"https:\/\/www.horizont.fi\/"},{"@type":"ListItem","position":2,"name":"KAUPPA","item":"https:\/\/www.horizont.fi\/kauppa\/"},{"@type":"ListItem","position":3,"name":"Ilmakuva: KESKUSTA, Kerava | Yhteishintaan kuvat nro 1-4"}]},{"@type":"WebSite","@id":"https:\/\/www.horizont.fi\/#website","url":"https:\/\/www.horizont.fi\/","name":"HORIZONT \u2013 Ilmakuvaus","description":"Lennokkaita kuvia ja videoita","publisher":{"@id":"https:\/\/www.horizont.fi\/#organization"},"potentialAction":[{"@type":"SearchAction","target":{"@type":"EntryPoint","urlTemplate":"https:\/\/www.horizont.fi\/?s={search_term_string}"},"query-input":"required name=search_term_string"}],"inLanguage":"en-GB"},{"@type":"Organization","@id":"https:\/\/www.horizont.fi\/#organization","name":"Horizont - Ilmakuvat","url":"https:\/\/www.horizont.fi\/","logo":{"@type":"ImageObject","inLanguage":"en-GB","@id":"https:\/\/www.horizont.fi\/#\/schema\/logo\/image\/","url":"https:\/\/www.horizont.fi\/horizont\/wp-content\/uploads\/2017\/02\/cropped-logo-horizont2-150.png","contentUrl":"https:\/\/www.horizont.fi\/horizont\/wp-content\/uploads\/2017\/02\/cropped-logo-horizont2-150.png","width":136,"height":122,"caption":"Horizont - Ilmakuvat"},"image":{"@id":"https:\/\/www.horizont.fi\/#\/schema\/logo\/image\/"},"sameAs":["https:\/\/www.facebook.com\/Horizont.Aerial.Photographers\/","https:\/\/www.instagram.com\/horizont.fi\/","https:\/\/www.youtube.com\/channel\/UC_1M_GpRMYCa9dlvKBQdy-g"]}]}},"_links":{"self":[{"href":"https:\/\/www.horizont.fi\/en\/wp-json\/wp\/v2\/product\/7389"}],"collection":[{"href":"https:\/\/www.horizont.fi\/en\/wp-json\/wp\/v2\/product"}],"about":[{"href":"https:\/\/www.horizont.fi\/en\/wp-json\/wp\/v2\/types\/product"}],"replies":[{"embeddable":true,"href":"https:\/\/www.horizont.fi\/en\/wp-json\/wp\/v2\/comments?post=7389"}],"wp:featuredmedia":[{"embeddable":true,"href":"https:\/\/www.horizont.fi\/en\/wp-json\/wp\/v2\/media\/4462"}],"wp:attachment":[{"href":"https:\/\/www.horizont.fi\/en\/wp-json\/wp\/v2\/media?parent=7389"}],"wp:term":[{"taxonomy":"product_cat","embeddable":true,"href":"https:\/\/www.horizont.fi\/en\/wp-json\/wp\/v2\/product_cat?post=7389"},{"taxonomy":"product_tag","embeddable":true,"href":"https:\/\/www.horizont.fi\/en\/wp-json\/wp\/v2\/product_tag?post=7389"}],"curies":[{"name":"wp","href":"https:\/\/api.w.org\/{rel}","templated":true}]}}