{"id":8394,"date":"2018-08-20T19:40:02","date_gmt":"2018-08-20T16:40:02","guid":{"rendered":"http:\/\/www.horizont.fi\/?post_type=product&#038;p=8394"},"modified":"2019-11-30T15:44:40","modified_gmt":"2019-11-30T13:44:40","slug":"tapiolan-urheilupuisto-kuva-nro-2-espoo-8-2018","status":"publish","type":"product","link":"https:\/\/www.horizont.fi\/en\/product\/tapiolan-urheilupuisto-kuva-nro-2-espoo-8-2018\/","title":{"rendered":"TAPIOLAN URHEILUPUISTO, kuva nro 2 \u2013 Espoo, 8\/2018"},"content":{"rendered":"","protected":false},"excerpt":{"rendered":"<p><em><span style=\"color: #ff0000;\">N\u00e4et myyt\u00e4v\u00e4n kuvan koko laajuudessaan klikkaamalla kuvan suurennuslasia.<\/span><\/em><\/p>\n<p>Espoon Niittykummussa sijaitsevan Tapiolan urheilupuiston n\u00e4kym\u00e4\u00e4 hallitsee iso, kuplan muotoinen, Esport monitoimihalli, josta l\u00f6ytyy mm. 800m pitk\u00e4 sis\u00e4juoksurata. Urheilupuistossa on my\u00f6s 7000 katsojan j\u00e4\u00e4halli ja sis\u00e4hallit koripallolle ja salibandylle sek\u00e4 lukuisia ulkokentti\u00e4 jalkapallolle. Nyky\u00e4\u00e4n alueelle p\u00e4\u00e4see metrolla kun Urheilupuiston asema aukaistiin v. 2017.<\/p>\n<p>Kuvaaja: Ari Lepist\u00f6<\/p>\n<p><em>\u00a0<\/em><em>Hankit kuvaan yksinoikeuden lis\u00e4\u00e4m\u00e4ll\u00e4 sit\u00e4 2 kpl ostoskoriin. Yksinoikeuskuvan hinta on 2 x normaalihinta.<\/em><\/p>","protected":false},"featured_media":9682,"comment_status":"closed","ping_status":"closed","template":"","meta":{"_monsterinsights_skip_tracking":false,"_monsterinsights_sitenote_active":false,"_monsterinsights_sitenote_note":"","_monsterinsights_sitenote_category":0},"product_cat":[1498],"product_tag":[],"yoast_head":"<!-- This site is optimized with the Yoast SEO plugin v22.6 - https:\/\/yoast.com\/wordpress\/plugins\/seo\/ -->\n<title>TAPIOLAN URHEILUPUISTO, kuva nro 2 \u2013 Espoo, 8\/2018 - HORIZONT \u2013 Ilmakuvaus<\/title>\n<meta name=\"description\" content=\"Kuvaamme kauko-ohjattavilla kamerakoptereilla. Saat ammattitaidolla ja luotettavasti toteutetut videot ja ilmakuvat edullisesti joko suoraan kuvapankista tai tilaamalla kuvaajamme kohteeseesi.\" \/>\n<meta name=\"robots\" content=\"index, follow, max-snippet:-1, max-image-preview:large, max-video-preview:-1\" \/>\n<link rel=\"canonical\" href=\"https:\/\/www.horizont.fi\/en\/product\/tapiolan-urheilupuisto-kuva-nro-2-espoo-8-2018\/\" \/>\n<meta property=\"og:locale\" content=\"en_GB\" \/>\n<meta property=\"og:type\" content=\"article\" \/>\n<meta property=\"og:title\" content=\"TAPIOLAN URHEILUPUISTO, kuva nro 2 \u2013 Espoo, 8\/2018 - HORIZONT \u2013 Ilmakuvaus\" \/>\n<meta property=\"og:description\" content=\"Kuvaamme kauko-ohjattavilla kamerakoptereilla. Saat ammattitaidolla ja luotettavasti toteutetut videot ja ilmakuvat edullisesti joko suoraan kuvapankista tai tilaamalla kuvaajamme kohteeseesi.\" \/>\n<meta property=\"og:url\" content=\"https:\/\/www.horizont.fi\/en\/product\/tapiolan-urheilupuisto-kuva-nro-2-espoo-8-2018\/\" \/>\n<meta property=\"og:site_name\" content=\"HORIZONT \u2013 Ilmakuvaus\" \/>\n<meta property=\"article:publisher\" content=\"https:\/\/www.facebook.com\/Horizont.Aerial.Photographers\/\" \/>\n<meta property=\"article:modified_time\" content=\"2019-11-30T13:44:40+00:00\" \/>\n<meta property=\"og:image\" content=\"https:\/\/www.horizont.fi\/horizont\/wp-content\/uploads\/2019\/02\/resized-horizont.fi-tapiolan-urheilualue-4.jpg\" \/>\n\t<meta property=\"og:image:width\" content=\"986\" \/>\n\t<meta property=\"og:image:height\" content=\"692\" \/>\n\t<meta property=\"og:image:type\" content=\"image\/jpeg\" \/>\n<meta name=\"twitter:card\" content=\"summary_large_image\" \/>\n<script type=\"application\/ld+json\" class=\"yoast-schema-graph\">{\"@context\":\"https:\/\/schema.org\",\"@graph\":[{\"@type\":\"WebPage\",\"@id\":\"https:\/\/www.horizont.fi\/product\/tapiolan-urheilupuisto-kuva-nro-2-espoo-8-2018\/\",\"url\":\"https:\/\/www.horizont.fi\/product\/tapiolan-urheilupuisto-kuva-nro-2-espoo-8-2018\/\",\"name\":\"TAPIOLAN URHEILUPUISTO, kuva nro 2 \u2013 Espoo, 8\/2018 - HORIZONT \u2013 Ilmakuvaus\",\"isPartOf\":{\"@id\":\"https:\/\/www.horizont.fi\/#website\"},\"primaryImageOfPage\":{\"@id\":\"https:\/\/www.horizont.fi\/product\/tapiolan-urheilupuisto-kuva-nro-2-espoo-8-2018\/#primaryimage\"},\"image\":{\"@id\":\"https:\/\/www.horizont.fi\/product\/tapiolan-urheilupuisto-kuva-nro-2-espoo-8-2018\/#primaryimage\"},\"thumbnailUrl\":\"https:\/\/www.horizont.fi\/horizont\/wp-content\/uploads\/2019\/02\/resized-horizont.fi-tapiolan-urheilualue-4.jpg\",\"datePublished\":\"2018-08-20T16:40:02+00:00\",\"dateModified\":\"2019-11-30T13:44:40+00:00\",\"description\":\"Kuvaamme kauko-ohjattavilla kamerakoptereilla. Saat ammattitaidolla ja luotettavasti toteutetut videot ja ilmakuvat edullisesti joko suoraan kuvapankista tai tilaamalla kuvaajamme kohteeseesi.\",\"breadcrumb\":{\"@id\":\"https:\/\/www.horizont.fi\/product\/tapiolan-urheilupuisto-kuva-nro-2-espoo-8-2018\/#breadcrumb\"},\"inLanguage\":\"en-GB\",\"potentialAction\":[{\"@type\":\"ReadAction\",\"target\":[\"https:\/\/www.horizont.fi\/product\/tapiolan-urheilupuisto-kuva-nro-2-espoo-8-2018\/\"]}]},{\"@type\":\"ImageObject\",\"inLanguage\":\"en-GB\",\"@id\":\"https:\/\/www.horizont.fi\/product\/tapiolan-urheilupuisto-kuva-nro-2-espoo-8-2018\/#primaryimage\",\"url\":\"https:\/\/www.horizont.fi\/horizont\/wp-content\/uploads\/2019\/02\/resized-horizont.fi-tapiolan-urheilualue-4.jpg\",\"contentUrl\":\"https:\/\/www.horizont.fi\/horizont\/wp-content\/uploads\/2019\/02\/resized-horizont.fi-tapiolan-urheilualue-4.jpg\",\"width\":986,\"height\":692,\"caption\":\"ilmakuvausta\"},{\"@type\":\"BreadcrumbList\",\"@id\":\"https:\/\/www.horizont.fi\/product\/tapiolan-urheilupuisto-kuva-nro-2-espoo-8-2018\/#breadcrumb\",\"itemListElement\":[{\"@type\":\"ListItem\",\"position\":1,\"name\":\"Etusivu\",\"item\":\"https:\/\/www.horizont.fi\/\"},{\"@type\":\"ListItem\",\"position\":2,\"name\":\"KAUPPA\",\"item\":\"https:\/\/www.horizont.fi\/kauppa\/\"},{\"@type\":\"ListItem\",\"position\":3,\"name\":\"TAPIOLAN URHEILUPUISTO, kuva nro 2 \u2013 Espoo, 8\/2018\"}]},{\"@type\":\"WebSite\",\"@id\":\"https:\/\/www.horizont.fi\/#website\",\"url\":\"https:\/\/www.horizont.fi\/\",\"name\":\"HORIZONT \u2013 Ilmakuvaus\",\"description\":\"Lennokkaita kuvia ja videoita\",\"publisher\":{\"@id\":\"https:\/\/www.horizont.fi\/#organization\"},\"potentialAction\":[{\"@type\":\"SearchAction\",\"target\":{\"@type\":\"EntryPoint\",\"urlTemplate\":\"https:\/\/www.horizont.fi\/?s={search_term_string}\"},\"query-input\":\"required name=search_term_string\"}],\"inLanguage\":\"en-GB\"},{\"@type\":\"Organization\",\"@id\":\"https:\/\/www.horizont.fi\/#organization\",\"name\":\"Horizont - Ilmakuvat\",\"url\":\"https:\/\/www.horizont.fi\/\",\"logo\":{\"@type\":\"ImageObject\",\"inLanguage\":\"en-GB\",\"@id\":\"https:\/\/www.horizont.fi\/#\/schema\/logo\/image\/\",\"url\":\"https:\/\/www.horizont.fi\/horizont\/wp-content\/uploads\/2017\/02\/cropped-logo-horizont2-150.png\",\"contentUrl\":\"https:\/\/www.horizont.fi\/horizont\/wp-content\/uploads\/2017\/02\/cropped-logo-horizont2-150.png\",\"width\":136,\"height\":122,\"caption\":\"Horizont - Ilmakuvat\"},\"image\":{\"@id\":\"https:\/\/www.horizont.fi\/#\/schema\/logo\/image\/\"},\"sameAs\":[\"https:\/\/www.facebook.com\/Horizont.Aerial.Photographers\/\",\"https:\/\/www.instagram.com\/horizont.fi\/\",\"https:\/\/www.youtube.com\/channel\/UC_1M_GpRMYCa9dlvKBQdy-g\"]}]}<\/script>\n<!-- \/ Yoast SEO plugin. -->","yoast_head_json":{"title":"TAPIOLAN URHEILUPUISTO, kuva nro 2 \u2013 Espoo, 8\/2018 - HORIZONT \u2013 Ilmakuvaus","description":"Kuvaamme kauko-ohjattavilla kamerakoptereilla. Saat ammattitaidolla ja luotettavasti toteutetut videot ja ilmakuvat edullisesti joko suoraan kuvapankista tai tilaamalla kuvaajamme kohteeseesi.","robots":{"index":"index","follow":"follow","max-snippet":"max-snippet:-1","max-image-preview":"max-image-preview:large","max-video-preview":"max-video-preview:-1"},"canonical":"https:\/\/www.horizont.fi\/en\/product\/tapiolan-urheilupuisto-kuva-nro-2-espoo-8-2018\/","og_locale":"en_GB","og_type":"article","og_title":"TAPIOLAN URHEILUPUISTO, kuva nro 2 \u2013 Espoo, 8\/2018 - HORIZONT \u2013 Ilmakuvaus","og_description":"Kuvaamme kauko-ohjattavilla kamerakoptereilla. Saat ammattitaidolla ja luotettavasti toteutetut videot ja ilmakuvat edullisesti joko suoraan kuvapankista tai tilaamalla kuvaajamme kohteeseesi.","og_url":"https:\/\/www.horizont.fi\/en\/product\/tapiolan-urheilupuisto-kuva-nro-2-espoo-8-2018\/","og_site_name":"HORIZONT \u2013 Ilmakuvaus","article_publisher":"https:\/\/www.facebook.com\/Horizont.Aerial.Photographers\/","article_modified_time":"2019-11-30T13:44:40+00:00","og_image":[{"width":986,"height":692,"url":"https:\/\/www.horizont.fi\/horizont\/wp-content\/uploads\/2019\/02\/resized-horizont.fi-tapiolan-urheilualue-4.jpg","type":"image\/jpeg"}],"twitter_card":"summary_large_image","schema":{"@context":"https:\/\/schema.org","@graph":[{"@type":"WebPage","@id":"https:\/\/www.horizont.fi\/product\/tapiolan-urheilupuisto-kuva-nro-2-espoo-8-2018\/","url":"https:\/\/www.horizont.fi\/product\/tapiolan-urheilupuisto-kuva-nro-2-espoo-8-2018\/","name":"TAPIOLAN URHEILUPUISTO, kuva nro 2 \u2013 Espoo, 8\/2018 - HORIZONT \u2013 Ilmakuvaus","isPartOf":{"@id":"https:\/\/www.horizont.fi\/#website"},"primaryImageOfPage":{"@id":"https:\/\/www.horizont.fi\/product\/tapiolan-urheilupuisto-kuva-nro-2-espoo-8-2018\/#primaryimage"},"image":{"@id":"https:\/\/www.horizont.fi\/product\/tapiolan-urheilupuisto-kuva-nro-2-espoo-8-2018\/#primaryimage"},"thumbnailUrl":"https:\/\/www.horizont.fi\/horizont\/wp-content\/uploads\/2019\/02\/resized-horizont.fi-tapiolan-urheilualue-4.jpg","datePublished":"2018-08-20T16:40:02+00:00","dateModified":"2019-11-30T13:44:40+00:00","description":"Kuvaamme kauko-ohjattavilla kamerakoptereilla. Saat ammattitaidolla ja luotettavasti toteutetut videot ja ilmakuvat edullisesti joko suoraan kuvapankista tai tilaamalla kuvaajamme kohteeseesi.","breadcrumb":{"@id":"https:\/\/www.horizont.fi\/product\/tapiolan-urheilupuisto-kuva-nro-2-espoo-8-2018\/#breadcrumb"},"inLanguage":"en-GB","potentialAction":[{"@type":"ReadAction","target":["https:\/\/www.horizont.fi\/product\/tapiolan-urheilupuisto-kuva-nro-2-espoo-8-2018\/"]}]},{"@type":"ImageObject","inLanguage":"en-GB","@id":"https:\/\/www.horizont.fi\/product\/tapiolan-urheilupuisto-kuva-nro-2-espoo-8-2018\/#primaryimage","url":"https:\/\/www.horizont.fi\/horizont\/wp-content\/uploads\/2019\/02\/resized-horizont.fi-tapiolan-urheilualue-4.jpg","contentUrl":"https:\/\/www.horizont.fi\/horizont\/wp-content\/uploads\/2019\/02\/resized-horizont.fi-tapiolan-urheilualue-4.jpg","width":986,"height":692,"caption":"ilmakuvausta"},{"@type":"BreadcrumbList","@id":"https:\/\/www.horizont.fi\/product\/tapiolan-urheilupuisto-kuva-nro-2-espoo-8-2018\/#breadcrumb","itemListElement":[{"@type":"ListItem","position":1,"name":"Etusivu","item":"https:\/\/www.horizont.fi\/"},{"@type":"ListItem","position":2,"name":"KAUPPA","item":"https:\/\/www.horizont.fi\/kauppa\/"},{"@type":"ListItem","position":3,"name":"TAPIOLAN URHEILUPUISTO, kuva nro 2 \u2013 Espoo, 8\/2018"}]},{"@type":"WebSite","@id":"https:\/\/www.horizont.fi\/#website","url":"https:\/\/www.horizont.fi\/","name":"HORIZONT \u2013 Ilmakuvaus","description":"Lennokkaita kuvia ja videoita","publisher":{"@id":"https:\/\/www.horizont.fi\/#organization"},"potentialAction":[{"@type":"SearchAction","target":{"@type":"EntryPoint","urlTemplate":"https:\/\/www.horizont.fi\/?s={search_term_string}"},"query-input":"required name=search_term_string"}],"inLanguage":"en-GB"},{"@type":"Organization","@id":"https:\/\/www.horizont.fi\/#organization","name":"Horizont - Ilmakuvat","url":"https:\/\/www.horizont.fi\/","logo":{"@type":"ImageObject","inLanguage":"en-GB","@id":"https:\/\/www.horizont.fi\/#\/schema\/logo\/image\/","url":"https:\/\/www.horizont.fi\/horizont\/wp-content\/uploads\/2017\/02\/cropped-logo-horizont2-150.png","contentUrl":"https:\/\/www.horizont.fi\/horizont\/wp-content\/uploads\/2017\/02\/cropped-logo-horizont2-150.png","width":136,"height":122,"caption":"Horizont - Ilmakuvat"},"image":{"@id":"https:\/\/www.horizont.fi\/#\/schema\/logo\/image\/"},"sameAs":["https:\/\/www.facebook.com\/Horizont.Aerial.Photographers\/","https:\/\/www.instagram.com\/horizont.fi\/","https:\/\/www.youtube.com\/channel\/UC_1M_GpRMYCa9dlvKBQdy-g"]}]}},"_links":{"self":[{"href":"https:\/\/www.horizont.fi\/en\/wp-json\/wp\/v2\/product\/8394"}],"collection":[{"href":"https:\/\/www.horizont.fi\/en\/wp-json\/wp\/v2\/product"}],"about":[{"href":"https:\/\/www.horizont.fi\/en\/wp-json\/wp\/v2\/types\/product"}],"replies":[{"embeddable":true,"href":"https:\/\/www.horizont.fi\/en\/wp-json\/wp\/v2\/comments?post=8394"}],"wp:featuredmedia":[{"embeddable":true,"href":"https:\/\/www.horizont.fi\/en\/wp-json\/wp\/v2\/media\/9682"}],"wp:attachment":[{"href":"https:\/\/www.horizont.fi\/en\/wp-json\/wp\/v2\/media?parent=8394"}],"wp:term":[{"taxonomy":"product_cat","embeddable":true,"href":"https:\/\/www.horizont.fi\/en\/wp-json\/wp\/v2\/product_cat?post=8394"},{"taxonomy":"product_tag","embeddable":true,"href":"https:\/\/www.horizont.fi\/en\/wp-json\/wp\/v2\/product_tag?post=8394"}],"curies":[{"name":"wp","href":"https:\/\/api.w.org\/{rel}","templated":true}]}}